{"id":17013,"date":"2017-03-13T14:12:44","date_gmt":"2017-03-13T14:12:44","guid":{"rendered":"http:\/\/www.puertasalvarez.com\/website\/?page_id=17013\/"},"modified":"2018-08-13T07:12:04","modified_gmt":"2018-08-13T07:12:04","slug":"impressum","status":"publish","type":"page","link":"https:\/\/www.puertasalvarez.com\/website\/de\/impressum\/","title":{"rendered":"IMPRESSUM"},"content":{"rendered":"<p>[vc_row css_animation=&#8220;&#8220; row_type=&#8220;row&#8220; use_row_as_full_screen_section=&#8220;no&#8220; type=&#8220;full_width&#8220; angled_section=&#8220;no&#8220; text_align=&#8220;left&#8220; background_image_as_pattern=&#8220;without_pattern&#8220; css=&#8220;.vc_custom_1488998346421{padding-top: 60px !important;padding-right: 150px !important;padding-bottom: 150px !important;padding-left: 150px !important;background-color: #ffffff !important;}&#8220;][vc_column][vc_column_text]<strong><span class=\" bold_verde\">Eigentum<\/span><\/strong><\/p>\n<p>IDENTIFIKATIONSDATEN:<\/p>\n<p><em>Domain name:\u00a0<a href=\"http:\/\/www.puertasalvarez.com\/\" data-saferedirecturl=\"https:\/\/www.google.com\/url?q=http:\/\/www.puertasalvarez.com&amp;source=gmail&amp;ust=1534228106676000&amp;usg=AFQjCNH_kQjSu-WCVZTu_mhIFFdl5DgN6w\">www.puertasalvarez.com<\/a><\/em><\/p>\n<p><em>Handelsname: PUERTAS ALVAREZ, S.L.<\/em><\/p>\n<p><em>Firmenname: PUERTAS \u00c1LVAREZ, S.L.<\/em><\/p>\n<p><em>NIF: B12490702<\/em><\/p>\n<p><em>Sitz: AVDA. MEDITARRANEO 3 , 12400 SEGORBE (CASTELL\u00d3N)<\/em><\/p>\n<p><em>Telefon: 964710326<\/em><\/p>\n<p><em>E-Mail:\u00a0<a href=\"mailto:maribel@puertasalvarez.com\">maribel@puertasalvarez.com<\/a><\/em><\/p>\n<p><em>Registriert in der Registratur (Mercantile \/ Public): Handelsregister von CASTELL\u00d3N, TOMO 947, BUCH 512, FOLIO 57, ABSCHNITT 8, BLATT CS-14247, REGISTRIERUNG 10.<\/em><\/p>\n<p>&nbsp;<\/p>\n<p>In Erf\u00fcllung der Informationspflicht gem\u00e4\u00df Artikel 10 des Gesetzes 34\/2002 vom 11. Juli \u00fcber die Dienste der Informationsgesellschaft und den Elektronischen Handel werden nahstehend folgende Daten angegeben: puertasalvarez.com ist die Internet-Domain von PUERTAS ALVAREZ S.L.[\/vc_column_text][vc_column_text css=&#8220;.vc_custom_1489414201745{margin-top: 20px !important;}&#8220;]PUERTAS ALVAREZ S.L. ist Inhaber s\u00e4mtlicher Rechte am geistigen und gewerblichen Eigentum dieser Website sowie der auf ihr enthaltenen Inhalte (einschlie\u00dflich Abbildungen, Fotografien, Tonaufnahmen, Videoaufnahmen, Software und Texten; Marken und Logotypen, Farb-, Aufmachungs- und Designkombinationen usw.).[\/vc_column_text][vc_column_text css=&#8220;.vc_custom_1489414230195{margin-top: 20px !important;}&#8220;]<strong><span class=\" bold_verde\">Nutzungsbedingungen<\/span><\/strong><\/p>\n<p>Als Nutzer gilt jeder, der auf diese Website zugreift und diese benutzt. Die Nutzung der Website setzt die vollst\u00e4ndige Annahme der hier aufgef\u00fchrten Bedingungen sowie der besonderen Bedingungen voraus, die f\u00fcr bestimmte Dienste und Anwendungen eventuell festgelegt werden. Die Nutzer verpflichten sich, die genannten Bedingungen sowie die gesetzlichen Vorschriften und Anweisungen oder Hinweise, von denen sie Kenntnis erlangen, zu beachten.[\/vc_column_text][vc_column_text css=&#8220;.vc_custom_1489414249968{margin-top: 20px !important;}&#8220;]Der Nutzer wird informiert, dass der Zugriff auf diese Website in keinem Fall den Beginn einer Gesch\u00e4ftsbeziehung mit PUERTAS ALVAREZ S.L. darstellt, was er hiermit annimmt.[\/vc_column_text][vc_column_text css=&#8220;.vc_custom_1489414262639{margin-top: 20px !important;}&#8220;]Die Beziehungen zwischen PUERTAS ALVAREZ S.L. und den Nutzern der telematischen Dienste, die auf dieser Website enthalten sind, unterliegen der spanischen Gesetzgebung und Rechtsprechung.[\/vc_column_text][vc_column_text css=&#8220;.vc_custom_1489414279800{margin-top: 20px !important;}&#8220;]Ist die Verwendung eines Passwortes oder Benutzernamens f\u00fcr den Zugriff auf bestimmte Inhalte oder Dienste dieser Website erforderlich, dann ist der Nutzer verpflichtet, diese geheim zu halten und sie gewissenhaft zu benutzen. Im Falle des Verlusts oder der nachl\u00e4ssigen Verwendung des Passworts haftet der Nutzer f\u00fcr den Gebrauch, den dritte Personen eventuell davon gemacht haben.[\/vc_column_text][vc_column_text css=&#8220;.vc_custom_1489414296514{margin-top: 20px !important;}&#8220;]Die Rechte am geistigen Eigentum des Inhalts der Website, ihrem grafischen Design und den Codes sind Eigentum von PUERTAS ALVAREZ S.L. Kraft der Bestimmungen der Artikel 8 und 32.1, Absatz 2, des Gesetzes \u00fcber das Geistige Eigentum sind die Vervielf\u00e4ltigung, die Verbreitung und die Ver\u00f6ffentlichung der Inhalte der Website im Ganzen bzw. teilweise ohne die Genehmigung von PUERTAS ALVAREZ S.L. ausdr\u00fccklich untersagt; dies gilt ebenso f\u00fcr die Bereitstellung der Inhalte dieser Website auf jeglichem Weg und \u00fcber jegliches technische Mittel zu kommerziellen Zwecken. Der Nutzer verpflichtet sich, die Rechte am geistigen und gewerblichen Eigentum von PUERTAS ALVAREZ S.L. zu beachten.[\/vc_column_text][vc_column_text css=&#8220;.vc_custom_1489414312994{margin-top: 20px !important;}&#8220;]S\u00e4mtliche Verlinkungen Dritter auf die Website m\u00fcssen auf die Hauptseite erfolgen; \u00abDeep Links\u00bb und \u00abFraming\u00bb sowie jegliche andere Nutzung der Webinhalte zugunsten unberechtigter Dritter sind ausdr\u00fccklich untersagt.[\/vc_column_text][vc_column_text css=&#8220;.vc_custom_1489414335267{margin-top: 20px !important;}&#8220;]PUERTAS ALVAREZ S.L. beh\u00e4lt sich das Recht vor, \u00c4nderungen und Aktualisierungen der auf der Website enthaltenen Informationen, ihrer Konfiguration und Aufmachung sowie der Zugriffsbedingungen jederzeit und ohne vorherige Ank\u00fcndigung vorzunehmen.[\/vc_column_text][vc_column_text css=&#8220;.vc_custom_1489414348559{margin-top: 20px !important;}&#8220;]PUERTAS ALVAREZ S.L. kann das Nichtauftreten von Unterbrechungen oder Fehlern beim Zugriff auf die Website oder ihre Inhalte sowie die Aktualisierung der Website nicht gew\u00e4hrleisten. PUERTAS ALVAREZ S.L. nimmt die Arbeiten f\u00fcr die Beseitigung von Fehlern, die Wiederherstellung der Verbindung und die Aktualisierung der Inhalte vor, sobald es von den Fehlern, Verbindungsfehlern oder der mangelnden Aktualisierung Kenntnis erlangt und sofern keine Gr\u00fcnde vorliegen, welche die Ausf\u00fchrung der Arbeiten unm\u00f6glich machen oder erschweren.[\/vc_column_text][vc_column_text css=&#8220;.vc_custom_1489414361454{margin-top: 20px !important;}&#8220;]Sowohl der Zugriff auf die Website als auch die eventuelle unberechtigte Nutzung der auf ihr enthaltenen Informationen unterliegt der ausschlie\u00dflichen Haftung der zugreifenden bzw. nutzenden Person. PUERTAS ALVAREZ S.L. haftet nicht f\u00fcr Folgen oder Sch\u00e4den, die sich aus dem Zugriff oder der Nutzung ergeben k\u00f6nnen. PUERTAS ALVAREZ S.L. haftet nicht f\u00fcr eventuelle Sicherheitsfehler oder Sch\u00e4den am Computersystem des Nutzers bzw. an den dort gespeicherten Dateien und Dokumenten (Hardware und Software).[\/vc_column_text][\/vc_column][\/vc_row]<\/p>\n","protected":false},"excerpt":{"rendered":"<p>[vc_row css_animation=&#8220;&#8220; row_type=&#8220;row&#8220; use_row_as_full_screen_section=&#8220;no&#8220; type=&#8220;full_width&#8220; angled_section=&#8220;no&#8220; text_align=&#8220;left&#8220; background_image_as_pattern=&#8220;without_pattern&#8220; css=&#8220;.vc_custom_1488998346421{padding-top: 60px !important;padding-right: 150px !important;padding-bottom: 150px !important;padding-left: 150px !important;background-color: #ffffff !important;}&#8220;][vc_column][vc_column_text]Eigentum IDENTIFIKATIONSDATEN: Domain name:\u00a0www.puertasalvarez.com Handelsname: PUERTAS ALVAREZ, S.L. Firmenname: PUERTAS \u00c1LVAREZ, S.L. NIF: B12490702 Sitz: AVDA. MEDITARRANEO 3 , 12400 SEGORBE (CASTELL\u00d3N) Telefon: 964710326 E-Mail:\u00a0maribel@puertasalvarez.com Registriert in&#8230;<\/p>\n","protected":false},"author":1,"featured_media":0,"parent":0,"menu_order":0,"comment_status":"closed","ping_status":"closed","template":"full_width.php","meta":{"footnotes":""},"_links":{"self":[{"href":"https:\/\/www.puertasalvarez.com\/website\/de\/wp-json\/wp\/v2\/pages\/17013"}],"collection":[{"href":"https:\/\/www.puertasalvarez.com\/website\/de\/wp-json\/wp\/v2\/pages"}],"about":[{"href":"https:\/\/www.puertasalvarez.com\/website\/de\/wp-json\/wp\/v2\/types\/page"}],"author":[{"embeddable":true,"href":"https:\/\/www.puertasalvarez.com\/website\/de\/wp-json\/wp\/v2\/users\/1"}],"replies":[{"embeddable":true,"href":"https:\/\/www.puertasalvarez.com\/website\/de\/wp-json\/wp\/v2\/comments?post=17013"}],"version-history":[{"count":3,"href":"https:\/\/www.puertasalvarez.com\/website\/de\/wp-json\/wp\/v2\/pages\/17013\/revisions"}],"predecessor-version":[{"id":17775,"href":"https:\/\/www.puertasalvarez.com\/website\/de\/wp-json\/wp\/v2\/pages\/17013\/revisions\/17775"}],"wp:attachment":[{"href":"https:\/\/www.puertasalvarez.com\/website\/de\/wp-json\/wp\/v2\/media?parent=17013"}],"curies":[{"name":"wp","href":"https:\/\/api.w.org\/{rel}","templated":true}]}}