{"id":17494,"date":"2017-08-08T11:10:36","date_gmt":"2017-08-08T11:10:36","guid":{"rendered":"http:\/\/www.puertasalvarez.com\/website\/?page_id=17494\/"},"modified":"2021-05-18T15:29:27","modified_gmt":"2021-05-18T15:29:27","slug":"zulassungen-2","status":"publish","type":"page","link":"https:\/\/www.puertasalvarez.com\/website\/de\/zulassungen-2\/","title":{"rendered":"ZULASSUNGEN"},"content":{"rendered":"<p>[vc_row css_animation=&#8220;&#8220; row_type=&#8220;row&#8220; use_row_as_full_screen_section=&#8220;no&#8220; type=&#8220;full_width&#8220; angled_section=&#8220;no&#8220; text_align=&#8220;left&#8220; background_image_as_pattern=&#8220;without_pattern&#8220; css=&#8220;.vc_custom_1488954562070{background-color: #ffffff !important;}&#8220;][vc_column width=&#8220;1\/2&#8243; css=&#8220;.vc_custom_1489142051124{margin-right: 0px !important;padding-right: 0px !important;}&#8220;][vc_single_image image=&#8220;16976&#8243; img_size=&#8220;full&#8220; qode_css_animation=&#8220;&#8220;][\/vc_column][vc_column width=&#8220;1\/2&#8243; css=&#8220;.vc_custom_1489141535759{padding-top: 50px !important;padding-right: 80px !important;padding-bottom: 50px !important;padding-left: 50px !important;}&#8220;][vc_column_text]<\/p>\n<h1>QUALIT\u00c4T IST UNSER ENGAGEMENT<\/h1>\n<p>[\/vc_column_text][vc_separator type=&#8220;small&#8220; position=&#8220;left&#8220; thickness=&#8220;1&#8243; width=&#8220;280&#8243;][vc_column_text]<\/p>\n<p style=\"text-align: left;\">Seit seiner Gr\u00fcndung hat Puertas Alvarez ein festes Engagement f\u00fcr die Qualit\u00e4t seiner Produkte erworben hat, aus diesem Grunde heute das Material bei der Herstellung von Folie verwendet und unsere T\u00fcren umrahmen, erf\u00fcllt die UNE EN-10204, 3,16 EUR.<\/p>\n<p>[\/vc_column_text][vc_column_text css=&#8220;.vc_custom_1502190478711{margin-top: 20px !important;}&#8220;]<\/p>\n<p style=\"text-align: left;\">Um die Produkte von h\u00f6chster Qualit\u00e4t zu einem Markt zunehmend wettbewerbsorientierten und anspruchs zu schaffen, m\u00fcssen wir bis ins kleinste Detail k\u00fcmmern. Begleitende Schl\u00f6sser alle T\u00fcren von Puertas Alvarez hergestellt, erf\u00fcllen die Qualit\u00e4tssysteme auf Basis von ISO 9001: 2000.<\/p>\n<p>[\/vc_column_text][\/vc_column][\/vc_row][vc_row css_animation=&#8220;&#8220; row_type=&#8220;row&#8220; use_row_as_full_screen_section=&#8220;no&#8220; type=&#8220;full_width&#8220; angled_section=&#8220;no&#8220; text_align=&#8220;left&#8220; background_image_as_pattern=&#8220;without_pattern&#8220; css=&#8220;.vc_custom_1488954562070{background-color: #ffffff !important;}&#8220;][vc_column width=&#8220;1\/2&#8243; css=&#8220;.vc_custom_1489141614401{padding-top: 50px !important;padding-right: 50px !important;padding-bottom: 50px !important;padding-left: 80px !important;}&#8220;][vc_column_text]<\/p>\n<h2 style=\"text-align: left;\">ZERTIFIKATE DER QUALIT\u00c4T<\/h2>\n<p>[\/vc_column_text][vc_separator type=&#8220;small&#8220; position=&#8220;left&#8220; thickness=&#8220;1&#8243; width=&#8220;210&#8243;][vc_column_text]<\/p>\n<p style=\"text-align: left;\">Wir haben das CE-Zeichen f\u00fcr beide Produkte, Polyurethan und Modell ECO. Wenn Sie m\u00f6chten, k\u00f6nnen Sie Dateien Zustimmung im PDF-Format herunterladen, indem Sie Liste ausw\u00e4hlen, die unter diesen Zeilen angezeigt.<\/p>\n<p>[\/vc_column_text][vc_empty_space]<a  itemprop=\"url\" href=\"http:\/\/www.puertasalvarez.com\/website\/wp-content\/uploads\/2021\/05\/ISO_9001_ALVAREZ.pdf\" target=\"_blank\" data-hover-background-color=#426b00 data-hover-border-color=#426b00  class=\"qbutton  center default\" style=\"color: #ffffff; border-color: #84aa35; background-color: #84aa35;\">ISO 9001: 2015 QUALIT\u00c4T<\/a>[vc_empty_space height=&#8220;26px&#8220;]<a  itemprop=\"url\" href=\"http:\/\/www.puertasalvarez.com\/website\/de\/kontakt\/\" target=\"_self\" data-hover-background-color=#426b00 data-hover-border-color=#426b00  class=\"qbutton  center default\" style=\"color: #ffffff; border-color: #84aa35; background-color: #84aa35;\">CE-Kennzeichnung<\/a>[vc_empty_space height=&#8220;26px&#8220;]<a  itemprop=\"url\" href=\"http:\/\/www.puertasalvarez.com\/website\/de\/kontakt\/\" target=\"_self\" data-hover-background-color=#426b00 data-hover-border-color=#426b00  class=\"qbutton  center default\" style=\"color: #ffffff; border-color: #84aa35; background-color: #84aa35;\">Installationsanleitung<\/a>[\/vc_column][vc_column width=&#8220;1\/2&#8243; css=&#8220;.vc_custom_1489142085829{margin-left: 0px !important;padding-left: 0px !important;}&#8220;][vc_single_image image=&#8220;17457&#8243; img_size=&#8220;full&#8220; alignment=&#8220;right&#8220; qode_css_animation=&#8220;&#8220; css=&#8220;.vc_custom_1501777218355{margin-right: -15px !important;padding-right: -15px !important;}&#8220;][\/vc_column][\/vc_row]<\/p>\n","protected":false},"excerpt":{"rendered":"<p>[vc_row css_animation=&#8220;&#8220; row_type=&#8220;row&#8220; use_row_as_full_screen_section=&#8220;no&#8220; type=&#8220;full_width&#8220; angled_section=&#8220;no&#8220; text_align=&#8220;left&#8220; background_image_as_pattern=&#8220;without_pattern&#8220; css=&#8220;.vc_custom_1488954562070{background-color: #ffffff !important;}&#8220;][vc_column width=&#8220;1\/2&#8243; css=&#8220;.vc_custom_1489142051124{margin-right: 0px !important;padding-right: 0px !important;}&#8220;][vc_single_image image=&#8220;16976&#8243; img_size=&#8220;full&#8220; qode_css_animation=&#8220;&#8220;][\/vc_column][vc_column width=&#8220;1\/2&#8243; css=&#8220;.vc_custom_1489141535759{padding-top: 50px !important;padding-right: 80px !important;padding-bottom: 50px !important;padding-left: 50px !important;}&#8220;][vc_column_text] QUALIT\u00c4T IST UNSER ENGAGEMENT [\/vc_column_text][vc_separator type=&#8220;small&#8220; position=&#8220;left&#8220; thickness=&#8220;1&#8243; width=&#8220;280&#8243;][vc_column_text] Seit seiner Gr\u00fcndung hat Puertas Alvarez&#8230;<\/p>\n","protected":false},"author":1,"featured_media":0,"parent":0,"menu_order":0,"comment_status":"open","ping_status":"closed","template":"full_width.php","meta":{"footnotes":""},"_links":{"self":[{"href":"https:\/\/www.puertasalvarez.com\/website\/de\/wp-json\/wp\/v2\/pages\/17494"}],"collection":[{"href":"https:\/\/www.puertasalvarez.com\/website\/de\/wp-json\/wp\/v2\/pages"}],"about":[{"href":"https:\/\/www.puertasalvarez.com\/website\/de\/wp-json\/wp\/v2\/types\/page"}],"author":[{"embeddable":true,"href":"https:\/\/www.puertasalvarez.com\/website\/de\/wp-json\/wp\/v2\/users\/1"}],"replies":[{"embeddable":true,"href":"https:\/\/www.puertasalvarez.com\/website\/de\/wp-json\/wp\/v2\/comments?post=17494"}],"version-history":[{"count":8,"href":"https:\/\/www.puertasalvarez.com\/website\/de\/wp-json\/wp\/v2\/pages\/17494\/revisions"}],"predecessor-version":[{"id":17867,"href":"https:\/\/www.puertasalvarez.com\/website\/de\/wp-json\/wp\/v2\/pages\/17494\/revisions\/17867"}],"wp:attachment":[{"href":"https:\/\/www.puertasalvarez.com\/website\/de\/wp-json\/wp\/v2\/media?parent=17494"}],"curies":[{"name":"wp","href":"https:\/\/api.w.org\/{rel}","templated":true}]}}