{"id":17576,"date":"2017-08-10T05:45:37","date_gmt":"2017-08-10T05:45:37","guid":{"rendered":"http:\/\/www.puertasalvarez.com\/website\/?page_id=17576\/"},"modified":"2022-11-17T11:57:06","modified_gmt":"2022-11-17T11:57:06","slug":"verbundtueren-doppelblech-1-fluegel","status":"publish","type":"page","link":"https:\/\/www.puertasalvarez.com\/website\/de\/verbundtueren-doppelblech-1-fluegel\/","title":{"rendered":"VERBUNDT\u00dcREN DOPPELBLECH &#8211; 1 FL\u00dcGEL"},"content":{"rendered":"<p>[vc_row css_animation=&#8220;&#8220; row_type=&#8220;row&#8220; use_row_as_full_screen_section=&#8220;no&#8220; type=&#8220;full_width&#8220; angled_section=&#8220;no&#8220; text_align=&#8220;left&#8220; background_image_as_pattern=&#8220;without_pattern&#8220; css=&#8220;.vc_custom_1488988247065{padding-top: 50px !important;background-color: #f2f2f2 !important;}&#8220;][vc_column width=&#8220;1\/4&#8243;][\/vc_column][vc_column width=&#8220;1\/2&#8243;][vc_row_inner row_type=&#8220;row&#8220; type=&#8220;full_width&#8220; text_align=&#8220;left&#8220; css_animation=&#8220;&#8220;][vc_column_inner width=&#8220;1\/4&#8243;][vc_single_image image=&#8220;17064&#8243; img_size=&#8220;136&#215;136&#8243; alignment=&#8220;center&#8220; style=&#8220;vc_box_border_circle_2&#8243; border_color=&#8220;white&#8220; qode_css_animation=&#8220;&#8220;][\/vc_column_inner][vc_column_inner width=&#8220;1\/4&#8243;][vc_single_image image=&#8220;17075&#8243; img_size=&#8220;136&#215;136&#8243; alignment=&#8220;center&#8220; style=&#8220;vc_box_border_circle_2&#8243; border_color=&#8220;white&#8220; qode_css_animation=&#8220;&#8220;][\/vc_column_inner][vc_column_inner width=&#8220;1\/4&#8243;][vc_single_image image=&#8220;17070&#8243; img_size=&#8220;136&#215;136&#8243; alignment=&#8220;center&#8220; style=&#8220;vc_box_border_circle_2&#8243; border_color=&#8220;white&#8220; qode_css_animation=&#8220;&#8220;][\/vc_column_inner][vc_column_inner width=&#8220;1\/4&#8243;][vc_single_image image=&#8220;17229&#8243; img_size=&#8220;136&#215;136&#8243; alignment=&#8220;center&#8220; style=&#8220;vc_box_border_circle_2&#8243; border_color=&#8220;white&#8220; qode_css_animation=&#8220;&#8220;][\/vc_column_inner][\/vc_row_inner][\/vc_column][vc_column width=&#8220;1\/4&#8243;][\/vc_column][\/vc_row][vc_row css_animation=&#8220;&#8220; row_type=&#8220;row&#8220; use_row_as_full_screen_section=&#8220;no&#8220; type=&#8220;full_width&#8220; angled_section=&#8220;no&#8220; text_align=&#8220;left&#8220; background_image_as_pattern=&#8220;without_pattern&#8220; css=&#8220;.vc_custom_1488985889489{background-color: #f2f2f2 !important;}&#8220;][vc_column]<div class=\"custom_font_holder\" style=\"font-family: Montserrat; font-size: 42px; line-height: 26px; font-style: normal; font-weight: 300; color: #84aa35; text-decoration: none; margin: 30px 50px 30px 50px; text-align: center;\">Verzinkt, Lackiert oder in Holzdekor<\/div>[vc_separator type=&#8220;small&#8220; position=&#8220;center&#8220; thickness=&#8220;1&#8243; width=&#8220;400&#8243;][vc_column_text css=&#8220;.vc_custom_1502343710514{margin-right: 200px !important;margin-bottom: 50px !important;margin-left: 200px !important;}&#8220;]<\/p>\n<p style=\"text-align: center;\">Allzweckt\u00fcr, angefertigt und durch patentierte Falzungen mit exklusivem Design verbunden. Das f\u00fcr Fl\u00fcgel und Rahmen verwendete Material erf\u00fcllt die Norm EN 10204. Das T\u00fcrinnere wird mit einem \u00f6kologischen Material gef\u00fcllt, das ihr vollkommene Starrheit verleiht und aufgrund der starken Haftung Verformung und Verziehen verhindert.<\/p>\n<p>[\/vc_column_text][\/vc_column][\/vc_row][vc_row css_animation=&#8220;&#8220; row_type=&#8220;row&#8220; use_row_as_full_screen_section=&#8220;no&#8220; type=&#8220;full_width&#8220; angled_section=&#8220;no&#8220; text_align=&#8220;left&#8220; background_image_as_pattern=&#8220;without_pattern&#8220; css=&#8220;.vc_custom_1488954562070{background-color: #ffffff !important;}&#8220;][vc_column width=&#8220;1\/2&#8243; css=&#8220;.vc_custom_1488986729360{padding-top: 50px !important;padding-right: 50px !important;padding-bottom: 50px !important;padding-left: 80px !important;}&#8220;][vc_column_text]<\/p>\n<h1 style=\"text-align: right;\">VERZINKTE T\u00dcREN<\/h1>\n<p>[\/vc_column_text][vc_separator type=&#8220;small&#8220; position=&#8220;right&#8220; thickness=&#8220;1&#8243; width=&#8220;280&#8243;][vc_column_text]<\/p>\n<p style=\"text-align: right;\">Die T\u00fcren werden komplett auf dem Rahmen montiert und mit Einsteckschloss geliefert.<\/p>\n<p>[\/vc_column_text][vc_column_text css=&#8220;.vc_custom_1502343912867{margin-top: 20px !important;}&#8220;]<\/p>\n<p style=\"text-align: right;\">F\u00fcr geschlossene R\u00e4ume, die Bel\u00fcftung erfordern, empfiehlt sich der Einbau von T\u00fcren mit L\u00fcftungsgittern.<\/p>\n<p>[\/vc_column_text][vc_column_text css=&#8220;.vc_custom_1502343931501{margin-top: 20px !important;}&#8220;]<\/p>\n<p style=\"text-align: right;\">Unsere T\u00fcren verf\u00fcgen \u00fcber vier Fenster mit Luken der Gr\u00f6\u00dfe 200 x 200 mm, durch welche die Luft frei \u00fcber der gesamten Oberfl\u00e4che zirkulieren kann.<\/p>\n<p>[\/vc_column_text][\/vc_column][vc_column width=&#8220;1\/2&#8243; css=&#8220;.vc_custom_1488973520974{margin-left: 0px !important;padding-left: 0px !important;}&#8220;][vc_single_image image=&#8220;16743&#8243; img_size=&#8220;full&#8220; alignment=&#8220;right&#8220; qode_css_animation=&#8220;&#8220;][\/vc_column][\/vc_row][vc_row css_animation=&#8220;&#8220; row_type=&#8220;row&#8220; use_row_as_full_screen_section=&#8220;no&#8220; type=&#8220;full_width&#8220; angled_section=&#8220;no&#8220; text_align=&#8220;left&#8220; background_image_as_pattern=&#8220;without_pattern&#8220; css=&#8220;.vc_custom_1488954562070{background-color: #ffffff !important;}&#8220;][vc_column width=&#8220;1\/2&#8243;][vc_single_image image=&#8220;16745&#8243; img_size=&#8220;full&#8220; qode_css_animation=&#8220;&#8220; css=&#8220;.vc_custom_1488992812596{margin-right: -15px !important;padding-right: -15px !important;}&#8220;][\/vc_column][vc_column width=&#8220;1\/2&#8243; css=&#8220;.vc_custom_1488986737854{padding-top: 50px !important;padding-right: 80px !important;padding-bottom: 50px !important;padding-left: 50px !important;}&#8220;][vc_column_text]<\/p>\n<h2>LACKIERTE T\u00dcREN<\/h2>\n<p>[\/vc_column_text][vc_separator type=&#8220;small&#8220; position=&#8220;left&#8220; thickness=&#8220;1&#8243; width=&#8220;210&#8243;][vc_column_text]<\/p>\n<p style=\"text-align: left;\">Die hohe Qualit\u00e4t unserer Metalloberfl\u00e4chen l\u00e4sst diese T\u00fcr zu einem zus\u00e4tzlichen Dekoelement in Ihrem Heim bzw. Ihrem B\u00fcro werden.<\/p>\n<p>[\/vc_column_text][vc_column_text css=&#8220;.vc_custom_1502344108739{margin-top: 20px !important;}&#8220;]<\/p>\n<p style=\"text-align: left;\">Der Fl\u00fcgel wird durch einen PERFORIERTEN ABZIEHBAREN FILM von 35 Mikrometern gesch\u00fctzt, der nach der Montage der T\u00fcr entfernt wird.<\/p>\n<p>[\/vc_column_text][\/vc_column][\/vc_row][vc_row css_animation=&#8220;&#8220; row_type=&#8220;row&#8220; use_row_as_full_screen_section=&#8220;no&#8220; type=&#8220;full_width&#8220; angled_section=&#8220;no&#8220; text_align=&#8220;left&#8220; background_image_as_pattern=&#8220;without_pattern&#8220; css=&#8220;.vc_custom_1488954562070{background-color: #ffffff !important;}&#8220;][vc_column width=&#8220;1\/2&#8243; css=&#8220;.vc_custom_1488986753756{padding-top: 50px !important;padding-right: 50px !important;padding-bottom: 50px !important;padding-left: 80px !important;}&#8220;][vc_column_text]<\/p>\n<h2 style=\"text-align: right;\">T\u00dcREN IN HOLZDEKOR<\/h2>\n<p>[\/vc_column_text][vc_separator type=&#8220;small&#8220; position=&#8220;right&#8220; thickness=&#8220;1&#8243; width=&#8220;290&#8243;][vc_column_text]<\/p>\n<p style=\"text-align: right;\">Unsere Verbundt\u00fcren werden ohne jegliche Schwei\u00dfung angefertigt, wodurch eine perfekte Oberfl\u00e4chenbearbeitung in der gesamten Materialpalette &#8211; lackiert oder PVC-laminiert -, erm\u00f6glicht wird.<\/p>\n<p>[\/vc_column_text][vc_column_text css=&#8220;.vc_custom_1502344228130{margin-top: 20px !important;}&#8220;]<\/p>\n<p style=\"text-align: right;\">Anfertigt aus zwei feuerverzinkten Blechtafeln gem\u00e4\u00df der Norm EN 10142 mit einer PVC-Schicht aus Polyvinylchlorid, cadmium- und formaldehydfrei.<\/p>\n<p>[\/vc_column_text][\/vc_column][vc_column width=&#8220;1\/2&#8243;][vc_single_image image=&#8220;16747&#8243; img_size=&#8220;full&#8220; alignment=&#8220;right&#8220; qode_css_animation=&#8220;&#8220; css=&#8220;.vc_custom_1488992982434{margin-left: -15px !important;padding-left: -15px !important;}&#8220;][\/vc_column][\/vc_row][vc_row css_animation=&#8220;&#8220; row_type=&#8220;row&#8220; use_row_as_full_screen_section=&#8220;no&#8220; type=&#8220;full_width&#8220; angled_section=&#8220;no&#8220; text_align=&#8220;left&#8220; background_image_as_pattern=&#8220;without_pattern&#8220; css=&#8220;.vc_custom_1488966105654{background-color: #84aa35 !important;}&#8220;][vc_column width=&#8220;1\/2&#8243;][vc_row_inner row_type=&#8220;row&#8220; type=&#8220;full_width&#8220; text_align=&#8220;left&#8220; css_animation=&#8220;&#8220; css=&#8220;.vc_custom_1488975069060{margin-top: 60px !important;margin-bottom: 30px !important;}&#8220;][vc_column_inner width=&#8220;1\/6&#8243;]<span data-type=\"normal\"  class=\"qode_icon_shortcode  q_font_awsome_icon fa-2x pull-right \" style=\" \"><i class=\"qode_icon_font_awesome fa fa-file-text qode_icon_element\" style=\"color: #d4e5b1;\" ><\/i><\/span>[\/vc_column_inner][vc_column_inner width=&#8220;5\/6&#8243;]<div class=\"custom_font_holder\" style=\"font-family: Montserrat; font-size: 17px; line-height: 26px; font-style: normal; font-weight: 500; color: #ffffff; text-decoration: none; text-align: left;\">TECHNISCHE EIGENSCHAFTEN<\/div>[vc_separator type=&#8220;small&#8220; position=&#8220;left&#8220; color=&#8220;#ffffff&#8220; thickness=&#8220;1&#8243; width=&#8220;250&#8243;][vc_column_text]<span style=\"color: #ffffff;\"><strong>\u2022<\/strong> Montagefertige T\u00fcr.<\/span><br \/>\n<span style=\"color: #ffffff;\"><strong>\u2022<\/strong> W\u00e4rme- und Schallisolierung.<\/span><br \/>\n<span style=\"color: #ffffff;\"><strong>\u2022<\/strong> Hermetische Verriegelung.<\/span><br \/>\n<span style=\"color: #ffffff;\"><strong>\u2022<\/strong> Einsteckschloss mit europ\u00e4ischem Metallschlie\u00dfzylinder.<\/span><br \/>\n<span style=\"color: #ffffff;\"><strong>\u2022<\/strong> Erfordern dank ihrer Widerstandsf\u00e4higkeit keine Instandhaltungsarbeiten.<\/span><br \/>\n<span style=\"color: #ffffff;\"><strong>\u2022<\/strong> Griff und Verzierung in besonderem Design. NOE-Modell (Standard-Griff).<\/span><br \/>\n<span style=\"color: #ffffff;\"><strong>\u2022<\/strong> Die T\u00fcren d\u00fcrfen nicht an permanent feuchten Orten montiert werden.<\/span><br \/>\n<span style=\"color: #ffffff;\"><strong>\u2022<\/strong> S\u00e4mtliche lackierte T\u00fcren werden in eingeschwei\u00dftem Kunstsoff geliefert.<\/span>[\/vc_column_text][\/vc_column_inner][\/vc_row_inner][vc_row_inner row_type=&#8220;row&#8220; type=&#8220;full_width&#8220; text_align=&#8220;left&#8220; css_animation=&#8220;&#8220; css=&#8220;.vc_custom_1500568981319{margin-bottom: 40px !important;}&#8220;][vc_column_inner width=&#8220;1\/6&#8243;]<span data-type=\"normal\"  class=\"qode_icon_shortcode  q_font_awsome_icon fa-2x pull-right \" style=\" \"><i class=\"qode_icon_font_awesome fa fa-info qode_icon_element\" style=\"color: #d4e5b1;\" ><\/i><\/span>[\/vc_column_inner][vc_column_inner width=&#8220;5\/6&#8243;]<div class=\"custom_font_holder\" style=\"font-family: Montserrat; font-size: 17px; line-height: 26px; font-style: normal; font-weight: 500; color: #ffffff; text-decoration: none; text-align: left;\">TECHNISCHE INFORMATIONEN<\/div>[vc_separator type=&#8220;small&#8220; position=&#8220;left&#8220; color=&#8220;#ffffff&#8220; thickness=&#8220;1&#8243; width=&#8220;250&#8243;][vc_column_text]<span style=\"color: #ffffff;\"><strong>\u2022<\/strong> Standardformate 1 Fl\u00fcgel.<\/span><br \/>\n<span style=\"color: #ffffff;\"><strong>\u2022<\/strong> Standardformate 2 Fl\u00fcgel.<\/span><br \/>\n<span style=\"color: #ffffff;\"><strong>\u2022<\/strong> Ma\u00dfe Spezialt\u00fcren.<\/span>[\/vc_column_text][\/vc_column_inner][\/vc_row_inner][vc_row_inner row_type=&#8220;row&#8220; type=&#8220;full_width&#8220; text_align=&#8220;left&#8220; css_animation=&#8220;&#8220; css=&#8220;.vc_custom_1488975045139{margin-bottom: 80px !important;}&#8220;][vc_column_inner width=&#8220;1\/6&#8243;]<span data-type=\"normal\"  class=\"qode_icon_shortcode  q_font_awsome_icon fa-2x pull-right \" style=\" \"><i class=\"qode_icon_font_awesome fa fa-download qode_icon_element\" style=\"color: #d4e5b1;\" ><\/i><\/span>[\/vc_column_inner][vc_column_inner width=&#8220;5\/6&#8243;]<div class=\"custom_font_holder\" style=\"font-family: Montserrat; font-size: 17px; line-height: 26px; font-style: normal; font-weight: 500; color: #ffffff; text-decoration: none; text-align: left;\">RAHMENABMESSUNGEN<\/div>[vc_separator type=&#8220;small&#8220; position=&#8220;left&#8220; color=&#8220;#ffffff&#8220; thickness=&#8220;1&#8243; width=&#8220;250&#8243;]<a  itemprop=\"url\" href=\"http:\/\/www.puertasalvarez.com\/website\/wp-content\/uploads\/2017\/07\/C40_C70.pdf\" target=\"_blank\" data-hover-background-color=#56841e data-hover-border-color=#56841e data-hover-color=#ffffff class=\"qbutton  default\" style=\"color: #84aa35; border-color: #ffffff; background-color: #ffffff;\">C40 + C70 (PDF)<i class=\"qode_icon_font_awesome fa fa-download qode_button_icon_element\" style=\"color: #84aa35;\" ><\/i><\/a>[\/vc_column_inner][\/vc_row_inner][\/vc_column][vc_column width=&#8220;1\/2&#8243;][vc_row_inner row_type=&#8220;row&#8220; type=&#8220;full_width&#8220; text_align=&#8220;left&#8220; css_animation=&#8220;&#8220; css=&#8220;.vc_custom_1488975069060{margin-top: 60px !important;margin-bottom: 30px !important;}&#8220;][vc_column_inner width=&#8220;1\/6&#8243;]<span data-type=\"normal\"  class=\"qode_icon_shortcode  q_font_awsome_icon fa-2x pull-right \" style=\" \"><i class=\"qode_icon_font_awesome fa fa-cube qode_icon_element\" style=\"color: #d4e5b1;\" ><\/i><\/span>[\/vc_column_inner][vc_column_inner width=&#8220;5\/6&#8243;]<div class=\"custom_font_holder\" style=\"font-family: Montserrat; font-size: 17px; line-height: 26px; font-style: normal; font-weight: 500; color: #ffffff; text-decoration: none; text-align: left;\">PALETTIEREN<\/div>[vc_separator type=&#8220;small&#8220; position=&#8220;left&#8220; color=&#8220;#ffffff&#8220; thickness=&#8220;1&#8243; width=&#8220;250&#8243;][vc_column_text]<span style=\"color: #ffffff;\">MC40 &#8211; 19 st\u00fcck \/ Palette.<\/span><br \/>\n<span style=\"color: #ffffff;\">MC70 &#8211; 13 st\u00fcck \/ Palette.<\/span>[\/vc_column_text][vc_single_image image=&#8220;17288&#8243; img_size=&#8220;full&#8220; qode_css_animation=&#8220;&#8220; css=&#8220;.vc_custom_1494845630437{margin-top: 20px !important;}&#8220;][\/vc_column_inner][\/vc_row_inner][vc_row_inner row_type=&#8220;row&#8220; type=&#8220;full_width&#8220; text_align=&#8220;left&#8220; css_animation=&#8220;&#8220; css=&#8220;.vc_custom_1488975069060{margin-top: 60px !important;margin-bottom: 30px !important;}&#8220;][vc_column_inner width=&#8220;1\/6&#8243;]<span data-type=\"normal\"  class=\"qode_icon_shortcode  q_font_awsome_icon fa-2x pull-right \" style=\" \"><i class=\"qode_icon_font_awesome fa fa-hand-o-right qode_icon_element\" style=\"color: #d4e5b1;\" ><\/i><\/span>[\/vc_column_inner][vc_column_inner width=&#8220;5\/6&#8243;]<div class=\"custom_font_holder\" style=\"font-family: Montserrat; font-size: 30px; line-height: 32px; font-style: normal; font-weight: 300; color: #ffffff; text-decoration: none; margin: 0px 150px 50px 0px; text-align: left;\">WIR PRODUZIEREN AUF ANFRAGE SONDERT\u00dcREN MAXIMUM WIDTH ZU ARBEITEN<\/div>[\/vc_column_inner][\/vc_row_inner][\/vc_column][\/vc_row]<\/p>\n","protected":false},"excerpt":{"rendered":"<p>[vc_row css_animation=&#8220;&#8220; row_type=&#8220;row&#8220; use_row_as_full_screen_section=&#8220;no&#8220; type=&#8220;full_width&#8220; angled_section=&#8220;no&#8220; text_align=&#8220;left&#8220; background_image_as_pattern=&#8220;without_pattern&#8220; css=&#8220;.vc_custom_1488988247065{padding-top: 50px !important;background-color: #f2f2f2 !important;}&#8220;][vc_column width=&#8220;1\/4&#8243;][\/vc_column][vc_column width=&#8220;1\/2&#8243;][vc_row_inner row_type=&#8220;row&#8220; type=&#8220;full_width&#8220; text_align=&#8220;left&#8220; css_animation=&#8220;&#8220;][vc_column_inner width=&#8220;1\/4&#8243;][vc_single_image image=&#8220;17064&#8243; img_size=&#8220;136&#215;136&#8243; alignment=&#8220;center&#8220; style=&#8220;vc_box_border_circle_2&#8243; border_color=&#8220;white&#8220; qode_css_animation=&#8220;&#8220;][\/vc_column_inner][vc_column_inner width=&#8220;1\/4&#8243;][vc_single_image image=&#8220;17075&#8243; img_size=&#8220;136&#215;136&#8243; alignment=&#8220;center&#8220; style=&#8220;vc_box_border_circle_2&#8243; border_color=&#8220;white&#8220; qode_css_animation=&#8220;&#8220;][\/vc_column_inner][vc_column_inner width=&#8220;1\/4&#8243;][vc_single_image image=&#8220;17070&#8243; img_size=&#8220;136&#215;136&#8243; alignment=&#8220;center&#8220; style=&#8220;vc_box_border_circle_2&#8243; border_color=&#8220;white&#8220; qode_css_animation=&#8220;&#8220;][\/vc_column_inner][vc_column_inner width=&#8220;1\/4&#8243;][vc_single_image image=&#8220;17229&#8243; img_size=&#8220;136&#215;136&#8243; alignment=&#8220;center&#8220; style=&#8220;vc_box_border_circle_2&#8243;&#8230;<\/p>\n","protected":false},"author":1,"featured_media":0,"parent":0,"menu_order":0,"comment_status":"open","ping_status":"closed","template":"full_width.php","meta":{"footnotes":""},"_links":{"self":[{"href":"https:\/\/www.puertasalvarez.com\/website\/de\/wp-json\/wp\/v2\/pages\/17576"}],"collection":[{"href":"https:\/\/www.puertasalvarez.com\/website\/de\/wp-json\/wp\/v2\/pages"}],"about":[{"href":"https:\/\/www.puertasalvarez.com\/website\/de\/wp-json\/wp\/v2\/types\/page"}],"author":[{"embeddable":true,"href":"https:\/\/www.puertasalvarez.com\/website\/de\/wp-json\/wp\/v2\/users\/1"}],"replies":[{"embeddable":true,"href":"https:\/\/www.puertasalvarez.com\/website\/de\/wp-json\/wp\/v2\/comments?post=17576"}],"version-history":[{"count":5,"href":"https:\/\/www.puertasalvarez.com\/website\/de\/wp-json\/wp\/v2\/pages\/17576\/revisions"}],"predecessor-version":[{"id":17878,"href":"https:\/\/www.puertasalvarez.com\/website\/de\/wp-json\/wp\/v2\/pages\/17576\/revisions\/17878"}],"wp:attachment":[{"href":"https:\/\/www.puertasalvarez.com\/website\/de\/wp-json\/wp\/v2\/media?parent=17576"}],"curies":[{"name":"wp","href":"https:\/\/api.w.org\/{rel}","templated":true}]}}