{"id":17587,"date":"2017-08-10T08:48:09","date_gmt":"2017-08-10T08:48:09","guid":{"rendered":"http:\/\/www.puertasalvarez.com\/website\/?page_id=17587\/"},"modified":"2017-08-10T08:54:20","modified_gmt":"2017-08-10T08:54:20","slug":"sicherheitstueren-fuer-privatwohnungen","status":"publish","type":"page","link":"https:\/\/www.puertasalvarez.com\/website\/de\/sicherheitstueren-fuer-privatwohnungen\/","title":{"rendered":"SICHERHEITST\u00dcREN F\u00dcR PRIVATWOHNUNGEN"},"content":{"rendered":"<p>[vc_row css_animation=&#8220;&#8220; row_type=&#8220;row&#8220; use_row_as_full_screen_section=&#8220;no&#8220; type=&#8220;full_width&#8220; angled_section=&#8220;no&#8220; text_align=&#8220;left&#8220; background_image_as_pattern=&#8220;without_pattern&#8220; css=&#8220;.vc_custom_1488988247065{padding-top: 50px !important;background-color: #f2f2f2 !important;}&#8220;][vc_column width=&#8220;1\/4&#8243;][\/vc_column][vc_column width=&#8220;1\/2&#8243;][vc_row_inner row_type=&#8220;row&#8220; type=&#8220;full_width&#8220; text_align=&#8220;left&#8220; css_animation=&#8220;&#8220;][vc_column_inner width=&#8220;1\/4&#8243;][vc_single_image image=&#8220;17203&#8243; img_size=&#8220;136&#215;136&#8243; alignment=&#8220;center&#8220; style=&#8220;vc_box_border_circle_2&#8243; border_color=&#8220;white&#8220; qode_css_animation=&#8220;&#8220;][\/vc_column_inner][vc_column_inner width=&#8220;1\/4&#8243;][vc_single_image image=&#8220;17208&#8243; img_size=&#8220;136&#215;136&#8243; alignment=&#8220;center&#8220; style=&#8220;vc_box_border_circle_2&#8243; border_color=&#8220;white&#8220; qode_css_animation=&#8220;&#8220;][\/vc_column_inner][vc_column_inner width=&#8220;1\/4&#8243;][vc_single_image image=&#8220;17213&#8243; img_size=&#8220;136&#215;136&#8243; alignment=&#8220;center&#8220; style=&#8220;vc_box_border_circle_2&#8243; border_color=&#8220;white&#8220; qode_css_animation=&#8220;&#8220;][\/vc_column_inner][vc_column_inner width=&#8220;1\/4&#8243;][vc_single_image image=&#8220;17239&#8243; img_size=&#8220;136&#215;136&#8243; alignment=&#8220;center&#8220; style=&#8220;vc_box_border_circle_2&#8243; border_color=&#8220;white&#8220; qode_css_animation=&#8220;&#8220;][\/vc_column_inner][\/vc_row_inner][\/vc_column][vc_column width=&#8220;1\/4&#8243;][\/vc_column][\/vc_row][vc_row css_animation=&#8220;&#8220; row_type=&#8220;row&#8220; use_row_as_full_screen_section=&#8220;no&#8220; type=&#8220;full_width&#8220; angled_section=&#8220;no&#8220; text_align=&#8220;left&#8220; background_image_as_pattern=&#8220;without_pattern&#8220; css=&#8220;.vc_custom_1488985889489{background-color: #f2f2f2 !important;}&#8220;][vc_column]<div class=\"custom_font_holder\" style=\"font-family: Montserrat; font-size: 42px; line-height: 26px; font-style: normal; font-weight: 300; color: #84aa35; text-decoration: none; margin: 30px 50px 30px 50px; text-align: center;\">Verzinkt, Lackiert oder in Holzdekor<\/div>[vc_separator type=&#8220;small&#8220; position=&#8220;center&#8220; thickness=&#8220;1&#8243; width=&#8220;400&#8243;][vc_column_text css=&#8220;.vc_custom_1502354585499{margin-right: 200px !important;margin-bottom: 50px !important;margin-left: 200px !important;}&#8220;]<\/p>\n<p style=\"text-align: center;\">Puertas \u00c1lvarez, S.L. stellt Ihnen im Rahmen seines Ziels, Kunden stets eine vielf\u00e4ltige Palette an Metallt\u00fcren f\u00fcr den Personendurchgangsverkehr zu bieten, seine METALLSICHERHEITST\u00dcREN vor, die \u00fcber eine ausgezeichnete W\u00e4rme- und Schallisolierung verf\u00fcgen, die diejenige von Holzt\u00fcren \u00fcbersteigt.<\/p>\n<p>[\/vc_column_text][\/vc_column][\/vc_row][vc_row css_animation=&#8220;&#8220; row_type=&#8220;row&#8220; use_row_as_full_screen_section=&#8220;no&#8220; type=&#8220;full_width&#8220; angled_section=&#8220;no&#8220; text_align=&#8220;left&#8220; background_image_as_pattern=&#8220;without_pattern&#8220; css=&#8220;.vc_custom_1488954562070{background-color: #ffffff !important;}&#8220;][vc_column width=&#8220;1\/2&#8243; css=&#8220;.vc_custom_1489095516881{padding-top: 50px !important;padding-right: 50px !important;padding-bottom: 50px !important;padding-left: 80px !important;}&#8220;][vc_column_text]<\/p>\n<h2 style=\"text-align: right;\">T\u00dcR MODELL ALBUBERA<\/h2>\n<p>[\/vc_column_text][vc_separator type=&#8220;small&#8220; position=&#8220;right&#8220; thickness=&#8220;1&#8243; width=&#8220;230&#8243;][vc_column_text]<\/p>\n<p style=\"text-align: right;\">Die T\u00fcr wird in einer Kartonverpackung geliefert.<\/p>\n<p>[\/vc_column_text][vc_column_text css=&#8220;.vc_custom_1502354706998{margin-top: 20px !important;}&#8220;]<\/p>\n<p style=\"text-align: right;\">Sie verf\u00fcgt \u00fcber ein 3-Punkt-Sicherheitsschloss und Gummiabdichtung sowie zwei Aushebelschutz-Bolzen. \u00d6ffnung durch T\u00fcrknauf oder Griff.<\/p>\n<p>[\/vc_column_text][vc_column_text css=&#8220;.vc_custom_1502354746238{margin-top: 20px !important;}&#8220;]<\/p>\n<p style=\"text-align: right;\"><span style=\"color: #84aa35;\"><strong><span class=\"bold_verde\">Erh\u00e4ltliche Farben:<\/span><\/strong><\/span><br \/>\nWei\u00df lackiert, PVC (Nussbaum und Eiche), verzinkt.<\/p>\n<p>[\/vc_column_text][\/vc_column][vc_column width=&#8220;1\/2&#8243; css=&#8220;.vc_custom_1488973520974{margin-left: 0px !important;padding-left: 0px !important;}&#8220;][vc_single_image image=&#8220;16962&#8243; img_size=&#8220;full&#8220; alignment=&#8220;right&#8220; qode_css_animation=&#8220;&#8220;][\/vc_column][\/vc_row][vc_row css_animation=&#8220;&#8220; row_type=&#8220;row&#8220; use_row_as_full_screen_section=&#8220;no&#8220; type=&#8220;full_width&#8220; angled_section=&#8220;no&#8220; text_align=&#8220;left&#8220; background_image_as_pattern=&#8220;without_pattern&#8220; css=&#8220;.vc_custom_1488954562070{background-color: #ffffff !important;}&#8220;][vc_column width=&#8220;1\/2&#8243;][vc_single_image image=&#8220;17107&#8243; img_size=&#8220;full&#8220; qode_css_animation=&#8220;&#8220; css=&#8220;.vc_custom_1489483870350{margin-right: -15px !important;padding-right: -15px !important;}&#8220;][\/vc_column][vc_column width=&#8220;1\/2&#8243; css=&#8220;.vc_custom_1488986737854{padding-top: 50px !important;padding-right: 80px !important;padding-bottom: 50px !important;padding-left: 50px !important;}&#8220;][vc_column_text]<\/p>\n<h2>T\u00dcR MODELL VEDAT<\/h2>\n<p>[\/vc_column_text][vc_separator type=&#8220;small&#8220; position=&#8220;left&#8220; thickness=&#8220;1&#8243; width=&#8220;210&#8243;][vc_column_text]Mit diesen neuen Produkten aus unserem umfassenden Sortiment an Durchgangsmetallt\u00fcren wollen wir Ihnen Ihre Arbeit noch mehr erleichtern.[\/vc_column_text][vc_column_text css=&#8220;.vc_custom_1502354812950{margin-top: 20px !important;}&#8220;]ISie verf\u00fcgt \u00fcber ein 3-Punkt-Sicherheitsschloss und Gummiabdichtung sowie zwei Aushebelschutz-Bolzen. \u00d6ffnung durch T\u00fcrknauf oder Griff.[\/vc_column_text][vc_column_text css=&#8220;.vc_custom_1502354865029{margin-top: 20px !important;}&#8220;]<span style=\"color: #84aa35;\"><strong><span class=\"bold_verde\">Erh\u00e4ltliche Farben:<\/span><\/strong><\/span><br \/>\nWei\u00df lackiert, PVC (Nussbaum und Eiche).[\/vc_column_text][\/vc_column][\/vc_row][vc_row css_animation=&#8220;&#8220; row_type=&#8220;row&#8220; use_row_as_full_screen_section=&#8220;no&#8220; type=&#8220;full_width&#8220; angled_section=&#8220;no&#8220; text_align=&#8220;left&#8220; background_image_as_pattern=&#8220;without_pattern&#8220; css=&#8220;.vc_custom_1488966105654{background-color: #84aa35 !important;}&#8220;][vc_column width=&#8220;1\/2&#8243;][vc_row_inner row_type=&#8220;row&#8220; type=&#8220;full_width&#8220; text_align=&#8220;left&#8220; css_animation=&#8220;&#8220; css=&#8220;.vc_custom_1488975069060{margin-top: 60px !important;margin-bottom: 30px !important;}&#8220;][vc_column_inner width=&#8220;1\/6&#8243;]<span data-type=\"normal\"  class=\"qode_icon_shortcode  q_font_awsome_icon fa-2x pull-right \" style=\" \"><i class=\"qode_icon_font_awesome fa fa-file-text qode_icon_element\" style=\"color: #d4e5b1;\" ><\/i><\/span>[\/vc_column_inner][vc_column_inner width=&#8220;5\/6&#8243;]<div class=\"custom_font_holder\" style=\"font-family: Montserrat; font-size: 17px; line-height: 26px; font-style: normal; font-weight: 500; color: #ffffff; text-decoration: none; text-align: left;\">TECHNISCHE EIGENSCHAFTEN<\/div>[vc_separator type=&#8220;small&#8220; position=&#8220;left&#8220; color=&#8220;#ffffff&#8220; thickness=&#8220;1&#8243; width=&#8220;250&#8243;][vc_column_text]<span style=\"color: #ffffff;\"><strong>\u2022 Punkt-Schloss.<\/strong><\/span><\/p>\n<p><span style=\"color: #ffffff;\"><strong>\u2022 Leiste Semiprovenzal einseitig<\/strong> (Mod. Vedat).<\/span><\/p>\n<p><span style=\"color: #ffffff;\"><strong>\u2022 Wei\u00df und Holzimitation<\/strong><\/span><\/p>\n<p><span style=\"color: #ffffff;\"><strong>\u2022 Hermetische Abdichtung<\/strong> (Mod. Vedat).<\/span><\/p>\n<p><span style=\"color: #ffffff;\"><strong>\u2022 Aushebelschutz-Bolzen zwischen den Scharnieren<\/strong> (2 stck.).<\/span><\/p>\n<p><span style=\"color: #ffffff;\"><strong>\u2022 T\u00fcr mit drei Designerscharnieren.<\/strong><\/span><\/p>\n<p><span style=\"color: #ffffff;\"><strong>\u2022 Klemmschutzgriff aus beidseitig schwarzem Polypropylen, auf Wunsch Griff\/Knauf aus schwarzem Polypropylen und Inox erh\u00e4ltlich.<\/strong><\/span><\/p>\n<p><span style=\"color: #ffffff;\"><strong>\u2022 Rahmen C\/70 (siehe technisches Datenblatt PDF).<\/strong><\/span><\/p>\n<p><span style=\"color: #ffffff;\"><strong>\u2022 T\u00fcr mit Polyurethanschaum im Inneren<\/strong> (mod. Vedat).<\/span><\/p>\n<p><span style=\"color: #ffffff;\"><strong>\u2022 Sicherheitsschlie\u00dfzylinder.<\/strong><\/span>[\/vc_column_text][\/vc_column_inner][\/vc_row_inner][\/vc_column][vc_column width=&#8220;1\/2&#8243;][vc_row_inner row_type=&#8220;row&#8220; type=&#8220;full_width&#8220; text_align=&#8220;left&#8220; css_animation=&#8220;&#8220; css=&#8220;.vc_custom_1488975069060{margin-top: 60px !important;margin-bottom: 30px !important;}&#8220;][vc_column_inner width=&#8220;1\/6&#8243;]<span data-type=\"normal\"  class=\"qode_icon_shortcode  q_font_awsome_icon fa-2x pull-right \" style=\" \"><i class=\"qode_icon_font_awesome fa fa-cube qode_icon_element\" style=\"color: #d4e5b1;\" ><\/i><\/span>[\/vc_column_inner][vc_column_inner width=&#8220;5\/6&#8243;]<div class=\"custom_font_holder\" style=\"font-family: Montserrat; font-size: 17px; line-height: 26px; font-style: normal; font-weight: 500; color: #ffffff; text-decoration: none; text-align: left;\">PALETTIERUNG<\/div>[vc_separator type=&#8220;small&#8220; position=&#8220;left&#8220; color=&#8220;#ffffff&#8220; thickness=&#8220;1&#8243; width=&#8220;250&#8243;][vc_column_text]<span style=\"color: #ffffff;\">MC70 &#8211; 12 st\u00fcck \/ Palette.<\/span>[\/vc_column_text][vc_single_image image=&#8220;17305&#8243; img_size=&#8220;full&#8220; qode_css_animation=&#8220;&#8220; css=&#8220;.vc_custom_1494848819810{margin-top: 20px !important;}&#8220;][vc_column_text]<span style=\"color: #ffffff;\">Mod. Albufera: A=810\/910 mm. B=1.200 mm. C=2.320 mm.<\/span><br \/>\n<span style=\"color: #ffffff;\">Mod. Vedat: A=1.000 mm. B=1.250 mm. C=2.320 mm.<\/span>[\/vc_column_text][\/vc_column_inner][\/vc_row_inner][\/vc_column][\/vc_row]<\/p>\n","protected":false},"excerpt":{"rendered":"<p>[vc_row css_animation=&#8220;&#8220; row_type=&#8220;row&#8220; use_row_as_full_screen_section=&#8220;no&#8220; type=&#8220;full_width&#8220; angled_section=&#8220;no&#8220; text_align=&#8220;left&#8220; background_image_as_pattern=&#8220;without_pattern&#8220; css=&#8220;.vc_custom_1488988247065{padding-top: 50px !important;background-color: #f2f2f2 !important;}&#8220;][vc_column width=&#8220;1\/4&#8243;][\/vc_column][vc_column width=&#8220;1\/2&#8243;][vc_row_inner row_type=&#8220;row&#8220; type=&#8220;full_width&#8220; text_align=&#8220;left&#8220; css_animation=&#8220;&#8220;][vc_column_inner width=&#8220;1\/4&#8243;][vc_single_image image=&#8220;17203&#8243; img_size=&#8220;136&#215;136&#8243; alignment=&#8220;center&#8220; style=&#8220;vc_box_border_circle_2&#8243; border_color=&#8220;white&#8220; qode_css_animation=&#8220;&#8220;][\/vc_column_inner][vc_column_inner width=&#8220;1\/4&#8243;][vc_single_image image=&#8220;17208&#8243; img_size=&#8220;136&#215;136&#8243; alignment=&#8220;center&#8220; style=&#8220;vc_box_border_circle_2&#8243; border_color=&#8220;white&#8220; qode_css_animation=&#8220;&#8220;][\/vc_column_inner][vc_column_inner width=&#8220;1\/4&#8243;][vc_single_image image=&#8220;17213&#8243; img_size=&#8220;136&#215;136&#8243; alignment=&#8220;center&#8220; style=&#8220;vc_box_border_circle_2&#8243; border_color=&#8220;white&#8220; qode_css_animation=&#8220;&#8220;][\/vc_column_inner][vc_column_inner width=&#8220;1\/4&#8243;][vc_single_image image=&#8220;17239&#8243; img_size=&#8220;136&#215;136&#8243; alignment=&#8220;center&#8220; style=&#8220;vc_box_border_circle_2&#8243;&#8230;<\/p>\n","protected":false},"author":1,"featured_media":0,"parent":0,"menu_order":0,"comment_status":"open","ping_status":"closed","template":"full_width.php","meta":{"footnotes":""},"_links":{"self":[{"href":"https:\/\/www.puertasalvarez.com\/website\/de\/wp-json\/wp\/v2\/pages\/17587"}],"collection":[{"href":"https:\/\/www.puertasalvarez.com\/website\/de\/wp-json\/wp\/v2\/pages"}],"about":[{"href":"https:\/\/www.puertasalvarez.com\/website\/de\/wp-json\/wp\/v2\/types\/page"}],"author":[{"embeddable":true,"href":"https:\/\/www.puertasalvarez.com\/website\/de\/wp-json\/wp\/v2\/users\/1"}],"replies":[{"embeddable":true,"href":"https:\/\/www.puertasalvarez.com\/website\/de\/wp-json\/wp\/v2\/comments?post=17587"}],"version-history":[{"count":3,"href":"https:\/\/www.puertasalvarez.com\/website\/de\/wp-json\/wp\/v2\/pages\/17587\/revisions"}],"predecessor-version":[{"id":17590,"href":"https:\/\/www.puertasalvarez.com\/website\/de\/wp-json\/wp\/v2\/pages\/17587\/revisions\/17590"}],"wp:attachment":[{"href":"https:\/\/www.puertasalvarez.com\/website\/de\/wp-json\/wp\/v2\/media?parent=17587"}],"curies":[{"name":"wp","href":"https:\/\/api.w.org\/{rel}","templated":true}]}}