{"id":17605,"date":"2017-08-10T11:38:43","date_gmt":"2017-08-10T11:38:43","guid":{"rendered":"http:\/\/www.puertasalvarez.com\/website\/?page_id=17605\/"},"modified":"2022-11-17T11:54:55","modified_gmt":"2022-11-17T11:54:55","slug":"revisionstueren","status":"publish","type":"page","link":"https:\/\/www.puertasalvarez.com\/website\/de\/revisionstueren\/","title":{"rendered":"REVISIONST\u00dcREN"},"content":{"rendered":"<p>[vc_row css_animation=&#8220;&#8220; row_type=&#8220;row&#8220; use_row_as_full_screen_section=&#8220;no&#8220; type=&#8220;full_width&#8220; angled_section=&#8220;no&#8220; text_align=&#8220;left&#8220; background_image_as_pattern=&#8220;without_pattern&#8220; css=&#8220;.vc_custom_1488954562070{background-color: #ffffff !important;}&#8220;][vc_column width=&#8220;1\/2&#8243; css=&#8220;.vc_custom_1488986729360{padding-top: 50px !important;padding-right: 50px !important;padding-bottom: 50px !important;padding-left: 80px !important;}&#8220;][vc_column_text]<\/p>\n<h1 style=\"text-align: right;\">REVISIONST\u00dcREN<\/h1>\n<h3 style=\"text-align: right;\">AUFZ\u00dcGE<\/h3>\n<p>[\/vc_column_text][vc_separator type=&#8220;small&#8220; position=&#8220;right&#8220; thickness=&#8220;1&#8243; width=&#8220;280&#8243;][vc_column_text]<\/p>\n<p style=\"text-align: right;\"><strong><span class=\"bold\"> ABMESSUNGEN <\/span><\/strong> (Breite x H\u00f6he):<\/p>\n<p style=\"text-align: right;\"><span class=\"bold_verde\"> BAUBREITE <\/span> = 700 x 700 mm.<br \/>\n<span class=\"bold_verde\">GROBE \u00d6FFNUNG <\/span>= 620 x 620 mm.<\/p>\n<p style=\"text-align: right;\">.<\/p>\n<p>[\/vc_column_text][\/vc_column][vc_column width=&#8220;1\/2&#8243; css=&#8220;.vc_custom_1488973520974{margin-left: 0px !important;padding-left: 0px !important;}&#8220;][vc_single_image image=&#8220;16895&#8243; img_size=&#8220;full&#8220; alignment=&#8220;right&#8220; qode_css_animation=&#8220;&#8220;][\/vc_column][\/vc_row][vc_row css_animation=&#8220;&#8220; row_type=&#8220;row&#8220; use_row_as_full_screen_section=&#8220;no&#8220; type=&#8220;full_width&#8220; angled_section=&#8220;no&#8220; text_align=&#8220;left&#8220; background_image_as_pattern=&#8220;without_pattern&#8220; css=&#8220;.vc_custom_1488954562070{background-color: #ffffff !important;}&#8220;][vc_column width=&#8220;1\/2&#8243; css=&#8220;.vc_custom_1488986753756{padding-top: 50px !important;padding-right: 50px !important;padding-bottom: 50px !important;padding-left: 80px !important;}&#8220;][vc_column_text]<\/p>\n<h2 style=\"text-align: right;\">REVISIONST\u00dcREN<\/h2>\n<h3 style=\"text-align: right;\">REVISIONST\u00dcREN F\u00dcR GAS UND STROMZ\u00c4HLER<\/h3>\n<p>[\/vc_column_text][vc_separator type=&#8220;small&#8220; position=&#8220;right&#8220; thickness=&#8220;1&#8243; width=&#8220;290&#8243;][vc_column_text]<\/p>\n<p style=\"text-align: right;\"><strong><span class=\"bold\"> ABMESSUNGEN <\/span><\/strong> (Breite x H\u00f6he):<\/p>\n<p style=\"text-align: right;\"><span class=\"bold_verde\">BAUBREITE<\/span> &#8212;&#8212;&#8211; <span class=\"bold_verde\">GROBE \u00d6FFNUNG<\/span><br \/>\n785 x 1490 mm. &#8212;&#8211; 710 x 1410 mm.<br \/>\n785 x 1090 mm. &#8212;&#8211; 710 x 1010 mm.<br \/>\n660 x 590 mm. &#8212;&#8212; 580 x 485 mm.<\/p>\n<p>[\/vc_column_text][\/vc_column][vc_column width=&#8220;1\/2&#8243;][vc_single_image image=&#8220;16901&#8243; img_size=&#8220;full&#8220; alignment=&#8220;right&#8220; qode_css_animation=&#8220;&#8220; css=&#8220;.vc_custom_1489081166096{margin-left: -15px !important;padding-left: -15px !important;}&#8220;][\/vc_column][\/vc_row][vc_row css_animation=&#8220;&#8220; row_type=&#8220;row&#8220; use_row_as_full_screen_section=&#8220;no&#8220; type=&#8220;full_width&#8220; angled_section=&#8220;no&#8220; text_align=&#8220;left&#8220; background_image_as_pattern=&#8220;without_pattern&#8220; css=&#8220;.vc_custom_1488966105654{background-color: #84aa35 !important;}&#8220;][vc_column width=&#8220;1\/2&#8243;][vc_row_inner row_type=&#8220;row&#8220; type=&#8220;full_width&#8220; text_align=&#8220;left&#8220; css_animation=&#8220;&#8220; css=&#8220;.vc_custom_1488975069060{margin-top: 60px !important;margin-bottom: 30px !important;}&#8220;][vc_column_inner width=&#8220;1\/6&#8243;]<span data-type=\"normal\"  class=\"qode_icon_shortcode  q_font_awsome_icon fa-2x pull-right \" style=\" \"><i class=\"qode_icon_font_awesome fa fa-file-text qode_icon_element\" style=\"color: #d4e5b1;\" ><\/i><\/span>[\/vc_column_inner][vc_column_inner width=&#8220;5\/6&#8243;]<div class=\"custom_font_holder\" style=\"font-family: Montserrat; font-size: 17px; line-height: 26px; font-style: normal; font-weight: 500; color: #ffffff; text-decoration: none; text-align: left;\">TECHNISCHE EIGENSCHAFTEN<\/div>[vc_separator type=&#8220;small&#8220; position=&#8220;left&#8220; color=&#8220;#ffffff&#8220; thickness=&#8220;1&#8243; width=&#8220;250&#8243;][vc_column_text]<\/p>\n<h3><span style=\"color: #ffffff;\"><strong>AUFZ\u00dcGE<\/strong><\/span><\/h3>\n<p><span style=\"color: #ffffff;\"><strong>\u2022<\/strong> Hergestellt mit 2 verzinkten Stahlplatten, zusammengebaut mit gefalteten.<\/span><\/p>\n<p><span style=\"color: #ffffff;\"><strong>\u2022<\/strong> Profilrahmen aus verzinktem Stahlblech mit Klemmbacken.<\/span><\/p>\n<p><span style=\"color: #ffffff;\"><strong>\u2022<\/strong> Schloss mit Schl\u00fcssel au\u00dfen und innen.<\/span><\/p>\n<p><span style=\"color: #ffffff;\"><strong>\u2022<\/strong> Auf Wunsch Sicherheitst\u00fcrknauf.<\/span>[\/vc_column_text][vc_column_text css=&#8220;.vc_custom_1502365403588{margin-top: 20px !important;}&#8220;]<\/p>\n<h3><span style=\"color: #ffffff;\"><strong>WASSERZ\u00c4HLER<\/strong><\/span><\/h3>\n<p><span style=\"color: #ffffff;\"><strong>\u2022<\/strong> Die T\u00fcr wird komplett verzinkt geliefert.<\/span><\/p>\n<p><span style=\"color: #ffffff;\"><strong>\u2022<\/strong> Vierkantschloss mit Schl\u00fcssel.<\/span>[\/vc_column_text][vc_column_text css=&#8220;.vc_custom_1502365517056{margin-top: 20px !important;}&#8220;]<\/p>\n<h3><span style=\"color: #ffffff;\"><strong>REVISIONST\u00dcREN F\u00dcR GAS UND STROMZ\u00c4HLER<\/strong><\/span><\/h3>\n<p><span style=\"color: #ffffff;\"><strong>\u2022<\/strong> Offener Rahmen mit Klemmen f\u00fcr die Montage.<\/span><\/p>\n<p><span style=\"color: #ffffff;\"><strong>\u2022<\/strong> Fl\u00fcgel mit L\u00fcftungsgitter.<\/span><\/p>\n<p><span style=\"color: #ffffff;\"><strong>\u2022<\/strong> Spezial-Dreikantschloss.<\/span><\/p>\n<p><span style=\"color: #ffffff;\"><strong>\u2022<\/strong> Oberfl\u00e4che komplett verzinkt.<\/span>[\/vc_column_text][\/vc_column_inner][\/vc_row_inner][\/vc_column][vc_column width=&#8220;1\/2&#8243;][vc_row_inner row_type=&#8220;row&#8220; type=&#8220;full_width&#8220; text_align=&#8220;left&#8220; css_animation=&#8220;&#8220; css=&#8220;.vc_custom_1488975069060{margin-top: 60px !important;margin-bottom: 30px !important;}&#8220;][vc_column_inner width=&#8220;1\/6&#8243;]<span data-type=\"normal\"  class=\"qode_icon_shortcode  q_font_awsome_icon fa-2x pull-right \" style=\" \"><i class=\"qode_icon_font_awesome fa fa-hand-o-right qode_icon_element\" style=\"color: #d4e5b1;\" ><\/i><\/span>[\/vc_column_inner][vc_column_inner width=&#8220;5\/6&#8243;]<div class=\"custom_font_holder\" style=\"font-family: Montserrat; font-size: 30px; line-height: 32px; font-style: normal; font-weight: 300; color: #ffffff; text-decoration: none; margin: 0px 150px 50px 0px; text-align: left;\">QUALIT\u00c4T DOORS IN STANDARD MASSNAHMEN UND EINFACH INSTALLATION.<\/div>[\/vc_column_inner][\/vc_row_inner][\/vc_column][\/vc_row]<\/p>\n","protected":false},"excerpt":{"rendered":"<p>[vc_row css_animation=&#8220;&#8220; row_type=&#8220;row&#8220; use_row_as_full_screen_section=&#8220;no&#8220; type=&#8220;full_width&#8220; angled_section=&#8220;no&#8220; text_align=&#8220;left&#8220; background_image_as_pattern=&#8220;without_pattern&#8220; css=&#8220;.vc_custom_1488954562070{background-color: #ffffff !important;}&#8220;][vc_column width=&#8220;1\/2&#8243; css=&#8220;.vc_custom_1488986729360{padding-top: 50px !important;padding-right: 50px !important;padding-bottom: 50px !important;padding-left: 80px !important;}&#8220;][vc_column_text] REVISIONST\u00dcREN AUFZ\u00dcGE [\/vc_column_text][vc_separator type=&#8220;small&#8220; position=&#8220;right&#8220; thickness=&#8220;1&#8243; width=&#8220;280&#8243;][vc_column_text] ABMESSUNGEN (Breite x H\u00f6he): BAUBREITE = 700 x 700 mm. GROBE \u00d6FFNUNG = 620 x 620 mm&#8230;.<\/p>\n","protected":false},"author":1,"featured_media":0,"parent":0,"menu_order":0,"comment_status":"open","ping_status":"closed","template":"full_width.php","meta":{"footnotes":""},"_links":{"self":[{"href":"https:\/\/www.puertasalvarez.com\/website\/de\/wp-json\/wp\/v2\/pages\/17605"}],"collection":[{"href":"https:\/\/www.puertasalvarez.com\/website\/de\/wp-json\/wp\/v2\/pages"}],"about":[{"href":"https:\/\/www.puertasalvarez.com\/website\/de\/wp-json\/wp\/v2\/types\/page"}],"author":[{"embeddable":true,"href":"https:\/\/www.puertasalvarez.com\/website\/de\/wp-json\/wp\/v2\/users\/1"}],"replies":[{"embeddable":true,"href":"https:\/\/www.puertasalvarez.com\/website\/de\/wp-json\/wp\/v2\/comments?post=17605"}],"version-history":[{"count":4,"href":"https:\/\/www.puertasalvarez.com\/website\/de\/wp-json\/wp\/v2\/pages\/17605\/revisions"}],"predecessor-version":[{"id":17873,"href":"https:\/\/www.puertasalvarez.com\/website\/de\/wp-json\/wp\/v2\/pages\/17605\/revisions\/17873"}],"wp:attachment":[{"href":"https:\/\/www.puertasalvarez.com\/website\/de\/wp-json\/wp\/v2\/media?parent=17605"}],"curies":[{"name":"wp","href":"https:\/\/api.w.org\/{rel}","templated":true}]}}