{"id":17011,"date":"2017-03-13T14:05:39","date_gmt":"2017-03-13T14:05:39","guid":{"rendered":"http:\/\/www.puertasalvarez.com\/website\/?page_id=17011\/"},"modified":"2018-08-13T07:07:24","modified_gmt":"2018-08-13T07:07:24","slug":"avis-legal","status":"publish","type":"page","link":"https:\/\/www.puertasalvarez.com\/website\/fr\/avis-legal\/","title":{"rendered":"AVIS L\u00c9GAL"},"content":{"rendered":"<p>[vc_row css_animation=\u00a0\u00bb\u00a0\u00bb row_type=\u00a0\u00bbrow\u00a0\u00bb use_row_as_full_screen_section=\u00a0\u00bbno\u00a0\u00bb type=\u00a0\u00bbfull_width\u00a0\u00bb angled_section=\u00a0\u00bbno\u00a0\u00bb text_align=\u00a0\u00bbleft\u00a0\u00bb background_image_as_pattern=\u00a0\u00bbwithout_pattern\u00a0\u00bb css=\u00a0\u00bb.vc_custom_1488998346421{padding-top: 60px !important;padding-right: 150px !important;padding-bottom: 150px !important;padding-left: 150px !important;background-color: #ffffff !important;}\u00a0\u00bb][vc_column][vc_column_text]<strong><span class=\" bold_verde\">Titulaire<\/span><\/strong><\/p>\n<p>DONN\u00c9ES D&rsquo;IDENTIFICATION:<\/p>\n<p><em>Nom de domaine:\u00a0<a href=\"http:\/\/www.puertasalvarez.com\/\" data-saferedirecturl=\"https:\/\/www.google.com\/url?q=http:\/\/www.puertasalvarez.com&amp;source=gmail&amp;ust=1534228106676000&amp;usg=AFQjCNH_kQjSu-WCVZTu_mhIFFdl5DgN6w\">www.puertasalvarez.com<\/a><\/em><\/p>\n<p><em>Nom commercial: PUERTAS ALVAREZ, S.L.<\/em><\/p>\n<p><em>Nom de la soci\u00e9t\u00e9: PUERTAS \u00c1LVAREZ, S.L.<\/em><\/p>\n<p><em>NIF: B12490702<\/em><\/p>\n<p><em>Si\u00e8ge social: AVDA. MEDITARRANEO 3 , 12400 SEGORBE (CASTELL\u00d3N)<\/em><\/p>\n<p><em>T\u00e9l\u00e9phone: 964710326<\/em><\/p>\n<p><em>e-mail:\u00a0<a href=\"mailto:maribel@puertasalvarez.com\">maribel@puertasalvarez.com<\/a><\/em><\/p>\n<p><em>Enregistr\u00e9 dans le Registre (Mercantile \/ Public): Registre Mercantile de CASTELL\u00d3N, TOMO 947, LIVRE 512, FOLIO 57, SECTION 8, FEUILLE CS-14247, INSCRIPTION 10.<\/em><\/p>\n<p>&nbsp;<\/p>\n<p>Les informations ci-apr\u00e8s sont fournies conform\u00e9ment au devoir d&rsquo;informations stipul\u00e9 dans l&rsquo;article 10 de la Loi 34\/2002 du 11 juillet, sur les Services de la soci\u00e9t\u00e9 de l&rsquo;information et du commerce \u00e9lectronique : puertasalvarez.com est un domaine Internet dont le titulaire est l&rsquo;entreprise PUERTAS ALVAREZ S.L.[\/vc_column_text][vc_column_text css=\u00a0\u00bb.vc_custom_1489413745786{margin-top: 20px !important;}\u00a0\u00bb]PUERTAS ALVAREZ S.L. est titulaire de tous les droits de propri\u00e9t\u00e9 intellectuelle et industrielle de cette page Web, ainsi que de tous les \u00e9l\u00e9ments qui y sont contenus (en particulier, les images, les photos, les sons, les vid\u00e9os, les logiciels, les textes, les marques, les logos, les combinaisons de couleur, la structure et le design, etc.).[\/vc_column_text][vc_column_text css=\u00a0\u00bb.vc_custom_1489413777644{margin-top: 20px !important;}\u00a0\u00bb]<strong><span class=\" bold_verde\">Conditions d&rsquo;utilisation<\/span><\/strong><\/p>\n<p>Toute personne acc\u00e9dant \u00e0 ce site Web et l&rsquo;utilisant est consid\u00e9r\u00e9e comme un utilisateur. Le simple fait d&rsquo;\u00eatre un utilisateur implique l&rsquo;acceptation totale des conditions de cet avis l\u00e9gal et des conditions sp\u00e9ciales qui pourraient \u00eatre stipul\u00e9es pour certains services et utilitaires. Les utilisateurs s&rsquo;engagent \u00e0 agir en fonction des conditions mentionn\u00e9es et \u00e0 respecter les dispositions de la r\u00e8glementation l\u00e9gale, ainsi que les instructions ou avis qui seraient mis \u00e0 leur connaissance.[\/vc_column_text][vc_column_text css=\u00a0\u00bb.vc_custom_1489413793002{margin-top: 20px !important;}\u00a0\u00bb]L&rsquo;utilisateur reconna\u00eet et accepte que l&rsquo;acc\u00e8s au pr\u00e9sent site Web ne constitue, en aucun cas, le d\u00e9but d&rsquo;une relation commerciale avec PUERTAS ALVAREZ S.L.[\/vc_column_text][vc_column_text css=\u00a0\u00bb.vc_custom_1489413809310{margin-top: 20px !important;}\u00a0\u00bb]De mani\u00e8re g\u00e9n\u00e9rale, les relations entre PUERTAS ALVAREZ S.L. et les utilisateurs de ses services t\u00e9l\u00e9matiques, pr\u00e9sents sur ce site Web, sont soumises \u00e0 la l\u00e9gislation et \u00e0 la juridiction espagnoles.[\/vc_column_text][vc_column_text css=\u00a0\u00bb.vc_custom_1489413829335{margin-top: 20px !important;}\u00a0\u00bb]Lorsque l&rsquo;utilisation d&rsquo;un mot de passe ou d&rsquo;un nom d&rsquo;utilisateur est n\u00e9cessaire pour acc\u00e9der \u00e0 un contenu ou \u00e0 un service de ce site Web, l&rsquo;utilisateur est tenu d&rsquo;en assurer la confidentialit\u00e9 et de les utiliser \u00e0 bon escient. En cas de perte ou d&rsquo;utilisation n\u00e9gligente du mot de passe, l&rsquo;utilisateur sera responsable de l&rsquo;utilisation que pourraient ou auraient pu en faire de tierces personnes.[\/vc_column_text][vc_column_text css=\u00a0\u00bb.vc_custom_1489413876566{margin-top: 20px !important;}\u00a0\u00bb]PUERTAS ALVAREZ S.L. est le titulaire des droits de propri\u00e9t\u00e9 intellectuelle du contenu des pages Web, du design graphique et des codes. En vertu des dispositions des articles 8 et 32.1, deuxi\u00e8me alin\u00e9a, de la Loi sur la Propri\u00e9t\u00e9 intellectuelle, la reproduction, la distribution et la divulgation, y compris la mise \u00e0 disposition, de tout ou partie des contenus de cette page Web, \u00e0 des fins commerciales, quel qu&rsquo;en soit le support et par quelque moyen technique que ce soit, sont strictement interdites sans l&rsquo;autorisation de PUERTAS ALVAREZ S.L. L&rsquo;utilisateur s&rsquo;engage \u00e0 respecter les droits de propri\u00e9t\u00e9 intellectuelle et industrielle dont PUERTAS ALVAREZ S.L. est le titulaire.[\/vc_column_text][vc_column_text css=\u00a0\u00bb.vc_custom_1489413891569{margin-top: 20px !important;}\u00a0\u00bb]Tout lien tiers renvoyant vers le site Web doit pointer vers sa page principale. Les liens profonds, les liens de cadrage et tout autre d\u00e9tournement des contenus du site Web, en faveur de tiers non autoris\u00e9s, sont express\u00e9ment interdits.[\/vc_column_text][vc_column_text css=\u00a0\u00bb.vc_custom_1489413906140{margin-top: 20px !important;}\u00a0\u00bb]PUERTAS ALVAREZ S.L. se r\u00e9serve le droit d&rsquo;effectuer, \u00e0 tout moment et sans pr\u00e9avis, toute modification et actualisation des informations contenues sur ce site Web, de leur configuration et de leur pr\u00e9sentation, et des conditions d&rsquo;acc\u00e8s.[\/vc_column_text][vc_column_text css=\u00a0\u00bb.vc_custom_1489413920925{margin-top: 20px !important;}\u00a0\u00bb]PUERTAS ALVAREZ S.L. ne garantit pas l&rsquo;inexistence d&rsquo;interruptions ou d&rsquo;erreurs d&rsquo;acc\u00e8s \u00e0 la page Web ou \u00e0 son contenu, ni le fait que ce dernier soit \u00e0 jour. PUERTAS ALVAREZ S.L. mettra tout en \u0153uvre pour r\u00e9soudre les erreurs, r\u00e9tablir la communication et actualiser les contenus, d\u00e8s qu&rsquo;elle en aura eu connaissance, et \u00e0 condition que cela soit possible et facile \u00e0 ex\u00e9cuter.[\/vc_column_text][vc_column_text css=\u00a0\u00bb.vc_custom_1489413935301{margin-top: 20px !important;}\u00a0\u00bb]L&rsquo;acc\u00e8s au site Web et l&rsquo;utilisation non autoris\u00e9e des informations qui y sont contenues sont de la responsabilit\u00e9 exclusive de l&rsquo;utilisateur concern\u00e9. PUERTAS ALVAREZ S.L. n&rsquo;est pas responsable des cons\u00e9quences d&rsquo;\u00e9ventuels dommages ou pr\u00e9judices dus \u00e0 un tel acc\u00e8s ou \u00e0 une telle utilisation. PUERTAS ALVAREZ S.L. n&rsquo;est pas responsable des erreurs de s\u00e9curit\u00e9 qui pourraient se produire, ni des dommages que pourrait subir en cons\u00e9quence le syst\u00e8me informatique de l&rsquo;utilisateur (mat\u00e9riel et logiciel) ou les fichiers ou documents qui y sont stock\u00e9s.[\/vc_column_text][\/vc_column][\/vc_row]<\/p>\n","protected":false},"excerpt":{"rendered":"<p>[vc_row css_animation=\u00a0\u00bb\u00a0\u00bb row_type=\u00a0\u00bbrow\u00a0\u00bb use_row_as_full_screen_section=\u00a0\u00bbno\u00a0\u00bb type=\u00a0\u00bbfull_width\u00a0\u00bb angled_section=\u00a0\u00bbno\u00a0\u00bb text_align=\u00a0\u00bbleft\u00a0\u00bb background_image_as_pattern=\u00a0\u00bbwithout_pattern\u00a0\u00bb css=\u00a0\u00bb.vc_custom_1488998346421{padding-top: 60px !important;padding-right: 150px !important;padding-bottom: 150px !important;padding-left: 150px !important;background-color: #ffffff !important;}\u00a0\u00bb][vc_column][vc_column_text]Titulaire DONN\u00c9ES D&rsquo;IDENTIFICATION: Nom de domaine:\u00a0www.puertasalvarez.com Nom commercial: PUERTAS ALVAREZ, S.L. Nom de la soci\u00e9t\u00e9: PUERTAS \u00c1LVAREZ, S.L. NIF: B12490702 Si\u00e8ge social: AVDA. MEDITARRANEO 3 , 12400&#8230;<\/p>\n","protected":false},"author":1,"featured_media":0,"parent":0,"menu_order":0,"comment_status":"closed","ping_status":"closed","template":"full_width.php","meta":{"footnotes":""},"_links":{"self":[{"href":"https:\/\/www.puertasalvarez.com\/website\/fr\/wp-json\/wp\/v2\/pages\/17011"}],"collection":[{"href":"https:\/\/www.puertasalvarez.com\/website\/fr\/wp-json\/wp\/v2\/pages"}],"about":[{"href":"https:\/\/www.puertasalvarez.com\/website\/fr\/wp-json\/wp\/v2\/types\/page"}],"author":[{"embeddable":true,"href":"https:\/\/www.puertasalvarez.com\/website\/fr\/wp-json\/wp\/v2\/users\/1"}],"replies":[{"embeddable":true,"href":"https:\/\/www.puertasalvarez.com\/website\/fr\/wp-json\/wp\/v2\/comments?post=17011"}],"version-history":[{"count":3,"href":"https:\/\/www.puertasalvarez.com\/website\/fr\/wp-json\/wp\/v2\/pages\/17011\/revisions"}],"predecessor-version":[{"id":17774,"href":"https:\/\/www.puertasalvarez.com\/website\/fr\/wp-json\/wp\/v2\/pages\/17011\/revisions\/17774"}],"wp:attachment":[{"href":"https:\/\/www.puertasalvarez.com\/website\/fr\/wp-json\/wp\/v2\/media?parent=17011"}],"curies":[{"name":"wp","href":"https:\/\/api.w.org\/{rel}","templated":true}]}}