{"id":17049,"date":"2017-03-14T07:04:23","date_gmt":"2017-03-14T07:04:23","guid":{"rendered":"http:\/\/www.puertasalvarez.com\/website\/homologations\/"},"modified":"2021-05-18T15:27:43","modified_gmt":"2021-05-18T15:27:43","slug":"homologations-2","status":"publish","type":"page","link":"https:\/\/www.puertasalvarez.com\/website\/fr\/homologations-2\/","title":{"rendered":"HOMOLOGATIONS"},"content":{"rendered":"<p>[vc_row css_animation=\u00a0\u00bb\u00a0\u00bb row_type=\u00a0\u00bbrow\u00a0\u00bb use_row_as_full_screen_section=\u00a0\u00bbno\u00a0\u00bb type=\u00a0\u00bbfull_width\u00a0\u00bb angled_section=\u00a0\u00bbno\u00a0\u00bb text_align=\u00a0\u00bbleft\u00a0\u00bb background_image_as_pattern=\u00a0\u00bbwithout_pattern\u00a0\u00bb css=\u00a0\u00bb.vc_custom_1488954562070{background-color: #ffffff !important;}\u00a0\u00bb][vc_column width=\u00a0\u00bb1\/2&Prime; css=\u00a0\u00bb.vc_custom_1489142051124{margin-right: 0px !important;padding-right: 0px !important;}\u00a0\u00bb][vc_single_image image=\u00a0\u00bb16976&Prime; img_size=\u00a0\u00bbfull\u00a0\u00bb qode_css_animation=\u00a0\u00bb\u00a0\u00bb][\/vc_column][vc_column width=\u00a0\u00bb1\/2&Prime; css=\u00a0\u00bb.vc_custom_1489141535759{padding-top: 50px !important;padding-right: 80px !important;padding-bottom: 50px !important;padding-left: 50px !important;}\u00a0\u00bb][vc_column_text]<\/p>\n<h1 id=\"tw-target-text\" class=\"tw-data-text tw-ta tw-text-medium\" dir=\"ltr\" data-placeholder=\"Traducci\u00f3n\"><span lang=\"fr\">QUALIT\u00c9 EST NOTRE ENGAGEMENT<\/span><\/h1>\n<p>[\/vc_column_text][vc_separator type=\u00a0\u00bbsmall\u00a0\u00bb position=\u00a0\u00bbleft\u00a0\u00bb thickness=\u00a0\u00bb1&Prime; width=\u00a0\u00bb280&Prime;][vc_column_text]<\/p>\n<p style=\"text-align: left;\">D\u00e8s ses d\u00e9buts, PUERTAS ALVAREZ S.L. a fait de la qualit\u00e9 de ses produits son cheval de bataille. Le mat\u00e9riau employ\u00e9 dans la fabrication des t\u00f4les et des cadres de nos portes est donc conforme \u00e0 la norme <strong><span class=\"bold\">UNE EN-10204, 3.16 EUR<\/span><\/strong>.<\/p>\n<p>[\/vc_column_text][vc_column_text css=\u00a0\u00bb.vc_custom_1489141489191{margin-top: 20px !important;}\u00a0\u00bb]<\/p>\n<p style=\"text-align: left;\">Pour pouvoir offrir des produits de qualit\u00e9 maximale \u00e0 un marche chaque jour plus concurrentiel et exigent, nous nous soucions du plus petit d\u00e9tail. Les serrures fournies avec toutes les portes fabriqu\u00e9es par PUERTAS ALVAREZ S.L. sont conformes aux syst\u00e8mes de qualit\u00e9 bas\u00e9s sur la norme <strong><span class=\"bold\">ISO 9001:2000<\/span><\/strong>.<\/p>\n<p>[\/vc_column_text][\/vc_column][\/vc_row][vc_row css_animation=\u00a0\u00bb\u00a0\u00bb row_type=\u00a0\u00bbrow\u00a0\u00bb use_row_as_full_screen_section=\u00a0\u00bbno\u00a0\u00bb type=\u00a0\u00bbfull_width\u00a0\u00bb angled_section=\u00a0\u00bbno\u00a0\u00bb text_align=\u00a0\u00bbleft\u00a0\u00bb background_image_as_pattern=\u00a0\u00bbwithout_pattern\u00a0\u00bb css=\u00a0\u00bb.vc_custom_1488954562070{background-color: #ffffff !important;}\u00a0\u00bb][vc_column width=\u00a0\u00bb1\/2&Prime; css=\u00a0\u00bb.vc_custom_1489141614401{padding-top: 50px !important;padding-right: 50px !important;padding-bottom: 50px !important;padding-left: 80px !important;}\u00a0\u00bb][vc_column_text]<\/p>\n<h2 style=\"text-align: left;\">CERTIFICATS DE QUALIT\u00c9<\/h2>\n<p>[\/vc_column_text][vc_separator type=\u00a0\u00bbsmall\u00a0\u00bb position=\u00a0\u00bbleft\u00a0\u00bb thickness=\u00a0\u00bb1&Prime; width=\u00a0\u00bb210&Prime;][vc_column_text]<\/p>\n<p style=\"text-align: left;\">Nous disposons du marquage CE pour les deux produits Polyur\u00e9thane et Mod\u00e8les \u00c9CO. Si vous le souhaitez, vous pouvez t\u00e9l\u00e9charger les fichiers d&rsquo;homologation au format PDF en les s\u00e9lectionnant dans la liste ci-dessous.<\/p>\n<p>[\/vc_column_text][vc_empty_space]<a  itemprop=\"url\" href=\"http:\/\/www.puertasalvarez.com\/website\/wp-content\/uploads\/2021\/05\/ISO_9001_ALVAREZ.pdf\" target=\"_blank\" data-hover-background-color=#426b00 data-hover-border-color=#426b00  class=\"qbutton  center default\" style=\"color: #ffffff; border-color: #84aa35; background-color: #84aa35;\">QUALIT\u00c9 - ISO 9001: 2015<\/a>[vc_empty_space height=\u00a0\u00bb26px\u00a0\u00bb]<a  itemprop=\"url\" href=\"\/website?page_id=17430\" target=\"_self\" data-hover-background-color=#426b00 data-hover-border-color=#426b00  class=\"qbutton  center default\" style=\"color: #ffffff; border-color: #84aa35; background-color: #84aa35;\">MARQUAGE CE<\/a>[vc_empty_space height=\u00a0\u00bb26px\u00a0\u00bb]<a  itemprop=\"url\" href=\"\/website?page_id=17430\" target=\"_self\" data-hover-background-color=#426b00 data-hover-border-color=#426b00  class=\"qbutton  center default\" style=\"color: #ffffff; border-color: #84aa35; background-color: #84aa35;\">MANUEL D'INSTALLATION<\/a>[\/vc_column][vc_column width=\u00a0\u00bb1\/2&Prime; css=\u00a0\u00bb.vc_custom_1489142085829{margin-left: 0px !important;padding-left: 0px !important;}\u00a0\u00bb][vc_single_image image=\u00a0\u00bb17457&Prime; img_size=\u00a0\u00bbfull\u00a0\u00bb alignment=\u00a0\u00bbright\u00a0\u00bb qode_css_animation=\u00a0\u00bb\u00a0\u00bb css=\u00a0\u00bb.vc_custom_1501777218355{margin-right: -15px !important;padding-right: -15px !important;}\u00a0\u00bb][\/vc_column][\/vc_row][vc_row css_animation=\u00a0\u00bb\u00a0\u00bb row_type=\u00a0\u00bbrow\u00a0\u00bb use_row_as_full_screen_section=\u00a0\u00bbno\u00a0\u00bb type=\u00a0\u00bbfull_width\u00a0\u00bb angled_section=\u00a0\u00bbno\u00a0\u00bb text_align=\u00a0\u00bbleft\u00a0\u00bb background_image_as_pattern=\u00a0\u00bbwithout_pattern\u00a0\u00bb][vc_column][vc_column_text]<\/p>\n<p>[\/vc_column_text][\/vc_column][\/vc_row]<\/p>\n","protected":false},"excerpt":{"rendered":"<p>[vc_row css_animation=\u00a0\u00bb\u00a0\u00bb row_type=\u00a0\u00bbrow\u00a0\u00bb use_row_as_full_screen_section=\u00a0\u00bbno\u00a0\u00bb type=\u00a0\u00bbfull_width\u00a0\u00bb angled_section=\u00a0\u00bbno\u00a0\u00bb text_align=\u00a0\u00bbleft\u00a0\u00bb background_image_as_pattern=\u00a0\u00bbwithout_pattern\u00a0\u00bb css=\u00a0\u00bb.vc_custom_1488954562070{background-color: #ffffff !important;}\u00a0\u00bb][vc_column width=\u00a0\u00bb1\/2&Prime; css=\u00a0\u00bb.vc_custom_1489142051124{margin-right: 0px !important;padding-right: 0px !important;}\u00a0\u00bb][vc_single_image image=\u00a0\u00bb16976&Prime; img_size=\u00a0\u00bbfull\u00a0\u00bb qode_css_animation=\u00a0\u00bb\u00a0\u00bb][\/vc_column][vc_column width=\u00a0\u00bb1\/2&Prime; css=\u00a0\u00bb.vc_custom_1489141535759{padding-top: 50px !important;padding-right: 80px !important;padding-bottom: 50px !important;padding-left: 50px !important;}\u00a0\u00bb][vc_column_text] QUALIT\u00c9 EST NOTRE ENGAGEMENT [\/vc_column_text][vc_separator type=\u00a0\u00bbsmall\u00a0\u00bb position=\u00a0\u00bbleft\u00a0\u00bb thickness=\u00a0\u00bb1&Prime; width=\u00a0\u00bb280&Prime;][vc_column_text] D\u00e8s ses d\u00e9buts, PUERTAS ALVAREZ S.L&#8230;.<\/p>\n","protected":false},"author":1,"featured_media":0,"parent":0,"menu_order":0,"comment_status":"open","ping_status":"closed","template":"full_width.php","meta":{"footnotes":""},"_links":{"self":[{"href":"https:\/\/www.puertasalvarez.com\/website\/fr\/wp-json\/wp\/v2\/pages\/17049"}],"collection":[{"href":"https:\/\/www.puertasalvarez.com\/website\/fr\/wp-json\/wp\/v2\/pages"}],"about":[{"href":"https:\/\/www.puertasalvarez.com\/website\/fr\/wp-json\/wp\/v2\/types\/page"}],"author":[{"embeddable":true,"href":"https:\/\/www.puertasalvarez.com\/website\/fr\/wp-json\/wp\/v2\/users\/1"}],"replies":[{"embeddable":true,"href":"https:\/\/www.puertasalvarez.com\/website\/fr\/wp-json\/wp\/v2\/comments?post=17049"}],"version-history":[{"count":16,"href":"https:\/\/www.puertasalvarez.com\/website\/fr\/wp-json\/wp\/v2\/pages\/17049\/revisions"}],"predecessor-version":[{"id":17866,"href":"https:\/\/www.puertasalvarez.com\/website\/fr\/wp-json\/wp\/v2\/pages\/17049\/revisions\/17866"}],"wp:attachment":[{"href":"https:\/\/www.puertasalvarez.com\/website\/fr\/wp-json\/wp\/v2\/media?parent=17049"}],"curies":[{"name":"wp","href":"https:\/\/api.w.org\/{rel}","templated":true}]}}