{"id":17568,"date":"2017-08-10T05:09:13","date_gmt":"2017-08-10T05:09:13","guid":{"rendered":"http:\/\/www.puertasalvarez.com\/website\/?page_id=17568\/"},"modified":"2017-08-10T05:19:07","modified_gmt":"2017-08-10T05:19:07","slug":"portes-de-securite-residentielles","status":"publish","type":"page","link":"https:\/\/www.puertasalvarez.com\/website\/fr\/portes-de-securite-residentielles\/","title":{"rendered":"PORTES DE S\u00c9CURIT\u00c9 R\u00c9SIDENTIELLES"},"content":{"rendered":"<p>[vc_row css_animation=\u00a0\u00bb\u00a0\u00bb row_type=\u00a0\u00bbrow\u00a0\u00bb use_row_as_full_screen_section=\u00a0\u00bbno\u00a0\u00bb type=\u00a0\u00bbfull_width\u00a0\u00bb angled_section=\u00a0\u00bbno\u00a0\u00bb text_align=\u00a0\u00bbleft\u00a0\u00bb background_image_as_pattern=\u00a0\u00bbwithout_pattern\u00a0\u00bb css=\u00a0\u00bb.vc_custom_1488988247065{padding-top: 50px !important;background-color: #f2f2f2 !important;}\u00a0\u00bb][vc_column width=\u00a0\u00bb1\/4&Prime;][\/vc_column][vc_column width=\u00a0\u00bb1\/2&Prime;][vc_row_inner row_type=\u00a0\u00bbrow\u00a0\u00bb type=\u00a0\u00bbfull_width\u00a0\u00bb text_align=\u00a0\u00bbleft\u00a0\u00bb css_animation=\u00a0\u00bb\u00a0\u00bb][vc_column_inner width=\u00a0\u00bb1\/4&Prime;][vc_single_image image=\u00a0\u00bb17203&Prime; img_size=\u00a0\u00bb136&#215;136&Prime; alignment=\u00a0\u00bbcenter\u00a0\u00bb style=\u00a0\u00bbvc_box_border_circle_2&Prime; border_color=\u00a0\u00bbwhite\u00a0\u00bb qode_css_animation=\u00a0\u00bb\u00a0\u00bb][\/vc_column_inner][vc_column_inner width=\u00a0\u00bb1\/4&Prime;][vc_single_image image=\u00a0\u00bb17208&Prime; img_size=\u00a0\u00bb136&#215;136&Prime; alignment=\u00a0\u00bbcenter\u00a0\u00bb style=\u00a0\u00bbvc_box_border_circle_2&Prime; border_color=\u00a0\u00bbwhite\u00a0\u00bb qode_css_animation=\u00a0\u00bb\u00a0\u00bb][\/vc_column_inner][vc_column_inner width=\u00a0\u00bb1\/4&Prime;][vc_single_image image=\u00a0\u00bb17213&Prime; img_size=\u00a0\u00bb136&#215;136&Prime; alignment=\u00a0\u00bbcenter\u00a0\u00bb style=\u00a0\u00bbvc_box_border_circle_2&Prime; border_color=\u00a0\u00bbwhite\u00a0\u00bb qode_css_animation=\u00a0\u00bb\u00a0\u00bb][\/vc_column_inner][vc_column_inner width=\u00a0\u00bb1\/4&Prime;][vc_single_image image=\u00a0\u00bb17239&Prime; img_size=\u00a0\u00bb136&#215;136&Prime; alignment=\u00a0\u00bbcenter\u00a0\u00bb style=\u00a0\u00bbvc_box_border_circle_2&Prime; border_color=\u00a0\u00bbwhite\u00a0\u00bb qode_css_animation=\u00a0\u00bb\u00a0\u00bb][\/vc_column_inner][\/vc_row_inner][\/vc_column][vc_column width=\u00a0\u00bb1\/4&Prime;][\/vc_column][\/vc_row][vc_row css_animation=\u00a0\u00bb\u00a0\u00bb row_type=\u00a0\u00bbrow\u00a0\u00bb use_row_as_full_screen_section=\u00a0\u00bbno\u00a0\u00bb type=\u00a0\u00bbfull_width\u00a0\u00bb angled_section=\u00a0\u00bbno\u00a0\u00bb text_align=\u00a0\u00bbleft\u00a0\u00bb background_image_as_pattern=\u00a0\u00bbwithout_pattern\u00a0\u00bb css=\u00a0\u00bb.vc_custom_1488985889489{background-color: #f2f2f2 !important;}\u00a0\u00bb][vc_column]<div class=\"custom_font_holder\" style=\"font-family: Montserrat; font-size: 42px; line-height: 26px; font-style: normal; font-weight: 300; color: #84aa35; text-decoration: none; margin: 30px 50px 30px 50px; text-align: center;\">Galvanis\u00e9es, Laqu\u00e9es ou Coul\u00e9ur Bois<\/div>[vc_separator type=\u00a0\u00bbsmall\u00a0\u00bb position=\u00a0\u00bbcenter\u00a0\u00bb thickness=\u00a0\u00bb1&Prime; width=\u00a0\u00bb400&Prime;][vc_column_text css=\u00a0\u00bb.vc_custom_1502341854804{margin-right: 200px !important;margin-bottom: 50px !important;margin-left: 200px !important;}\u00a0\u00bb]<\/p>\n<p style=\"text-align: center;\">In ligne avec son objectif d&rsquo;offrir \u00e0 ses clients la gamme la plus compl\u00e8te possible de portes m\u00e9talliques pour pi\u00e9tons, Puertas \u00c1lvarez, S.L. vous pr\u00e9sente les PORTES M\u00c9TALLIQUES DE S\u00c9CURIT\u00c9, qui disposent en outre d&rsquo;une isolation thermique et acoustique notable et clairement sup\u00e9rieure \u00e0 celle du bois.<\/p>\n<p>[\/vc_column_text][\/vc_column][\/vc_row][vc_row css_animation=\u00a0\u00bb\u00a0\u00bb row_type=\u00a0\u00bbrow\u00a0\u00bb use_row_as_full_screen_section=\u00a0\u00bbno\u00a0\u00bb type=\u00a0\u00bbfull_width\u00a0\u00bb angled_section=\u00a0\u00bbno\u00a0\u00bb text_align=\u00a0\u00bbleft\u00a0\u00bb background_image_as_pattern=\u00a0\u00bbwithout_pattern\u00a0\u00bb css=\u00a0\u00bb.vc_custom_1488954562070{background-color: #ffffff !important;}\u00a0\u00bb][vc_column width=\u00a0\u00bb1\/2&Prime; css=\u00a0\u00bb.vc_custom_1489095516881{padding-top: 50px !important;padding-right: 50px !important;padding-bottom: 50px !important;padding-left: 80px !important;}\u00a0\u00bb][vc_column_text]<\/p>\n<h2 style=\"text-align: right;\">PORTES MOD\u00c8LE ALBUFERA<\/h2>\n<p>[\/vc_column_text][vc_separator type=\u00a0\u00bbsmall\u00a0\u00bb position=\u00a0\u00bbright\u00a0\u00bb thickness=\u00a0\u00bb1&Prime; width=\u00a0\u00bb230&Prime;][vc_column_text]<\/p>\n<p style=\"text-align: right;\">Portes fournies totalement emball\u00e9es dans leur bo\u00eete en carton.<\/p>\n<p>[\/vc_column_text][vc_column_text css=\u00a0\u00bb.vc_custom_1502341926837{margin-top: 20px !important;}\u00a0\u00bb]<\/p>\n<p style=\"text-align: right;\">Incluent une serrure de s\u00e9curit\u00e9 3 points, un joint en caoutchouc, ainsi que deux boulons antileviers. Ouverture par poign\u00e9e ou manivelle.<\/p>\n<p>[\/vc_column_text][vc_column_text css=\u00a0\u00bb.vc_custom_1502341968751{margin-top: 20px !important;}\u00a0\u00bb]<\/p>\n<p style=\"text-align: right;\"><span style=\"color: #84aa35;\"><strong><span class=\"bold_verde\">Couleurs disponibles:<\/span><\/strong><\/span><br \/>\nPVC blanc laqu\u00e9 (noyer et ch\u00eane), galvanis\u00e9.<\/p>\n<p>[\/vc_column_text][\/vc_column][vc_column width=\u00a0\u00bb1\/2&Prime; css=\u00a0\u00bb.vc_custom_1488973520974{margin-left: 0px !important;padding-left: 0px !important;}\u00a0\u00bb][vc_single_image image=\u00a0\u00bb16962&Prime; img_size=\u00a0\u00bbfull\u00a0\u00bb alignment=\u00a0\u00bbright\u00a0\u00bb qode_css_animation=\u00a0\u00bb\u00a0\u00bb][\/vc_column][\/vc_row][vc_row css_animation=\u00a0\u00bb\u00a0\u00bb row_type=\u00a0\u00bbrow\u00a0\u00bb use_row_as_full_screen_section=\u00a0\u00bbno\u00a0\u00bb type=\u00a0\u00bbfull_width\u00a0\u00bb angled_section=\u00a0\u00bbno\u00a0\u00bb text_align=\u00a0\u00bbleft\u00a0\u00bb background_image_as_pattern=\u00a0\u00bbwithout_pattern\u00a0\u00bb css=\u00a0\u00bb.vc_custom_1488954562070{background-color: #ffffff !important;}\u00a0\u00bb][vc_column width=\u00a0\u00bb1\/2&Prime;][vc_single_image image=\u00a0\u00bb17107&Prime; img_size=\u00a0\u00bbfull\u00a0\u00bb qode_css_animation=\u00a0\u00bb\u00a0\u00bb css=\u00a0\u00bb.vc_custom_1489483870350{margin-right: -15px !important;padding-right: -15px !important;}\u00a0\u00bb][\/vc_column][vc_column width=\u00a0\u00bb1\/2&Prime; css=\u00a0\u00bb.vc_custom_1488986737854{padding-top: 50px !important;padding-right: 80px !important;padding-bottom: 50px !important;padding-left: 50px !important;}\u00a0\u00bb][vc_column_text]<\/p>\n<h2>PORTES MOD\u00c8LE VEDAT<\/h2>\n<p>[\/vc_column_text][vc_separator type=\u00a0\u00bbsmall\u00a0\u00bb position=\u00a0\u00bbleft\u00a0\u00bb thickness=\u00a0\u00bb1&Prime; width=\u00a0\u00bb210&Prime;][vc_column_text]Gr\u00e2ce \u00e0 ces nouveaux produits ainsi qu&rsquo;\u00e0 notre large gamme de portes m\u00e9talliques de passage, notre objectif est de vous faciliter la vie encore davantage.[\/vc_column_text][vc_column_text css=\u00a0\u00bb.vc_custom_1502342041819{margin-top: 20px !important;}\u00a0\u00bb]Incluent une serrure de s\u00e9curit\u00e9 3\u00a0points, un joint en caoutchouc, ainsi que deux boulons antileviers. Ouverture par poign\u00e9e ou manivelle.[\/vc_column_text][vc_column_text css=\u00a0\u00bb.vc_custom_1502342100058{margin-top: 20px !important;}\u00a0\u00bb]<span style=\"color: #84aa35;\"><strong><span class=\"bold_verde\">Couleurs disponibles:<\/span><\/strong><\/span><br \/>\nPVC blanc laqu\u00e9 (de noyer et ch\u00eane).[\/vc_column_text][\/vc_column][\/vc_row][vc_row css_animation=\u00a0\u00bb\u00a0\u00bb row_type=\u00a0\u00bbrow\u00a0\u00bb use_row_as_full_screen_section=\u00a0\u00bbno\u00a0\u00bb type=\u00a0\u00bbfull_width\u00a0\u00bb angled_section=\u00a0\u00bbno\u00a0\u00bb text_align=\u00a0\u00bbleft\u00a0\u00bb background_image_as_pattern=\u00a0\u00bbwithout_pattern\u00a0\u00bb css=\u00a0\u00bb.vc_custom_1488966105654{background-color: #84aa35 !important;}\u00a0\u00bb][vc_column width=\u00a0\u00bb1\/2&Prime;][vc_row_inner row_type=\u00a0\u00bbrow\u00a0\u00bb type=\u00a0\u00bbfull_width\u00a0\u00bb text_align=\u00a0\u00bbleft\u00a0\u00bb css_animation=\u00a0\u00bb\u00a0\u00bb css=\u00a0\u00bb.vc_custom_1488975069060{margin-top: 60px !important;margin-bottom: 30px !important;}\u00a0\u00bb][vc_column_inner width=\u00a0\u00bb1\/6&Prime;]<span data-type=\"normal\"  class=\"qode_icon_shortcode  q_font_awsome_icon fa-2x pull-right \" style=\" \"><i class=\"qode_icon_font_awesome fa fa-file-text qode_icon_element\" style=\"color: #d4e5b1;\" ><\/i><\/span>[\/vc_column_inner][vc_column_inner width=\u00a0\u00bb5\/6&Prime;]<div class=\"custom_font_holder\" style=\"font-family: Montserrat; font-size: 17px; line-height: 26px; font-style: normal; font-weight: 500; color: #ffffff; text-decoration: none; text-align: left;\">CARACT\u00c9RISTIQUES TECHNIQUES<\/div>[vc_separator type=\u00a0\u00bbsmall\u00a0\u00bb position=\u00a0\u00bbleft\u00a0\u00bb color=\u00a0\u00bb#ffffff\u00a0\u00bb thickness=\u00a0\u00bb1&Prime; width=\u00a0\u00bb250&Prime;][vc_column_text]<span style=\"color: #ffffff;\"><strong>\u2022 Serrures multipoints.<\/strong><\/span><\/p>\n<p><span style=\"color: #ffffff;\"><strong>\u2022 Moulure semi-proven\u00e7ale une face<\/strong> (Mod. Vedat).<\/span><\/p>\n<p><span style=\"color: #ffffff;\"><strong>\u2022 Couleurs blanc et imitation bois.<\/strong><\/span><\/p>\n<p><span style=\"color: #ffffff;\"><strong>\u2022 Joint herm\u00e9tique<\/strong> (Mod. Vedat).<\/span><\/p>\n<p><span style=\"color: #ffffff;\"><strong>\u2022 Boulons anti-leviers entre charni\u00e8res<\/strong> (2 uds.).<\/span><\/p>\n<p><span style=\"color: #ffffff;\"><strong>\u2022 Portes design avec trois charni\u00e8res.<\/strong><\/span><\/p>\n<p><span style=\"color: #ffffff;\"><strong>\u2022 Manivelle \u00ab anti-accrochage \u00bb en polypropyl\u00e8ne noir des deux c\u00f4t\u00e9s, et en option manivelles\/poign\u00e9es en polypropyl\u00e8ne noir et en inox.<\/strong><\/span><\/p>\n<p><span style=\"color: #ffffff;\"><strong>\u2022 Cadre C\/70<\/strong> (voir fiche technique au format PDF).<\/span><\/p>\n<p><span style=\"color: #ffffff;\"><strong>\u2022 Portes remplies de mousse de polyur\u00e9thane<\/strong> (mod. Vedat).<\/span><\/p>\n<p><span style=\"color: #ffffff;\"><strong>\u2022 Cilindro antirrotura y llave de seguridad.<\/strong><\/span>[\/vc_column_text][\/vc_column_inner][\/vc_row_inner][\/vc_column][vc_column width=\u00a0\u00bb1\/2&Prime;][vc_row_inner row_type=\u00a0\u00bbrow\u00a0\u00bb type=\u00a0\u00bbfull_width\u00a0\u00bb text_align=\u00a0\u00bbleft\u00a0\u00bb css_animation=\u00a0\u00bb\u00a0\u00bb css=\u00a0\u00bb.vc_custom_1488975069060{margin-top: 60px !important;margin-bottom: 30px !important;}\u00a0\u00bb][vc_column_inner width=\u00a0\u00bb1\/6&Prime;]<span data-type=\"normal\"  class=\"qode_icon_shortcode  q_font_awsome_icon fa-2x pull-right \" style=\" \"><i class=\"qode_icon_font_awesome fa fa-cube qode_icon_element\" style=\"color: #d4e5b1;\" ><\/i><\/span>[\/vc_column_inner][vc_column_inner width=\u00a0\u00bb5\/6&Prime;]<div class=\"custom_font_holder\" style=\"font-family: Montserrat; font-size: 17px; line-height: 26px; font-style: normal; font-weight: 500; color: #ffffff; text-decoration: none; text-align: left;\">PALETTISER<\/div>[vc_separator type=\u00a0\u00bbsmall\u00a0\u00bb position=\u00a0\u00bbleft\u00a0\u00bb color=\u00a0\u00bb#ffffff\u00a0\u00bb thickness=\u00a0\u00bb1&Prime; width=\u00a0\u00bb250&Prime;][vc_column_text]<span style=\"color: #ffffff;\">MC70 &#8211; 12 uds. \/ Palet.<\/span>[\/vc_column_text][vc_single_image image=\u00a0\u00bb17305&Prime; img_size=\u00a0\u00bbfull\u00a0\u00bb qode_css_animation=\u00a0\u00bb\u00a0\u00bb css=\u00a0\u00bb.vc_custom_1494848819810{margin-top: 20px !important;}\u00a0\u00bb][vc_column_text]<span style=\"color: #ffffff;\">Mod. Albufera: A=810\/910 mm. B=1.200 mm. C=2.320 mm.<\/span><br \/>\n<span style=\"color: #ffffff;\">Mod. Vedat: A=1.000 mm. B=1.250 mm. C=2.320 mm.<\/span>[\/vc_column_text][\/vc_column_inner][\/vc_row_inner][\/vc_column][\/vc_row]<\/p>\n","protected":false},"excerpt":{"rendered":"<p>[vc_row css_animation=\u00a0\u00bb\u00a0\u00bb row_type=\u00a0\u00bbrow\u00a0\u00bb use_row_as_full_screen_section=\u00a0\u00bbno\u00a0\u00bb type=\u00a0\u00bbfull_width\u00a0\u00bb angled_section=\u00a0\u00bbno\u00a0\u00bb text_align=\u00a0\u00bbleft\u00a0\u00bb background_image_as_pattern=\u00a0\u00bbwithout_pattern\u00a0\u00bb css=\u00a0\u00bb.vc_custom_1488988247065{padding-top: 50px !important;background-color: #f2f2f2 !important;}\u00a0\u00bb][vc_column width=\u00a0\u00bb1\/4&Prime;][\/vc_column][vc_column width=\u00a0\u00bb1\/2&Prime;][vc_row_inner row_type=\u00a0\u00bbrow\u00a0\u00bb type=\u00a0\u00bbfull_width\u00a0\u00bb text_align=\u00a0\u00bbleft\u00a0\u00bb css_animation=\u00a0\u00bb\u00a0\u00bb][vc_column_inner width=\u00a0\u00bb1\/4&Prime;][vc_single_image image=\u00a0\u00bb17203&Prime; img_size=\u00a0\u00bb136&#215;136&Prime; alignment=\u00a0\u00bbcenter\u00a0\u00bb style=\u00a0\u00bbvc_box_border_circle_2&Prime; border_color=\u00a0\u00bbwhite\u00a0\u00bb qode_css_animation=\u00a0\u00bb\u00a0\u00bb][\/vc_column_inner][vc_column_inner width=\u00a0\u00bb1\/4&Prime;][vc_single_image image=\u00a0\u00bb17208&Prime; img_size=\u00a0\u00bb136&#215;136&Prime; alignment=\u00a0\u00bbcenter\u00a0\u00bb style=\u00a0\u00bbvc_box_border_circle_2&Prime; border_color=\u00a0\u00bbwhite\u00a0\u00bb qode_css_animation=\u00a0\u00bb\u00a0\u00bb][\/vc_column_inner][vc_column_inner width=\u00a0\u00bb1\/4&Prime;][vc_single_image image=\u00a0\u00bb17213&Prime; img_size=\u00a0\u00bb136&#215;136&Prime; alignment=\u00a0\u00bbcenter\u00a0\u00bb style=\u00a0\u00bbvc_box_border_circle_2&Prime; border_color=\u00a0\u00bbwhite\u00a0\u00bb qode_css_animation=\u00a0\u00bb\u00a0\u00bb][\/vc_column_inner][vc_column_inner width=\u00a0\u00bb1\/4&Prime;][vc_single_image image=\u00a0\u00bb17239&Prime; img_size=\u00a0\u00bb136&#215;136&Prime; alignment=\u00a0\u00bbcenter\u00a0\u00bb style=\u00a0\u00bbvc_box_border_circle_2&Prime;&#8230;<\/p>\n","protected":false},"author":1,"featured_media":0,"parent":0,"menu_order":0,"comment_status":"open","ping_status":"closed","template":"full_width.php","meta":{"footnotes":""},"_links":{"self":[{"href":"https:\/\/www.puertasalvarez.com\/website\/fr\/wp-json\/wp\/v2\/pages\/17568"}],"collection":[{"href":"https:\/\/www.puertasalvarez.com\/website\/fr\/wp-json\/wp\/v2\/pages"}],"about":[{"href":"https:\/\/www.puertasalvarez.com\/website\/fr\/wp-json\/wp\/v2\/types\/page"}],"author":[{"embeddable":true,"href":"https:\/\/www.puertasalvarez.com\/website\/fr\/wp-json\/wp\/v2\/users\/1"}],"replies":[{"embeddable":true,"href":"https:\/\/www.puertasalvarez.com\/website\/fr\/wp-json\/wp\/v2\/comments?post=17568"}],"version-history":[{"count":3,"href":"https:\/\/www.puertasalvarez.com\/website\/fr\/wp-json\/wp\/v2\/pages\/17568\/revisions"}],"predecessor-version":[{"id":17571,"href":"https:\/\/www.puertasalvarez.com\/website\/fr\/wp-json\/wp\/v2\/pages\/17568\/revisions\/17571"}],"wp:attachment":[{"href":"https:\/\/www.puertasalvarez.com\/website\/fr\/wp-json\/wp\/v2\/media?parent=17568"}],"curies":[{"name":"wp","href":"https:\/\/api.w.org\/{rel}","templated":true}]}}