{"id":17572,"date":"2017-08-10T05:34:09","date_gmt":"2017-08-10T05:34:09","guid":{"rendered":"http:\/\/www.puertasalvarez.com\/website\/?page_id=17572\/"},"modified":"2022-11-17T11:54:40","modified_gmt":"2022-11-17T11:54:40","slug":"portes-de-registre","status":"publish","type":"page","link":"https:\/\/www.puertasalvarez.com\/website\/fr\/portes-de-registre\/","title":{"rendered":"PORTES DE REGISTRE"},"content":{"rendered":"<p>[vc_row css_animation=\u00a0\u00bb\u00a0\u00bb row_type=\u00a0\u00bbrow\u00a0\u00bb use_row_as_full_screen_section=\u00a0\u00bbno\u00a0\u00bb type=\u00a0\u00bbfull_width\u00a0\u00bb angled_section=\u00a0\u00bbno\u00a0\u00bb text_align=\u00a0\u00bbleft\u00a0\u00bb background_image_as_pattern=\u00a0\u00bbwithout_pattern\u00a0\u00bb css=\u00a0\u00bb.vc_custom_1488954562070{background-color: #ffffff !important;}\u00a0\u00bb][vc_column width=\u00a0\u00bb1\/2&Prime; css=\u00a0\u00bb.vc_custom_1488986729360{padding-top: 50px !important;padding-right: 50px !important;padding-bottom: 50px !important;padding-left: 80px !important;}\u00a0\u00bb][vc_column_text]<\/p>\n<h2 style=\"text-align: right;\">PORTES DE REGISTRE<\/h2>\n<h3 style=\"text-align: right;\">ASCENSEURS<\/h3>\n<p>[\/vc_column_text][vc_separator type=\u00a0\u00bbsmall\u00a0\u00bb position=\u00a0\u00bbright\u00a0\u00bb thickness=\u00a0\u00bb1&Prime; width=\u00a0\u00bb280&Prime;][vc_column_text]<\/p>\n<p style=\"text-align: right;\"><strong><span class=\"bold\">DIMENSIONS<\/span><\/strong> (Largeur x Hauteur):<\/p>\n<p style=\"text-align: right;\"><span class=\"bold_verde\">LARGEUR DU BLOC-PORTE<\/span> = 700 x 700 mm.<br \/>\n<span class=\"bold_verde\">LARGEUR DE PASSAGE <\/span>= 620 x 620 mm.<\/p>\n<p style=\"text-align: right;\">.<\/p>\n<p>[\/vc_column_text][\/vc_column][vc_column width=\u00a0\u00bb1\/2&Prime; css=\u00a0\u00bb.vc_custom_1488973520974{margin-left: 0px !important;padding-left: 0px !important;}\u00a0\u00bb][vc_single_image image=\u00a0\u00bb16895&Prime; img_size=\u00a0\u00bbfull\u00a0\u00bb alignment=\u00a0\u00bbright\u00a0\u00bb qode_css_animation=\u00a0\u00bb\u00a0\u00bb][\/vc_column][\/vc_row][vc_row css_animation=\u00a0\u00bb\u00a0\u00bb row_type=\u00a0\u00bbrow\u00a0\u00bb use_row_as_full_screen_section=\u00a0\u00bbno\u00a0\u00bb type=\u00a0\u00bbfull_width\u00a0\u00bb angled_section=\u00a0\u00bbno\u00a0\u00bb text_align=\u00a0\u00bbleft\u00a0\u00bb background_image_as_pattern=\u00a0\u00bbwithout_pattern\u00a0\u00bb css=\u00a0\u00bb.vc_custom_1488954562070{background-color: #ffffff !important;}\u00a0\u00bb][vc_column width=\u00a0\u00bb1\/2&Prime; css=\u00a0\u00bb.vc_custom_1488986753756{padding-top: 50px !important;padding-right: 50px !important;padding-bottom: 50px !important;padding-left: 80px !important;}\u00a0\u00bb][vc_column_text]<\/p>\n<h2 style=\"text-align: right;\">PORTES DE REGISTRE<\/h2>\n<h3 style=\"text-align: right;\">COMPTEURS DE GAZ ET D\u2019\u00c9LECTRICIT\u00c9<\/h3>\n<p>[\/vc_column_text][vc_separator type=\u00a0\u00bbsmall\u00a0\u00bb position=\u00a0\u00bbright\u00a0\u00bb thickness=\u00a0\u00bb1&Prime; width=\u00a0\u00bb290&Prime;][vc_column_text]<\/p>\n<p style=\"text-align: right;\"><strong><span class=\"bold\">DIMENSIONS<\/span><\/strong> (Largeur x Hauteur):<\/p>\n<p style=\"text-align: right;\"><span class=\"bold_verde\">LARGEUR DU BLOC-PORTE<\/span> &#8212;&#8212;&#8211; <span class=\"bold_verde\">LARGEUR DE PASSAGE<\/span><br \/>\n785 x 1490 mm. &#8212;&#8211; 710 x 1410 mm.<br \/>\n785 x 1090 mm. &#8212;&#8211; 710 x 1010 mm.<br \/>\n660 x 590 mm. &#8212;&#8212; 580 x 485 mm.<\/p>\n<p>[\/vc_column_text][\/vc_column][vc_column width=\u00a0\u00bb1\/2&Prime;][vc_single_image image=\u00a0\u00bb16901&Prime; img_size=\u00a0\u00bbfull\u00a0\u00bb alignment=\u00a0\u00bbright\u00a0\u00bb qode_css_animation=\u00a0\u00bb\u00a0\u00bb css=\u00a0\u00bb.vc_custom_1489081166096{margin-left: -15px !important;padding-left: -15px !important;}\u00a0\u00bb][\/vc_column][\/vc_row][vc_row css_animation=\u00a0\u00bb\u00a0\u00bb row_type=\u00a0\u00bbrow\u00a0\u00bb use_row_as_full_screen_section=\u00a0\u00bbno\u00a0\u00bb type=\u00a0\u00bbfull_width\u00a0\u00bb angled_section=\u00a0\u00bbno\u00a0\u00bb text_align=\u00a0\u00bbleft\u00a0\u00bb background_image_as_pattern=\u00a0\u00bbwithout_pattern\u00a0\u00bb css=\u00a0\u00bb.vc_custom_1488966105654{background-color: #84aa35 !important;}\u00a0\u00bb][vc_column width=\u00a0\u00bb1\/2&Prime;][vc_row_inner row_type=\u00a0\u00bbrow\u00a0\u00bb type=\u00a0\u00bbfull_width\u00a0\u00bb text_align=\u00a0\u00bbleft\u00a0\u00bb css_animation=\u00a0\u00bb\u00a0\u00bb css=\u00a0\u00bb.vc_custom_1488975069060{margin-top: 60px !important;margin-bottom: 30px !important;}\u00a0\u00bb][vc_column_inner width=\u00a0\u00bb1\/6&Prime;]<span data-type=\"normal\"  class=\"qode_icon_shortcode  q_font_awsome_icon fa-2x pull-right \" style=\" \"><i class=\"qode_icon_font_awesome fa fa-file-text qode_icon_element\" style=\"color: #d4e5b1;\" ><\/i><\/span>[\/vc_column_inner][vc_column_inner width=\u00a0\u00bb5\/6&Prime;]<div class=\"custom_font_holder\" style=\"font-family: Montserrat; font-size: 17px; line-height: 26px; font-style: normal; font-weight: 500; color: #ffffff; text-decoration: none; text-align: left;\">CARACT\u00c9RISTIQUES TECHNIQUES<\/div>[vc_separator type=\u00a0\u00bbsmall\u00a0\u00bb position=\u00a0\u00bbleft\u00a0\u00bb color=\u00a0\u00bb#ffffff\u00a0\u00bb thickness=\u00a0\u00bb1&Prime; width=\u00a0\u00bb250&Prime;][vc_column_text]<\/p>\n<h3><span style=\"color: #ffffff;\"><strong>ASCENSEURS<\/strong><\/span><\/h3>\n<p><span style=\"color: #ffffff;\"><strong>\u2022<\/strong> Portes fabriqu\u00e9es avec 2 t\u00f4les d&rsquo;acier galvanis\u00e9 de 0,5 mm assembl\u00e9es par pliage.<\/span><\/p>\n<p><span style=\"color: #ffffff;\"><strong>\u2022<\/strong> Cadre profil\u00e9 en t\u00f4le d&rsquo;acier galvanis\u00e9 de 1,2 mm avec griffes de fixation.<\/span><\/p>\n<p><span style=\"color: #ffffff;\"><strong>\u2022<\/strong> Serrure ext\u00e9rieure et int\u00e9rieure.<\/span><\/p>\n<p><span style=\"color: #ffffff;\"><strong>\u2022<\/strong> Pommeau de s\u00e9curit\u00e9 en option.<\/span>[\/vc_column_text][vc_column_text css=\u00a0\u00bb.vc_custom_1502343156049{margin-top: 20px !important;}\u00a0\u00bb]<\/p>\n<h3><span style=\"color: #ffffff;\"><strong>COMPTEURS D\u2019EAU<\/strong><\/span><\/h3>\n<p><span style=\"color: #ffffff;\"><strong>\u2022<\/strong> Portes fournies enti\u00e8rement galvanis\u00e9es.<\/span><\/p>\n<p><span style=\"color: #ffffff;\"><strong>\u2022<\/strong> Serrure \u00e0 carr\u00e9 avec cl\u00e9.<\/span>[\/vc_column_text][vc_column_text css=\u00a0\u00bb.vc_custom_1502343244072{margin-top: 20px !important;}\u00a0\u00bb]<\/p>\n<h3><span style=\"color: #ffffff;\"><strong>COMPTEURS DE GAZ ET D\u2019\u00c9LECTRICIT\u00c9<\/strong><\/span><\/h3>\n<p><span style=\"color: #ffffff;\"><strong>\u2022<\/strong> Cadre ouvert de 1,5 mm d&rsquo;\u00e9paisseur avec griffes de montage.<\/span><\/p>\n<p><span style=\"color: #ffffff;\"><strong>\u2022<\/strong> Battant avec ouvertures de ventilation de 1,5 mm d&rsquo;\u00e9paisseur.<\/span><\/p>\n<p><span style=\"color: #ffffff;\"><strong>\u2022<\/strong> Serrure HE sp\u00e9ciale \u00e0 triangle.<\/span><\/p>\n<p><span style=\"color: #ffffff;\"><strong>\u2022<\/strong> Finition enti\u00e8rement galvanis\u00e9e.<\/span>[\/vc_column_text][\/vc_column_inner][\/vc_row_inner][\/vc_column][vc_column width=\u00a0\u00bb1\/2&Prime;][vc_row_inner row_type=\u00a0\u00bbrow\u00a0\u00bb type=\u00a0\u00bbfull_width\u00a0\u00bb text_align=\u00a0\u00bbleft\u00a0\u00bb css_animation=\u00a0\u00bb\u00a0\u00bb css=\u00a0\u00bb.vc_custom_1488975069060{margin-top: 60px !important;margin-bottom: 30px !important;}\u00a0\u00bb][vc_column_inner width=\u00a0\u00bb1\/6&Prime;]<span data-type=\"normal\"  class=\"qode_icon_shortcode  q_font_awsome_icon fa-2x pull-right \" style=\" \"><i class=\"qode_icon_font_awesome fa fa-hand-o-right qode_icon_element\" style=\"color: #d4e5b1;\" ><\/i><\/span>[\/vc_column_inner][vc_column_inner width=\u00a0\u00bb5\/6&Prime;]<div class=\"custom_font_holder\" style=\"font-family: Montserrat; font-size: 30px; line-height: 32px; font-style: normal; font-weight: 300; color: #ffffff; text-decoration: none; margin: 0px 150px 50px 0px; text-align: left;\">PORTES DE LA QUALIT\u00c9 DANS LES MESURES STANDARD ET TRAVAUX D&rsquo;INSTALLATION FACILE.<\/div>[\/vc_column_inner][\/vc_row_inner][\/vc_column][\/vc_row]<\/p>\n","protected":false},"excerpt":{"rendered":"<p>[vc_row css_animation=\u00a0\u00bb\u00a0\u00bb row_type=\u00a0\u00bbrow\u00a0\u00bb use_row_as_full_screen_section=\u00a0\u00bbno\u00a0\u00bb type=\u00a0\u00bbfull_width\u00a0\u00bb angled_section=\u00a0\u00bbno\u00a0\u00bb text_align=\u00a0\u00bbleft\u00a0\u00bb background_image_as_pattern=\u00a0\u00bbwithout_pattern\u00a0\u00bb css=\u00a0\u00bb.vc_custom_1488954562070{background-color: #ffffff !important;}\u00a0\u00bb][vc_column width=\u00a0\u00bb1\/2&Prime; css=\u00a0\u00bb.vc_custom_1488986729360{padding-top: 50px !important;padding-right: 50px !important;padding-bottom: 50px !important;padding-left: 80px !important;}\u00a0\u00bb][vc_column_text] PORTES DE REGISTRE ASCENSEURS [\/vc_column_text][vc_separator type=\u00a0\u00bbsmall\u00a0\u00bb position=\u00a0\u00bbright\u00a0\u00bb thickness=\u00a0\u00bb1&Prime; width=\u00a0\u00bb280&Prime;][vc_column_text] DIMENSIONS (Largeur x Hauteur): LARGEUR DU BLOC-PORTE = 700 x 700 mm. LARGEUR DE PASSAGE&#8230;<\/p>\n","protected":false},"author":1,"featured_media":0,"parent":0,"menu_order":0,"comment_status":"open","ping_status":"closed","template":"full_width.php","meta":{"footnotes":""},"_links":{"self":[{"href":"https:\/\/www.puertasalvarez.com\/website\/fr\/wp-json\/wp\/v2\/pages\/17572"}],"collection":[{"href":"https:\/\/www.puertasalvarez.com\/website\/fr\/wp-json\/wp\/v2\/pages"}],"about":[{"href":"https:\/\/www.puertasalvarez.com\/website\/fr\/wp-json\/wp\/v2\/types\/page"}],"author":[{"embeddable":true,"href":"https:\/\/www.puertasalvarez.com\/website\/fr\/wp-json\/wp\/v2\/users\/1"}],"replies":[{"embeddable":true,"href":"https:\/\/www.puertasalvarez.com\/website\/fr\/wp-json\/wp\/v2\/comments?post=17572"}],"version-history":[{"count":4,"href":"https:\/\/www.puertasalvarez.com\/website\/fr\/wp-json\/wp\/v2\/pages\/17572\/revisions"}],"predecessor-version":[{"id":17872,"href":"https:\/\/www.puertasalvarez.com\/website\/fr\/wp-json\/wp\/v2\/pages\/17572\/revisions\/17872"}],"wp:attachment":[{"href":"https:\/\/www.puertasalvarez.com\/website\/fr\/wp-json\/wp\/v2\/media?parent=17572"}],"curies":[{"name":"wp","href":"https:\/\/api.w.org\/{rel}","templated":true}]}}