{"id":17015,"date":"2017-03-13T14:16:46","date_gmt":"2017-03-13T14:16:46","guid":{"rendered":"http:\/\/www.puertasalvarez.com\/website\/?page_id=17015\/"},"modified":"2018-08-13T07:16:59","modified_gmt":"2018-08-13T07:16:59","slug":"aviso-legal","status":"publish","type":"page","link":"https:\/\/www.puertasalvarez.com\/website\/pt-pt\/aviso-legal\/","title":{"rendered":"AVISO LEGAL"},"content":{"rendered":"<p>[vc_row css_animation=&#8221;&#8221; row_type=&#8221;row&#8221; use_row_as_full_screen_section=&#8221;no&#8221; type=&#8221;full_width&#8221; angled_section=&#8221;no&#8221; text_align=&#8221;left&#8221; background_image_as_pattern=&#8221;without_pattern&#8221; css=&#8221;.vc_custom_1488998346421{padding-top: 60px !important;padding-right: 150px !important;padding-bottom: 150px !important;padding-left: 150px !important;background-color: #ffffff !important;}&#8221;][vc_column][vc_column_text]<strong><span class=\" bold_verde\">Propriedade<\/span><\/strong><\/p>\n<p>DADOS DE IDENTIFICA\u00c7\u00c3O:<\/p>\n<p><em>Nome de dom\u00ednio:\u00a0<a href=\"http:\/\/www.puertasalvarez.com\/\" data-saferedirecturl=\"https:\/\/www.google.com\/url?q=http:\/\/www.puertasalvarez.com&amp;source=gmail&amp;ust=1534228106676000&amp;usg=AFQjCNH_kQjSu-WCVZTu_mhIFFdl5DgN6w\">www.puertasalvarez.com<\/a><\/em><\/p>\n<p><em>Nome comercial: PUERTAS ALVAREZ, S.L.<\/em><\/p>\n<p><em>Nome da empresa: PUERTAS \u00c1LVAREZ, S.L.<\/em><\/p>\n<p><em>NIF: B12490702<\/em><\/p>\n<p><em>Sede: AVDA. MEDITARRANEO 3 , 12400 SEGORBE (CASTELL\u00d3N)<\/em><\/p>\n<p><em>Telefone: 964710326<\/em><\/p>\n<p><em>e-mail:\u00a0<a href=\"mailto:maribel@puertasalvarez.com\">maribel@puertasalvarez.com<\/a><\/em><\/p>\n<p><em>Registrado no Registro (Mercantil \/ P\u00fablico): Registro Mercantil de CASTELL\u00d3N, TOMO 947, LIVRO 512, FOLIO 57, SE\u00c7\u00c3O 8, FOLHA CS-14247, REGISTRO 10.<\/em><\/p>\n<p>&nbsp;<\/p>\n<p>Em cumprimento do dever de informa\u00e7\u00e3o indicado no artigo 10 da Lei 34\/2002 [de Espanha], de 11 de Julho, de Servi\u00e7os da Sociedade da Informa\u00e7\u00e3o e do Com\u00e9rcio Electr\u00f3nico, apresentam-se seguidamente estes dados: puertasalvarez.com \u00e9 um dom\u00ednio de Internet da propriedade de PUERTAS ALVAREZ S.L.[\/vc_column_text][vc_column_text css=&#8221;.vc_custom_1489414456271{margin-top: 20px !important;}&#8221;]PUERTAS ALVAREZ S.L. \u00e9 titular de todos os direitos de propriedade intelectual e industrial deste s\u00edtio Web, assim como dos elementos contidos no mesmo (a t\u00edtulo enunciativo: imagens, fotografias, som, \u00e1udio, v\u00eddeo, software ou textos; marcas ou log\u00f3tipos, combina\u00e7\u00f5es de cores, estrutura e design, etc&#8230;).[\/vc_column_text][vc_column_text css=&#8221;.vc_custom_1489414482593{margin-top: 20px !important;}&#8221;]<strong><span class=\" bold_verde\">Termos e condi\u00e7\u00f5es de utiliza\u00e7\u00e3o<\/span><\/strong><\/p>\n<p>Considera-se como utilizador do presente s\u00edtio Web qualquer pessoa que aceda ao mesmo e o utilize. A condi\u00e7\u00e3o de utilizador acarreta a total aceita\u00e7\u00e3o das condi\u00e7\u00f5es estabelecidas no presente Aviso Legal e das condi\u00e7\u00f5es especiais que possam estabelecer-se para determinados servi\u00e7os e funcionalidades. Os utilizadores adquirem o compromisso de adequar o seu comportamento \u00e0s citadas condi\u00e7\u00f5es e a respeitar o que se indica na normativa legal, assim como nas instru\u00e7\u00f5es e avisos que lhe sejam comunicados.[\/vc_column_text][vc_column_text css=&#8221;.vc_custom_1489414498439{margin-top: 20px !important;}&#8221;]O Utilizador fica informado e assume que o acesso ao presente s\u00edtio Web n\u00e3o significa de forma alguma o in\u00edcio de uma rela\u00e7\u00e3o comercial com PUERTAS ALVAREZ S.L.[\/vc_column_text][vc_column_text css=&#8221;.vc_custom_1489414517055{margin-top: 20px !important;}&#8221;]Com car\u00e1cter geral, as rela\u00e7\u00f5es entre PUERTAS ALVAREZ S.L. e os Utilizadores dos seus servi\u00e7os telem\u00e1ticos, presentes neste s\u00edtio Web, encontram-se submetidas \u00e0 legisla\u00e7\u00e3o e jurisdi\u00e7\u00e3o espanholas.[\/vc_column_text][vc_column_text css=&#8221;.vc_custom_1489414534504{margin-top: 20px !important;}&#8221;]Quando for necess\u00e1rio utilizar uma palavra-chave ou nome de utilizador para aceder a algum conte\u00fado ou servi\u00e7o deste s\u00edtio Web, o utilizador fica obrigado a manter esses dados em segredo e a fazer uma utiliza\u00e7\u00e3o adequada dos mesmos. Em caso de perda ou utiliza\u00e7\u00e3o negligente da palavra-chave, o utilizador ser\u00e1 respons\u00e1vel pela utiliza\u00e7\u00e3o que outras pessoas fa\u00e7am da mesma.[\/vc_column_text][vc_column_text css=&#8221;.vc_custom_1489414549252{margin-top: 20px !important;}&#8221;]Os direitos de propriedade intelectual do conte\u00fado das p\u00e1ginas Web, do respectivo design gr\u00e1fico e dos c\u00f3digos s\u00e3o da propriedade de PUERTAS ALVAREZ S.L. Segundo o que se indica nos artigos 8 e 32.1, par\u00e1grafo segundo, da Lei de Propriedade Intelectual [de Espanha], ficam expressamente proibidas a reprodu\u00e7\u00e3o, distribui\u00e7\u00e3o e a comunica\u00e7\u00e3o p\u00fablica, inclu\u00edda a disponibiliza\u00e7\u00e3o, da totalidade ou parte dos conte\u00fados deste s\u00edtio Web, com fins comerciais, em qualquer suporte e atrav\u00e9s de qualquer meio t\u00e9cnico, sem a autoriza\u00e7\u00e3o de PUERTAS ALVAREZ S.L. O utilizador compromete-se a respeitar os direitos de Propriedade Intelectual e Industrial da propriedade de PUERTAS ALVAREZ S.L.[\/vc_column_text][vc_column_text css=&#8221;.vc_custom_1489414563924{margin-top: 20px !important;}&#8221;]Qualquer hiperliga\u00e7\u00e3o de terceiros a este s\u00edtio Web deve endere\u00e7ar o navegador para a p\u00e1gina principal, ficando expressamente proibidos os \u00ablinks profundos\u00bb, o \u00abframing\u00bb e qualquer outro aproveitamento dos conte\u00fados do s\u00edtio Web a favor de terceiros que n\u00e3o seja previamente autorizado.[\/vc_column_text][vc_column_text css=&#8221;.vc_custom_1489414575226{margin-top: 20px !important;}&#8221;]PUERTAS ALVAREZ S.L. reserva-se o direito de efectuar, a qualquer momento e sem necessidade de aviso pr\u00e9vio, altera\u00e7\u00f5es e actualiza\u00e7\u00f5es da informa\u00e7\u00e3o contida no s\u00edtio Web, da configura\u00e7\u00e3o e apresenta\u00e7\u00e3o da mesma e das respectivas condi\u00e7\u00f5es de acesso.[\/vc_column_text][vc_column_text css=&#8221;.vc_custom_1489414587208{margin-top: 20px !important;}&#8221;]PUERTAS ALVAREZ S.L. n\u00e3o garante a inexist\u00eancia de interrup\u00e7\u00f5es ou erros no acesso ao s\u00edtio Web e ao respectivo conte\u00fado, nem que o mesmo se encontre actualizado. PUERTAS ALVAREZ S.L. efectuar\u00e1, sempre que n\u00e3o ocorram causas que o impossibilitem ou dificultem, e assim que tiver conhecimento dos erros, falhas de liga\u00e7\u00e3o e falhas de actualiza\u00e7\u00e3o dos conte\u00fados, todas as ac\u00e7\u00f5es necess\u00e1rias para corrigir os erros, restabelecer a liga\u00e7\u00e3o e actualizar os conte\u00fados.[\/vc_column_text][vc_column_text css=&#8221;.vc_custom_1489414602408{margin-top: 20px !important;}&#8221;]O acesso n\u00e3o autorizado ao s\u00edtio Web e a utiliza\u00e7\u00e3o n\u00e3o autorizada da informa\u00e7\u00e3o contida \u00e9 da exclusiva responsabilidade de quem o realiza. PUERTAS ALVAREZ S.L. n\u00e3o se responsabiliza pelas consequ\u00eancias, danos ou preju\u00edzos que o acesso ou utiliza\u00e7\u00e3o do s\u00edtio Web possa causar. PUERTAS ALVAREZ S.L. n\u00e3o se responsabiliza pelos erros de seguran\u00e7a que se possam verificar, nem dos danos que possam dar-se no sistema inform\u00e1tico do utilizador (hardware e software), ou nos ficheiros ou documentos armazenados no mesmo.[\/vc_column_text][\/vc_column][\/vc_row]<\/p>\n","protected":false},"excerpt":{"rendered":"<p>[vc_row css_animation=&#8221;&#8221; row_type=&#8221;row&#8221; use_row_as_full_screen_section=&#8221;no&#8221; type=&#8221;full_width&#8221; angled_section=&#8221;no&#8221; text_align=&#8221;left&#8221; background_image_as_pattern=&#8221;without_pattern&#8221; css=&#8221;.vc_custom_1488998346421{padding-top: 60px !important;padding-right: 150px !important;padding-bottom: 150px !important;padding-left: 150px !important;background-color: #ffffff !important;}&#8221;][vc_column][vc_column_text]Propriedade DADOS DE IDENTIFICA\u00c7\u00c3O: Nome de dom\u00ednio:\u00a0www.puertasalvarez.com Nome comercial: PUERTAS ALVAREZ, S.L. Nome da empresa: PUERTAS \u00c1LVAREZ, S.L. NIF: B12490702 Sede: AVDA. MEDITARRANEO 3 , 12400 SEGORBE&#8230;<\/p>\n","protected":false},"author":1,"featured_media":0,"parent":0,"menu_order":0,"comment_status":"closed","ping_status":"closed","template":"full_width.php","meta":{"footnotes":""},"_links":{"self":[{"href":"https:\/\/www.puertasalvarez.com\/website\/pt-pt\/wp-json\/wp\/v2\/pages\/17015"}],"collection":[{"href":"https:\/\/www.puertasalvarez.com\/website\/pt-pt\/wp-json\/wp\/v2\/pages"}],"about":[{"href":"https:\/\/www.puertasalvarez.com\/website\/pt-pt\/wp-json\/wp\/v2\/types\/page"}],"author":[{"embeddable":true,"href":"https:\/\/www.puertasalvarez.com\/website\/pt-pt\/wp-json\/wp\/v2\/users\/1"}],"replies":[{"embeddable":true,"href":"https:\/\/www.puertasalvarez.com\/website\/pt-pt\/wp-json\/wp\/v2\/comments?post=17015"}],"version-history":[{"count":3,"href":"https:\/\/www.puertasalvarez.com\/website\/pt-pt\/wp-json\/wp\/v2\/pages\/17015\/revisions"}],"predecessor-version":[{"id":17776,"href":"https:\/\/www.puertasalvarez.com\/website\/pt-pt\/wp-json\/wp\/v2\/pages\/17015\/revisions\/17776"}],"wp:attachment":[{"href":"https:\/\/www.puertasalvarez.com\/website\/pt-pt\/wp-json\/wp\/v2\/media?parent=17015"}],"curies":[{"name":"wp","href":"https:\/\/api.w.org\/{rel}","templated":true}]}}