{"id":17485,"date":"2017-08-03T17:38:19","date_gmt":"2017-08-03T17:38:19","guid":{"rendered":"http:\/\/www.puertasalvarez.com\/website\/?page_id=17485\/"},"modified":"2017-09-15T07:39:22","modified_gmt":"2017-09-15T07:39:22","slug":"contact","status":"publish","type":"page","link":"https:\/\/www.puertasalvarez.com\/website\/pt-pt\/contact\/","title":{"rendered":"CONTACT"},"content":{"rendered":"<p>[vc_row css_animation=&#8221;&#8221; row_type=&#8221;row&#8221; use_row_as_full_screen_section=&#8221;no&#8221; type=&#8221;full_width&#8221; angled_section=&#8221;no&#8221; text_align=&#8221;left&#8221; background_image_as_pattern=&#8221;without_pattern&#8221; css=&#8221;.vc_custom_1488954562070{background-color: #ffffff !important;}&#8221;][vc_column width=&#8221;1\/2&#8243;][vc_single_image image=&#8221;17197&#8243; img_size=&#8221;full&#8221; qode_css_animation=&#8221;&#8221;][\/vc_column][vc_column width=&#8221;1\/2&#8243; css=&#8221;.vc_custom_1488955830941{padding-top: 50px !important;padding-right: 50px !important;padding-bottom: 50px !important;padding-left: 50px !important;}&#8221;][vc_column_text]<\/p>\n<h2>ONDE ESTAMOS?<\/h2>\n<p>[\/vc_column_text][vc_separator type=&#8221;small&#8221; position=&#8221;left&#8221; thickness=&#8221;1&#8243; width=&#8221;200&#8243;][vc_column_text]Instala\u00e7\u00f5es Puertas Alvarez est\u00e3o localizados na Avenida del Mediterr\u00e1neo #3 da cidade da prov\u00edncia de Segorbe de Castell\u00f3n de la Plana na regi\u00e3o de Alto Palancia.<\/p>\n<p>&nbsp;<\/p>\n<p>Voc\u00ea pode percorrer o mapa que aparece \u00e0 direita deste artigo, navegue-lo e expandir ou reduzir a visualiza\u00e7\u00e3o para que voc\u00ea possa localizar instala\u00e7\u00f5es mais confortavelmente. Muito obrigado.[\/vc_column_text][vc_separator type=&#8221;small&#8221; position=&#8221;left&#8221; thickness=&#8221;1&#8243; width=&#8221;200&#8243;]<a  itemprop=\"url\" href=\"http:\/\/www.puertasalvarez.com\/website\/pt-pt\/informacao\/\" target=\"_self\" data-hover-background-color=#628728 data-hover-border-color=#628728  class=\"qbutton  medium left default\" style=\"border-color: #84aa35; background-color: #84aa35;\">SOLICITE MAIS INFORMA\u00c7\u00d5ES<\/a>[\/vc_column][\/vc_row][vc_row css_animation=&#8221;&#8221; row_type=&#8221;row&#8221; use_row_as_full_screen_section=&#8221;no&#8221; type=&#8221;full_width&#8221; angled_section=&#8221;no&#8221; text_align=&#8221;left&#8221; background_image_as_pattern=&#8221;without_pattern&#8221;][vc_column][vc_single_image image=&#8221;17268&#8243; img_size=&#8221;full&#8221; onclick=&#8221;custom_link&#8221; img_link_target=&#8221;_blank&#8221; qode_css_animation=&#8221;&#8221; link=&#8221;https:\/\/www.google.es\/maps\/place\/Puertas+Alvarez\/@39.8458279,-0.4838414,17z\/data=!3m1!4b1!4m5!3m4!1s0xd607ae4d7990773:0xb2faa73960871377!8m2!3d39.8458238!4d-0.4816474&#8243;][\/vc_column][\/vc_row]<\/p>\n","protected":false},"excerpt":{"rendered":"<p>[vc_row css_animation=&#8221;&#8221; row_type=&#8221;row&#8221; use_row_as_full_screen_section=&#8221;no&#8221; type=&#8221;full_width&#8221; angled_section=&#8221;no&#8221; text_align=&#8221;left&#8221; background_image_as_pattern=&#8221;without_pattern&#8221; css=&#8221;.vc_custom_1488954562070{background-color: #ffffff !important;}&#8221;][vc_column width=&#8221;1\/2&#8243;][vc_single_image image=&#8221;17197&#8243; img_size=&#8221;full&#8221; qode_css_animation=&#8221;&#8221;][\/vc_column][vc_column width=&#8221;1\/2&#8243; css=&#8221;.vc_custom_1488955830941{padding-top: 50px !important;padding-right: 50px !important;padding-bottom: 50px !important;padding-left: 50px !important;}&#8221;][vc_column_text] ONDE ESTAMOS? [\/vc_column_text][vc_separator type=&#8221;small&#8221; position=&#8221;left&#8221; thickness=&#8221;1&#8243; width=&#8221;200&#8243;][vc_column_text]Instala\u00e7\u00f5es Puertas Alvarez est\u00e3o localizados na Avenida del Mediterr\u00e1neo #3 da cidade da prov\u00edncia&#8230;<\/p>\n","protected":false},"author":1,"featured_media":0,"parent":0,"menu_order":0,"comment_status":"open","ping_status":"closed","template":"full_width.php","meta":{"footnotes":""},"_links":{"self":[{"href":"https:\/\/www.puertasalvarez.com\/website\/pt-pt\/wp-json\/wp\/v2\/pages\/17485"}],"collection":[{"href":"https:\/\/www.puertasalvarez.com\/website\/pt-pt\/wp-json\/wp\/v2\/pages"}],"about":[{"href":"https:\/\/www.puertasalvarez.com\/website\/pt-pt\/wp-json\/wp\/v2\/types\/page"}],"author":[{"embeddable":true,"href":"https:\/\/www.puertasalvarez.com\/website\/pt-pt\/wp-json\/wp\/v2\/users\/1"}],"replies":[{"embeddable":true,"href":"https:\/\/www.puertasalvarez.com\/website\/pt-pt\/wp-json\/wp\/v2\/comments?post=17485"}],"version-history":[{"count":3,"href":"https:\/\/www.puertasalvarez.com\/website\/pt-pt\/wp-json\/wp\/v2\/pages\/17485\/revisions"}],"predecessor-version":[{"id":17720,"href":"https:\/\/www.puertasalvarez.com\/website\/pt-pt\/wp-json\/wp\/v2\/pages\/17485\/revisions\/17720"}],"wp:attachment":[{"href":"https:\/\/www.puertasalvarez.com\/website\/pt-pt\/wp-json\/wp\/v2\/media?parent=17485"}],"curies":[{"name":"wp","href":"https:\/\/api.w.org\/{rel}","templated":true}]}}