{"id":17490,"date":"2017-08-04T09:59:01","date_gmt":"2017-08-04T09:59:01","guid":{"rendered":"http:\/\/www.puertasalvarez.com\/website\/?page_id=17490\/"},"modified":"2017-11-15T12:01:11","modified_gmt":"2017-11-15T12:01:11","slug":"export","status":"publish","type":"page","link":"https:\/\/www.puertasalvarez.com\/website\/pt-pt\/export\/","title":{"rendered":"EXPORT"},"content":{"rendered":"<p>[vc_row css_animation=&#8221;&#8221; row_type=&#8221;row&#8221; use_row_as_full_screen_section=&#8221;no&#8221; type=&#8221;full_width&#8221; angled_section=&#8221;no&#8221; text_align=&#8221;left&#8221; background_image_as_pattern=&#8221;without_pattern&#8221; css=&#8221;.vc_custom_1489383651079{background-color: #efefef !important;}&#8221;][vc_column width=&#8221;1\/2&#8243;][vc_single_image image=&#8221;16989&#8243; img_size=&#8221;full&#8221; qode_css_animation=&#8221;&#8221; css=&#8221;.vc_custom_1489301054076{margin-right: -15px !important;padding-right: -15px !important;}&#8221;][\/vc_column][vc_column width=&#8221;1\/2&#8243; css=&#8221;.vc_custom_1488986737854{padding-top: 50px !important;padding-right: 80px !important;padding-bottom: 50px !important;padding-left: 50px !important;}&#8221;][vc_column_text]<\/p>\n<h1>TRABALHAMOS DENTRO E FORA DAS NOSSAS FRONTEIRAS<\/h1>\n<p>[\/vc_column_text][vc_separator type=&#8221;small&#8221; position=&#8221;left&#8221; thickness=&#8221;1&#8243; width=&#8221;210&#8243;][vc_column_text]Al\u00e9m de cobrir todo o territ\u00f3rio espanhol, Portas Alvarez est\u00e1 presente em um grande n\u00famero de pa\u00edses em todo o mundo.[\/vc_column_text][vc_column_text css=&#8221;.vc_custom_1501840733842{margin-top: 20px !important;}&#8221;]Trabalhamos para fazer chegar a nossa qualidade e servi\u00e7o a mais lugares todos os dias.[\/vc_column_text][\/vc_column][\/vc_row][vc_row css_animation=&#8221;&#8221; row_type=&#8221;row&#8221; use_row_as_full_screen_section=&#8221;no&#8221; type=&#8221;full_width&#8221; angled_section=&#8221;no&#8221; text_align=&#8221;left&#8221; background_image_as_pattern=&#8221;without_pattern&#8221; css=&#8221;.vc_custom_1489301156677{background-color: #ffffff !important;}&#8221;][vc_column][vc_single_image image=&#8221;16991&#8243; img_size=&#8221;full&#8221; qode_css_animation=&#8221;&#8221; css=&#8221;.vc_custom_1489301146574{margin-right: -15px !important;padding-right: -15px !important;}&#8221;][\/vc_column][\/vc_row]<\/p>\n","protected":false},"excerpt":{"rendered":"<p>[vc_row css_animation=&#8221;&#8221; row_type=&#8221;row&#8221; use_row_as_full_screen_section=&#8221;no&#8221; type=&#8221;full_width&#8221; angled_section=&#8221;no&#8221; text_align=&#8221;left&#8221; background_image_as_pattern=&#8221;without_pattern&#8221; css=&#8221;.vc_custom_1489383651079{background-color: #efefef !important;}&#8221;][vc_column width=&#8221;1\/2&#8243;][vc_single_image image=&#8221;16989&#8243; img_size=&#8221;full&#8221; qode_css_animation=&#8221;&#8221; css=&#8221;.vc_custom_1489301054076{margin-right: -15px !important;padding-right: -15px !important;}&#8221;][\/vc_column][vc_column width=&#8221;1\/2&#8243; css=&#8221;.vc_custom_1488986737854{padding-top: 50px !important;padding-right: 80px !important;padding-bottom: 50px !important;padding-left: 50px !important;}&#8221;][vc_column_text] TRABALHAMOS DENTRO E FORA DAS NOSSAS FRONTEIRAS [\/vc_column_text][vc_separator type=&#8221;small&#8221; position=&#8221;left&#8221; thickness=&#8221;1&#8243; width=&#8221;210&#8243;][vc_column_text]Al\u00e9m de cobrir todo&#8230;<\/p>\n","protected":false},"author":1,"featured_media":0,"parent":0,"menu_order":0,"comment_status":"open","ping_status":"closed","template":"full_width.php","meta":{"footnotes":""},"_links":{"self":[{"href":"https:\/\/www.puertasalvarez.com\/website\/pt-pt\/wp-json\/wp\/v2\/pages\/17490"}],"collection":[{"href":"https:\/\/www.puertasalvarez.com\/website\/pt-pt\/wp-json\/wp\/v2\/pages"}],"about":[{"href":"https:\/\/www.puertasalvarez.com\/website\/pt-pt\/wp-json\/wp\/v2\/types\/page"}],"author":[{"embeddable":true,"href":"https:\/\/www.puertasalvarez.com\/website\/pt-pt\/wp-json\/wp\/v2\/users\/1"}],"replies":[{"embeddable":true,"href":"https:\/\/www.puertasalvarez.com\/website\/pt-pt\/wp-json\/wp\/v2\/comments?post=17490"}],"version-history":[{"count":2,"href":"https:\/\/www.puertasalvarez.com\/website\/pt-pt\/wp-json\/wp\/v2\/pages\/17490\/revisions"}],"predecessor-version":[{"id":17750,"href":"https:\/\/www.puertasalvarez.com\/website\/pt-pt\/wp-json\/wp\/v2\/pages\/17490\/revisions\/17750"}],"wp:attachment":[{"href":"https:\/\/www.puertasalvarez.com\/website\/pt-pt\/wp-json\/wp\/v2\/media?parent=17490"}],"curies":[{"name":"wp","href":"https:\/\/api.w.org\/{rel}","templated":true}]}}