{"id":17497,"date":"2017-08-08T11:20:38","date_gmt":"2017-08-08T11:20:38","guid":{"rendered":"http:\/\/www.puertasalvarez.com\/website\/?page_id=17497\/"},"modified":"2021-05-18T15:30:10","modified_gmt":"2021-05-18T15:30:10","slug":"homologacoes-2","status":"publish","type":"page","link":"https:\/\/www.puertasalvarez.com\/website\/pt-pt\/homologacoes-2\/","title":{"rendered":"HOMOLOGA\u00c7\u00d5ES"},"content":{"rendered":"<p>[vc_row css_animation=&#8221;&#8221; row_type=&#8221;row&#8221; use_row_as_full_screen_section=&#8221;no&#8221; type=&#8221;full_width&#8221; angled_section=&#8221;no&#8221; text_align=&#8221;left&#8221; background_image_as_pattern=&#8221;without_pattern&#8221; css=&#8221;.vc_custom_1488954562070{background-color: #ffffff !important;}&#8221;][vc_column width=&#8221;1\/2&#8243; css=&#8221;.vc_custom_1489142051124{margin-right: 0px !important;padding-right: 0px !important;}&#8221;][vc_single_image image=&#8221;16976&#8243; img_size=&#8221;full&#8221; qode_css_animation=&#8221;&#8221;][\/vc_column][vc_column width=&#8221;1\/2&#8243; css=&#8221;.vc_custom_1489141535759{padding-top: 50px !important;padding-right: 80px !important;padding-bottom: 50px !important;padding-left: 50px !important;}&#8221;][vc_column_text]<\/p>\n<h1>QUALIDADE \u00c9 O NOSSO COMPROMISSO<\/h1>\n<p>[\/vc_column_text][vc_separator type=&#8221;small&#8221; position=&#8221;left&#8221; thickness=&#8221;1&#8243; width=&#8221;280&#8243;][vc_column_text]<\/p>\n<p style=\"text-align: left;\">Desde a sua cria\u00e7\u00e3o, Portas Alvarez adquiriu um firme compromisso com a qualidade de seus produtos, por este motivo, hoje o material utilizado na fabrica\u00e7\u00e3o de chapas e enquadrar as nossas portas, em conformidade com a UNE EN-10204, 3,16 EUR.<\/p>\n<p>[\/vc_column_text][vc_column_text css=&#8221;.vc_custom_1502191133345{margin-top: 20px !important;}&#8221;]<\/p>\n<p style=\"text-align: left;\">A fim de fornecer produtos de alta qualidade para um mercado cada vez mais competitivo e exigente, devemos ter cuidado ao mais \u00ednfimo pormenor. Acompanhando fechaduras todas as portas Portas fabricados pela Alvarez, conhecer os sistemas de qualidade baseado na ISO 9001: 2000.<\/p>\n<p>[\/vc_column_text][\/vc_column][\/vc_row][vc_row css_animation=&#8221;&#8221; row_type=&#8221;row&#8221; use_row_as_full_screen_section=&#8221;no&#8221; type=&#8221;full_width&#8221; angled_section=&#8221;no&#8221; text_align=&#8221;left&#8221; background_image_as_pattern=&#8221;without_pattern&#8221; css=&#8221;.vc_custom_1488954562070{background-color: #ffffff !important;}&#8221;][vc_column width=&#8221;1\/2&#8243; css=&#8221;.vc_custom_1489141614401{padding-top: 50px !important;padding-right: 50px !important;padding-bottom: 50px !important;padding-left: 80px !important;}&#8221;][vc_column_text]<\/p>\n<h2 style=\"text-align: left;\">CERTIFICADOS DE QUALIDADE<\/h2>\n<p>[\/vc_column_text][vc_separator type=&#8221;small&#8221; position=&#8221;left&#8221; thickness=&#8221;1&#8243; width=&#8221;210&#8243;][vc_column_text]<\/p>\n<p style=\"text-align: left;\">Temos a marca CE para ambos os produtos, poliuretano e Modelo ECO. Se desejar, voc\u00ea pode baixar a aprova\u00e7\u00e3o arquivos em formato PDF pela lista que aparece nestas linhas selecionando.<\/p>\n<p>[\/vc_column_text][vc_empty_space]<a  itemprop=\"url\" href=\"http:\/\/www.puertasalvarez.com\/website\/wp-content\/uploads\/2021\/05\/ISO_9001_ALVAREZ.pdf\" target=\"_blank\" data-hover-background-color=#426b00 data-hover-border-color=#426b00  class=\"qbutton  center default\" style=\"color: #ffffff; border-color: #84aa35; background-color: #84aa35;\">QUALIDADE ISO 9001: 2015<\/a>[vc_empty_space height=&#8221;26px&#8221;]<a  itemprop=\"url\" href=\"http:\/\/www.puertasalvarez.com\/website\/pt-pt\/contact\/\" target=\"_self\" data-hover-background-color=#426b00 data-hover-border-color=#426b00  class=\"qbutton  center default\" style=\"color: #ffffff; border-color: #84aa35; background-color: #84aa35;\">MARCADO CE<\/a>[vc_empty_space height=&#8221;26px&#8221;]<a  itemprop=\"url\" href=\"http:\/\/www.puertasalvarez.com\/website\/pt-pt\/contact\/\" target=\"_self\" data-hover-background-color=#426b00 data-hover-border-color=#426b00  class=\"qbutton  center default\" style=\"color: #ffffff; border-color: #84aa35; background-color: #84aa35;\">MANUAL DE MONTAJE<\/a>[\/vc_column][vc_column width=&#8221;1\/2&#8243; css=&#8221;.vc_custom_1489142085829{margin-left: 0px !important;padding-left: 0px !important;}&#8221;][vc_single_image image=&#8221;17457&#8243; img_size=&#8221;full&#8221; alignment=&#8221;right&#8221; qode_css_animation=&#8221;&#8221; css=&#8221;.vc_custom_1501777218355{margin-right: -15px !important;padding-right: -15px !important;}&#8221;][\/vc_column][\/vc_row]<\/p>\n","protected":false},"excerpt":{"rendered":"<p>[vc_row css_animation=&#8221;&#8221; row_type=&#8221;row&#8221; use_row_as_full_screen_section=&#8221;no&#8221; type=&#8221;full_width&#8221; angled_section=&#8221;no&#8221; text_align=&#8221;left&#8221; background_image_as_pattern=&#8221;without_pattern&#8221; css=&#8221;.vc_custom_1488954562070{background-color: #ffffff !important;}&#8221;][vc_column width=&#8221;1\/2&#8243; css=&#8221;.vc_custom_1489142051124{margin-right: 0px !important;padding-right: 0px !important;}&#8221;][vc_single_image image=&#8221;16976&#8243; img_size=&#8221;full&#8221; qode_css_animation=&#8221;&#8221;][\/vc_column][vc_column width=&#8221;1\/2&#8243; css=&#8221;.vc_custom_1489141535759{padding-top: 50px !important;padding-right: 80px !important;padding-bottom: 50px !important;padding-left: 50px !important;}&#8221;][vc_column_text] QUALIDADE \u00c9 O NOSSO COMPROMISSO [\/vc_column_text][vc_separator type=&#8221;small&#8221; position=&#8221;left&#8221; thickness=&#8221;1&#8243; width=&#8221;280&#8243;][vc_column_text] Desde a sua cria\u00e7\u00e3o, Portas&#8230;<\/p>\n","protected":false},"author":1,"featured_media":0,"parent":0,"menu_order":0,"comment_status":"open","ping_status":"closed","template":"full_width.php","meta":{"footnotes":""},"_links":{"self":[{"href":"https:\/\/www.puertasalvarez.com\/website\/pt-pt\/wp-json\/wp\/v2\/pages\/17497"}],"collection":[{"href":"https:\/\/www.puertasalvarez.com\/website\/pt-pt\/wp-json\/wp\/v2\/pages"}],"about":[{"href":"https:\/\/www.puertasalvarez.com\/website\/pt-pt\/wp-json\/wp\/v2\/types\/page"}],"author":[{"embeddable":true,"href":"https:\/\/www.puertasalvarez.com\/website\/pt-pt\/wp-json\/wp\/v2\/users\/1"}],"replies":[{"embeddable":true,"href":"https:\/\/www.puertasalvarez.com\/website\/pt-pt\/wp-json\/wp\/v2\/comments?post=17497"}],"version-history":[{"count":8,"href":"https:\/\/www.puertasalvarez.com\/website\/pt-pt\/wp-json\/wp\/v2\/pages\/17497\/revisions"}],"predecessor-version":[{"id":17868,"href":"https:\/\/www.puertasalvarez.com\/website\/pt-pt\/wp-json\/wp\/v2\/pages\/17497\/revisions\/17868"}],"wp:attachment":[{"href":"https:\/\/www.puertasalvarez.com\/website\/pt-pt\/wp-json\/wp\/v2\/media?parent=17497"}],"curies":[{"name":"wp","href":"https:\/\/api.w.org\/{rel}","templated":true}]}}