{"id":17623,"date":"2017-08-11T08:47:38","date_gmt":"2017-08-11T08:47:38","guid":{"rendered":"http:\/\/www.puertasalvarez.com\/website\/?page_id=17623\/"},"modified":"2017-09-15T14:24:49","modified_gmt":"2017-09-15T14:24:49","slug":"portas-acopladas-de-chapa-dupla-2-folhas","status":"publish","type":"page","link":"https:\/\/www.puertasalvarez.com\/website\/pt-pt\/portas-acopladas-de-chapa-dupla-2-folhas\/","title":{"rendered":"PORTAS ACOPLADAS DE CHAPA DUPLA &#8211; 2 FOLHAS"},"content":{"rendered":"<p>[vc_row css_animation=&#8221;&#8221; row_type=&#8221;row&#8221; use_row_as_full_screen_section=&#8221;no&#8221; type=&#8221;full_width&#8221; angled_section=&#8221;no&#8221; text_align=&#8221;left&#8221; background_image_as_pattern=&#8221;without_pattern&#8221; css=&#8221;.vc_custom_1488988247065{padding-top: 50px !important;background-color: #f2f2f2 !important;}&#8221;][vc_column width=&#8221;1\/4&#8243;][\/vc_column][vc_column width=&#8221;1\/2&#8243;][vc_row_inner row_type=&#8221;row&#8221; type=&#8221;full_width&#8221; text_align=&#8221;left&#8221; css_animation=&#8221;&#8221;][vc_column_inner width=&#8221;1\/4&#8243;][vc_single_image image=&#8221;17064&#8243; img_size=&#8221;136&#215;136&#8243; alignment=&#8221;center&#8221; style=&#8221;vc_box_border_circle_2&#8243; border_color=&#8221;white&#8221; qode_css_animation=&#8221;&#8221;][\/vc_column_inner][vc_column_inner width=&#8221;1\/4&#8243;][vc_single_image image=&#8221;17075&#8243; img_size=&#8221;136&#215;136&#8243; alignment=&#8221;center&#8221; style=&#8221;vc_box_border_circle_2&#8243; border_color=&#8221;white&#8221; qode_css_animation=&#8221;&#8221;][\/vc_column_inner][vc_column_inner width=&#8221;1\/4&#8243;][vc_single_image image=&#8221;17070&#8243; img_size=&#8221;136&#215;136&#8243; alignment=&#8221;center&#8221; style=&#8221;vc_box_border_circle_2&#8243; border_color=&#8221;white&#8221; qode_css_animation=&#8221;&#8221;][\/vc_column_inner][vc_column_inner width=&#8221;1\/4&#8243;][vc_single_image image=&#8221;17229&#8243; img_size=&#8221;136&#215;136&#8243; alignment=&#8221;center&#8221; style=&#8221;vc_box_border_circle_2&#8243; border_color=&#8221;white&#8221; qode_css_animation=&#8221;&#8221;][\/vc_column_inner][\/vc_row_inner][\/vc_column][vc_column width=&#8221;1\/4&#8243;][\/vc_column][\/vc_row][vc_row css_animation=&#8221;&#8221; row_type=&#8221;row&#8221; use_row_as_full_screen_section=&#8221;no&#8221; type=&#8221;full_width&#8221; angled_section=&#8221;no&#8221; text_align=&#8221;left&#8221; background_image_as_pattern=&#8221;without_pattern&#8221; css=&#8221;.vc_custom_1488985889489{background-color: #f2f2f2 !important;}&#8221;][vc_column]<div class=\"custom_font_holder\" style=\"font-family: Montserrat; font-size: 42px; line-height: 26px; font-style: normal; font-weight: 300; color: #84aa35; text-decoration: none; margin: 30px 50px 30px 50px; text-align: center;\">Galvanizada, envernizadas ou em cor de madeira<\/div>[vc_separator type=&#8221;small&#8221; position=&#8221;center&#8221; thickness=&#8221;1&#8243; width=&#8221;400&#8243;][vc_column_text css=&#8221;.vc_custom_1502440510342{margin-right: 200px !important;margin-bottom: 50px !important;margin-left: 200px !important;}&#8221;]<\/p>\n<p style=\"text-align: center;\">Porta de folha dupla multiusos fabricada com duas chapas de a\u00e7o. montada com dobras patenteadas de design exclusivo. O material utilizado na folha e no caixilho cumpre a norma UNE-EN 10204. O interior est\u00e1 preenchido com um material ecol\u00f3gico que lhe proporciona uma total rigidez, devido \u00e0 elevada ader\u00eancia nas paredes, evitando que se deformem e empenem.<\/p>\n<p>[\/vc_column_text][\/vc_column][\/vc_row][vc_row css_animation=&#8221;&#8221; row_type=&#8221;row&#8221; use_row_as_full_screen_section=&#8221;no&#8221; type=&#8221;full_width&#8221; angled_section=&#8221;no&#8221; text_align=&#8221;left&#8221; background_image_as_pattern=&#8221;without_pattern&#8221; css=&#8221;.vc_custom_1488954562070{background-color: #ffffff !important;}&#8221;][vc_column width=&#8221;1\/2&#8243; css=&#8221;.vc_custom_1488986729360{padding-top: 50px !important;padding-right: 50px !important;padding-bottom: 50px !important;padding-left: 80px !important;}&#8221;][vc_column_text]<\/p>\n<h1 style=\"text-align: right;\">PORTAS GALVANIZADAS<\/h1>\n<p>[\/vc_column_text][vc_separator type=&#8221;small&#8221; position=&#8221;right&#8221; thickness=&#8221;1&#8243; width=&#8221;280&#8243;][vc_column_text]<\/p>\n<p style=\"text-align: right;\">S\u00e3o entregues totalmente montadas sobre o caixilho, com fechadura encastrada. A fixa\u00e7\u00e3o da folha passiva \u00e9 efectuada com dois passadores embutidos no canto da folha, um superior ao caixilho e o outro inferior ao ch\u00e3o.<\/p>\n<p>[\/vc_column_text][vc_column_text css=&#8221;.vc_custom_1502440597870{margin-top: 20px !important;}&#8221;]<\/p>\n<p style=\"text-align: right;\">O puxador anti-engate de design exclusivo \u00e9 fabricado com polipropileno copol\u00edmero, tal como a base do puxador.<\/p>\n<p>[\/vc_column_text][\/vc_column][vc_column width=&#8221;1\/2&#8243; css=&#8221;.vc_custom_1488973520974{margin-left: 0px !important;padding-left: 0px !important;}&#8221;][vc_single_image image=&#8221;17721&#8243; img_size=&#8221;full&#8221; alignment=&#8221;right&#8221; qode_css_animation=&#8221;&#8221;][\/vc_column][\/vc_row][vc_row css_animation=&#8221;&#8221; row_type=&#8221;row&#8221; use_row_as_full_screen_section=&#8221;no&#8221; type=&#8221;full_width&#8221; angled_section=&#8221;no&#8221; text_align=&#8221;left&#8221; background_image_as_pattern=&#8221;without_pattern&#8221; css=&#8221;.vc_custom_1488954562070{background-color: #ffffff !important;}&#8221;][vc_column width=&#8221;1\/2&#8243;][vc_single_image image=&#8221;16758&#8243; img_size=&#8221;full&#8221; qode_css_animation=&#8221;&#8221; css=&#8221;.vc_custom_1488994734960{margin-right: -15px !important;padding-right: -15px !important;}&#8221;][\/vc_column][vc_column width=&#8221;1\/2&#8243; css=&#8221;.vc_custom_1488986737854{padding-top: 50px !important;padding-right: 80px !important;padding-bottom: 50px !important;padding-left: 50px !important;}&#8221;][vc_column_text]<\/p>\n<h2>PORTAS ENVERNIZADAS<\/h2>\n<p>[\/vc_column_text][vc_separator type=&#8221;small&#8221; position=&#8221;left&#8221; thickness=&#8221;1&#8243; width=&#8221;210&#8243;][vc_column_text]<\/p>\n<p style=\"text-align: left;\">A grande qualidade dos nossos acabamentos fazem desta porta um elemento de decora\u00e7\u00e3o no seu lar ou escrit\u00f3rio. Fabricada com duas chapas bandacolor poli\u00e9ster exteriores 25 micras em branco pirin\u00e9u 1006 sobre base galvanizada Dx51 D-2100.<\/p>\n<p>[\/vc_column_text][vc_column_text css=&#8221;.vc_custom_1502440753680{margin-top: 20px !important;}&#8221;]<\/p>\n<p style=\"text-align: left;\">A folha est\u00e1 protegida com uma PEL\u00cdCULA DE PROTEC\u00c7\u00c3O PERFURADA de 35 micras para remover depois de terminada a instala\u00e7\u00e3o da porta.<\/p>\n<p>[\/vc_column_text][\/vc_column][\/vc_row][vc_row css_animation=&#8221;&#8221; row_type=&#8221;row&#8221; use_row_as_full_screen_section=&#8221;no&#8221; type=&#8221;full_width&#8221; angled_section=&#8221;no&#8221; text_align=&#8221;left&#8221; background_image_as_pattern=&#8221;without_pattern&#8221; css=&#8221;.vc_custom_1488954562070{background-color: #ffffff !important;}&#8221;][vc_column width=&#8221;1\/2&#8243; css=&#8221;.vc_custom_1488986753756{padding-top: 50px !important;padding-right: 50px !important;padding-bottom: 50px !important;padding-left: 80px !important;}&#8221;][vc_column_text]<\/p>\n<h2 style=\"text-align: right;\">PORTAS COR DE MADEIRA<\/h2>\n<p>[\/vc_column_text][vc_separator type=&#8221;small&#8221; position=&#8221;right&#8221; thickness=&#8221;1&#8243; width=&#8221;290&#8243;][vc_column_text]<\/p>\n<p style=\"text-align: right;\">Nossas portas acopladas s\u00e3o fabricadas em qualquer tipo de soldagem, o que permite um perfeito acabamento em toda a gama de materiais, vernizes ou plastificados PVC.<\/p>\n<p>[\/vc_column_text][vc_column_text css=&#8221;.vc_custom_1502440835771{margin-top: 20px !important;}&#8221;]<\/p>\n<p style=\"text-align: right;\">Fabricadas com duas chapas com base galvanizada a quente, segundo a norma EN-10142, com uma pel\u00edcula de PVC de cloreto de polivinil, livre de c\u00e1dmio e folmalde\u00eddo.<\/p>\n<p>[\/vc_column_text][\/vc_column][vc_column width=&#8221;1\/2&#8243;][vc_single_image image=&#8221;16759&#8243; img_size=&#8221;full&#8221; alignment=&#8221;right&#8221; qode_css_animation=&#8221;&#8221; css=&#8221;.vc_custom_1488994746602{margin-left: -15px !important;padding-left: -15px !important;}&#8221;][\/vc_column][\/vc_row][vc_row css_animation=&#8221;&#8221; row_type=&#8221;row&#8221; use_row_as_full_screen_section=&#8221;no&#8221; type=&#8221;full_width&#8221; angled_section=&#8221;no&#8221; text_align=&#8221;left&#8221; background_image_as_pattern=&#8221;without_pattern&#8221; css=&#8221;.vc_custom_1488966105654{background-color: #84aa35 !important;}&#8221;][vc_column width=&#8221;1\/2&#8243;][vc_row_inner row_type=&#8221;row&#8221; type=&#8221;full_width&#8221; text_align=&#8221;left&#8221; css_animation=&#8221;&#8221; css=&#8221;.vc_custom_1488975069060{margin-top: 60px !important;margin-bottom: 30px !important;}&#8221;][vc_column_inner width=&#8221;1\/6&#8243;]<span data-type=\"normal\"  class=\"qode_icon_shortcode  q_font_awsome_icon fa-2x pull-right \" style=\" \"><i class=\"qode_icon_font_awesome fa fa-file-text qode_icon_element\" style=\"color: #d4e5b1;\" ><\/i><\/span>[\/vc_column_inner][vc_column_inner width=&#8221;5\/6&#8243;]<div class=\"custom_font_holder\" style=\"font-family: Montserrat; font-size: 17px; line-height: 26px; font-style: normal; font-weight: 500; color: #ffffff; text-decoration: none; text-align: left;\">CARACTER\u00cdSTICAS TECNICAS<\/div>[vc_separator type=&#8221;small&#8221; position=&#8221;left&#8221; color=&#8221;#ffffff&#8221; thickness=&#8221;1&#8243; width=&#8221;250&#8243;][vc_column_text]<span style=\"color: #ffffff;\"><strong>\u2022<\/strong> Porta preparada para instala\u00e7\u00e3o na obra.<\/span><br \/>\n<span style=\"color: #ffffff;\"><strong>\u2022<\/strong> Isolamento t\u00e9rmico e ac\u00fastico.<\/span><br \/>\n<span style=\"color: #ffffff;\"><strong>\u2022<\/strong> Fecham hermeticamente.<\/span><br \/>\n<span style=\"color: #ffffff;\"><strong>\u2022<\/strong> Fechadura encastrada com canh\u00e3o met\u00e1lico de perfil europeu.<\/span><br \/>\n<span style=\"color: #ffffff;\"><strong>\u2022<\/strong> N\u00e3o precisam de manuten\u00e7\u00e3o devido \u00e0 sua resist\u00eancia ao envelhecimento.<\/span><br \/>\n<span style=\"color: #ffffff;\"><strong>\u2022<\/strong> Puxador de design pr\u00f3prio.<\/span><br \/>\n<span style=\"color: #ffffff;\"><strong>\u2022<\/strong> N\u00e3o devem ser instaladas em lugares com muita humidade permanente.<\/span><br \/>\n<span style=\"color: #ffffff;\"><strong>\u2022<\/strong> Todas as portas envernizadas s\u00e3o embaladas com pl\u00e1stico celofanado.<\/span>[\/vc_column_text][\/vc_column_inner][\/vc_row_inner][vc_row_inner row_type=&#8221;row&#8221; type=&#8221;full_width&#8221; text_align=&#8221;left&#8221; css_animation=&#8221;&#8221; css=&#8221;.vc_custom_1500568771394{margin-bottom: 40px !important;}&#8221;][vc_column_inner width=&#8221;1\/6&#8243;]<span data-type=\"normal\"  class=\"qode_icon_shortcode  q_font_awsome_icon fa-2x pull-right \" style=\" \"><i class=\"qode_icon_font_awesome fa fa-info qode_icon_element\" style=\"color: #d4e5b1;\" ><\/i><\/span>[\/vc_column_inner][vc_column_inner width=&#8221;5\/6&#8243;]<div class=\"custom_font_holder\" style=\"font-family: Montserrat; font-size: 17px; line-height: 26px; font-style: normal; font-weight: 500; color: #ffffff; text-decoration: none; text-align: left;\">INFORMA\u00c7\u00c3O T\u00c9CNICA<\/div>[vc_separator type=&#8221;small&#8221; position=&#8221;left&#8221; color=&#8221;#ffffff&#8221; thickness=&#8221;1&#8243; width=&#8221;250&#8243;][vc_column_text]<span style=\"color: #ffffff;\"><strong>\u2022<\/strong> Formatos padr\u00e3o 1 folha.<\/span><br \/>\n<span style=\"color: #ffffff;\"><strong>\u2022<\/strong> Formatos padr\u00e3o 2 folhas.<\/span><br \/>\n<span style=\"color: #ffffff;\"><strong>\u2022<\/strong> Medidas portas especiais.<\/span>[\/vc_column_text][\/vc_column_inner][\/vc_row_inner][vc_row_inner row_type=&#8221;row&#8221; type=&#8221;full_width&#8221; text_align=&#8221;left&#8221; css_animation=&#8221;&#8221; css=&#8221;.vc_custom_1500568754708{margin-bottom: 60px !important;}&#8221;][vc_column_inner width=&#8221;1\/6&#8243;]<span data-type=\"normal\"  class=\"qode_icon_shortcode  q_font_awsome_icon fa-2x pull-right \" style=\" \"><i class=\"qode_icon_font_awesome fa fa-download qode_icon_element\" style=\"color: #d4e5b1;\" ><\/i><\/span>[\/vc_column_inner][vc_column_inner width=&#8221;5\/6&#8243;]<div class=\"custom_font_holder\" style=\"font-family: Montserrat; font-size: 17px; line-height: 26px; font-style: normal; font-weight: 500; color: #ffffff; text-decoration: none; text-align: left;\">SEC\u00c7\u00d5ES DOS CAIXILHOS<\/div>[vc_separator type=&#8221;small&#8221; position=&#8221;left&#8221; color=&#8221;#ffffff&#8221; thickness=&#8221;1&#8243; width=&#8221;250&#8243;]<a  itemprop=\"url\" href=\"http:\/\/www.puertasalvarez.com\/website\/wp-content\/uploads\/2017\/07\/C40_C70.pdf\" target=\"_blank\" data-hover-background-color=#56841e data-hover-border-color=#56841e data-hover-color=#ffffff class=\"qbutton  default\" style=\"color: #84aa35; border-color: #ffffff; background-color: #ffffff;\">C40 + C70 (PDF)<i class=\"qode_icon_font_awesome fa fa-download qode_button_icon_element\" style=\"color: #84aa35;\" ><\/i><\/a>[\/vc_column_inner][\/vc_row_inner][\/vc_column][vc_column width=&#8221;1\/2&#8243;][vc_row_inner row_type=&#8221;row&#8221; type=&#8221;full_width&#8221; text_align=&#8221;left&#8221; css_animation=&#8221;&#8221; css=&#8221;.vc_custom_1488975069060{margin-top: 60px !important;margin-bottom: 30px !important;}&#8221;][vc_column_inner width=&#8221;1\/6&#8243;]<span data-type=\"normal\"  class=\"qode_icon_shortcode  q_font_awsome_icon fa-2x pull-right \" style=\" \"><i class=\"qode_icon_font_awesome fa fa-cube qode_icon_element\" style=\"color: #d4e5b1;\" ><\/i><\/span>[\/vc_column_inner][vc_column_inner width=&#8221;5\/6&#8243;]<div class=\"custom_font_holder\" style=\"font-family: Montserrat; font-size: 17px; line-height: 26px; font-style: normal; font-weight: 500; color: #ffffff; text-decoration: none; text-align: left;\">COLOCA\u00c7\u00c3O EM PALETES<\/div>[vc_separator type=&#8221;small&#8221; position=&#8221;left&#8221; color=&#8221;#ffffff&#8221; thickness=&#8221;1&#8243; width=&#8221;250&#8243;][vc_column_text]<span style=\"color: #ffffff;\">MC40 &#8211; 10 \/ 12 uds. \/ Palete.<\/span><br \/>\n<span style=\"color: #ffffff;\">MC70 &#8211; 8 uds. \/ Palete.<\/span>[\/vc_column_text][vc_single_image image=&#8221;17371&#8243; img_size=&#8221;full&#8221; qode_css_animation=&#8221;&#8221; css=&#8221;.vc_custom_1500570346093{margin-top: 20px !important;}&#8221;][\/vc_column_inner][\/vc_row_inner][vc_row_inner row_type=&#8221;row&#8221; type=&#8221;full_width&#8221; text_align=&#8221;left&#8221; css_animation=&#8221;&#8221; css=&#8221;.vc_custom_1488975069060{margin-top: 60px !important;margin-bottom: 30px !important;}&#8221;][vc_column_inner width=&#8221;1\/6&#8243;]<span data-type=\"normal\"  class=\"qode_icon_shortcode  q_font_awsome_icon fa-2x pull-right \" style=\" \"><i class=\"qode_icon_font_awesome fa fa-hand-o-right qode_icon_element\" style=\"color: #d4e5b1;\" ><\/i><\/span>[\/vc_column_inner][vc_column_inner width=&#8221;5\/6&#8243;]<div class=\"custom_font_holder\" style=\"font-family: Montserrat; font-size: 30px; line-height: 32px; font-style: normal; font-weight: 300; color: #ffffff; text-decoration: none; margin: 0px 150px 50px 0px; text-align: left;\">FABRICAMOS PORTAS COM MEDIDAS ESPECIAIS A PEDIDO<\/div>[\/vc_column_inner][\/vc_row_inner][\/vc_column][\/vc_row]<\/p>\n","protected":false},"excerpt":{"rendered":"<p>[vc_row css_animation=&#8221;&#8221; row_type=&#8221;row&#8221; use_row_as_full_screen_section=&#8221;no&#8221; type=&#8221;full_width&#8221; angled_section=&#8221;no&#8221; text_align=&#8221;left&#8221; background_image_as_pattern=&#8221;without_pattern&#8221; css=&#8221;.vc_custom_1488988247065{padding-top: 50px !important;background-color: #f2f2f2 !important;}&#8221;][vc_column width=&#8221;1\/4&#8243;][\/vc_column][vc_column width=&#8221;1\/2&#8243;][vc_row_inner row_type=&#8221;row&#8221; type=&#8221;full_width&#8221; text_align=&#8221;left&#8221; css_animation=&#8221;&#8221;][vc_column_inner width=&#8221;1\/4&#8243;][vc_single_image image=&#8221;17064&#8243; img_size=&#8221;136&#215;136&#8243; alignment=&#8221;center&#8221; style=&#8221;vc_box_border_circle_2&#8243; border_color=&#8221;white&#8221; qode_css_animation=&#8221;&#8221;][\/vc_column_inner][vc_column_inner width=&#8221;1\/4&#8243;][vc_single_image image=&#8221;17075&#8243; img_size=&#8221;136&#215;136&#8243; alignment=&#8221;center&#8221; style=&#8221;vc_box_border_circle_2&#8243; border_color=&#8221;white&#8221; qode_css_animation=&#8221;&#8221;][\/vc_column_inner][vc_column_inner width=&#8221;1\/4&#8243;][vc_single_image image=&#8221;17070&#8243; img_size=&#8221;136&#215;136&#8243; alignment=&#8221;center&#8221; style=&#8221;vc_box_border_circle_2&#8243; border_color=&#8221;white&#8221; qode_css_animation=&#8221;&#8221;][\/vc_column_inner][vc_column_inner width=&#8221;1\/4&#8243;][vc_single_image image=&#8221;17229&#8243; img_size=&#8221;136&#215;136&#8243; alignment=&#8221;center&#8221; style=&#8221;vc_box_border_circle_2&#8243;&#8230;<\/p>\n","protected":false},"author":1,"featured_media":0,"parent":0,"menu_order":0,"comment_status":"open","ping_status":"closed","template":"full_width.php","meta":{"footnotes":""},"_links":{"self":[{"href":"https:\/\/www.puertasalvarez.com\/website\/pt-pt\/wp-json\/wp\/v2\/pages\/17623"}],"collection":[{"href":"https:\/\/www.puertasalvarez.com\/website\/pt-pt\/wp-json\/wp\/v2\/pages"}],"about":[{"href":"https:\/\/www.puertasalvarez.com\/website\/pt-pt\/wp-json\/wp\/v2\/types\/page"}],"author":[{"embeddable":true,"href":"https:\/\/www.puertasalvarez.com\/website\/pt-pt\/wp-json\/wp\/v2\/users\/1"}],"replies":[{"embeddable":true,"href":"https:\/\/www.puertasalvarez.com\/website\/pt-pt\/wp-json\/wp\/v2\/comments?post=17623"}],"version-history":[{"count":2,"href":"https:\/\/www.puertasalvarez.com\/website\/pt-pt\/wp-json\/wp\/v2\/pages\/17623\/revisions"}],"predecessor-version":[{"id":17728,"href":"https:\/\/www.puertasalvarez.com\/website\/pt-pt\/wp-json\/wp\/v2\/pages\/17623\/revisions\/17728"}],"wp:attachment":[{"href":"https:\/\/www.puertasalvarez.com\/website\/pt-pt\/wp-json\/wp\/v2\/media?parent=17623"}],"curies":[{"name":"wp","href":"https:\/\/api.w.org\/{rel}","templated":true}]}}