{"id":17625,"date":"2017-08-11T08:57:56","date_gmt":"2017-08-11T08:57:56","guid":{"rendered":"http:\/\/www.puertasalvarez.com\/website\/?page_id=17625\/"},"modified":"2017-08-14T08:35:10","modified_gmt":"2017-08-14T08:35:10","slug":"portas-de-seguranca-para-residencias","status":"publish","type":"page","link":"https:\/\/www.puertasalvarez.com\/website\/pt-pt\/portas-de-seguranca-para-residencias\/","title":{"rendered":"PORTAS DE SEGURAN\u00c7A PARA RESID\u00caNCIAS"},"content":{"rendered":"<p>[vc_row css_animation=&#8221;&#8221; row_type=&#8221;row&#8221; use_row_as_full_screen_section=&#8221;no&#8221; type=&#8221;full_width&#8221; angled_section=&#8221;no&#8221; text_align=&#8221;left&#8221; background_image_as_pattern=&#8221;without_pattern&#8221; css=&#8221;.vc_custom_1488988247065{padding-top: 50px !important;background-color: #f2f2f2 !important;}&#8221;][vc_column width=&#8221;1\/4&#8243;][\/vc_column][vc_column width=&#8221;1\/2&#8243;][vc_row_inner row_type=&#8221;row&#8221; type=&#8221;full_width&#8221; text_align=&#8221;left&#8221; css_animation=&#8221;&#8221;][vc_column_inner width=&#8221;1\/4&#8243;][vc_single_image image=&#8221;17203&#8243; img_size=&#8221;136&#215;136&#8243; alignment=&#8221;center&#8221; style=&#8221;vc_box_border_circle_2&#8243; border_color=&#8221;white&#8221; qode_css_animation=&#8221;&#8221;][\/vc_column_inner][vc_column_inner width=&#8221;1\/4&#8243;][vc_single_image image=&#8221;17208&#8243; img_size=&#8221;136&#215;136&#8243; alignment=&#8221;center&#8221; style=&#8221;vc_box_border_circle_2&#8243; border_color=&#8221;white&#8221; qode_css_animation=&#8221;&#8221;][\/vc_column_inner][vc_column_inner width=&#8221;1\/4&#8243;][vc_single_image image=&#8221;17213&#8243; img_size=&#8221;136&#215;136&#8243; alignment=&#8221;center&#8221; style=&#8221;vc_box_border_circle_2&#8243; border_color=&#8221;white&#8221; qode_css_animation=&#8221;&#8221;][\/vc_column_inner][vc_column_inner width=&#8221;1\/4&#8243;][vc_single_image image=&#8221;17239&#8243; img_size=&#8221;136&#215;136&#8243; alignment=&#8221;center&#8221; style=&#8221;vc_box_border_circle_2&#8243; border_color=&#8221;white&#8221; qode_css_animation=&#8221;&#8221;][\/vc_column_inner][\/vc_row_inner][\/vc_column][vc_column width=&#8221;1\/4&#8243;][\/vc_column][\/vc_row][vc_row css_animation=&#8221;&#8221; row_type=&#8221;row&#8221; use_row_as_full_screen_section=&#8221;no&#8221; type=&#8221;full_width&#8221; angled_section=&#8221;no&#8221; text_align=&#8221;left&#8221; background_image_as_pattern=&#8221;without_pattern&#8221; css=&#8221;.vc_custom_1488985889489{background-color: #f2f2f2 !important;}&#8221;][vc_column]<div class=\"custom_font_holder\" style=\"font-family: Montserrat; font-size: 42px; line-height: 26px; font-style: normal; font-weight: 300; color: #84aa35; text-decoration: none; margin: 30px 50px 30px 50px; text-align: center;\">Galvanizada, envernizadas ou em cor de madeira<\/div>[vc_separator type=&#8221;small&#8221; position=&#8221;center&#8221; thickness=&#8221;1&#8243; width=&#8221;400&#8243;][vc_column_text css=&#8221;.vc_custom_1502699004262{margin-right: 200px !important;margin-bottom: 50px !important;margin-left: 200px !important;}&#8221;]<\/p>\n<p style=\"text-align: center;\">Puertas \u00c1lvarez, S.L.perseguindo o objectivo de oferecer aos seus clientes a gama mais completa de portas met\u00e1licas para a passagem de pessoas, apresenta as PORTAS MET\u00c1LICAS DE SEGURAN\u00c7A, com isolamento t\u00e9rmico e ac\u00fastico assinal\u00e1vel, indiscutivelmente superior aos da madeira.<\/p>\n<p>[\/vc_column_text][\/vc_column][\/vc_row][vc_row css_animation=&#8221;&#8221; row_type=&#8221;row&#8221; use_row_as_full_screen_section=&#8221;no&#8221; type=&#8221;full_width&#8221; angled_section=&#8221;no&#8221; text_align=&#8221;left&#8221; background_image_as_pattern=&#8221;without_pattern&#8221; css=&#8221;.vc_custom_1488954562070{background-color: #ffffff !important;}&#8221;][vc_column width=&#8221;1\/2&#8243; css=&#8221;.vc_custom_1489095516881{padding-top: 50px !important;padding-right: 50px !important;padding-bottom: 50px !important;padding-left: 80px !important;}&#8221;][vc_column_text]<\/p>\n<h2 style=\"text-align: right;\">MODELO ALBUFERA<\/h2>\n<p>[\/vc_column_text][vc_separator type=&#8221;small&#8221; position=&#8221;right&#8221; thickness=&#8221;1&#8243; width=&#8221;230&#8243;][vc_column_text]<\/p>\n<p style=\"text-align: right;\">Entregue totalmente embalada na sua caixa de cart\u00e3o.<\/p>\n<p>[\/vc_column_text][vc_column_text css=&#8221;.vc_custom_1502699060380{margin-top: 20px !important;}&#8221;]<\/p>\n<p style=\"text-align: right;\">Possui fechadura de seguran\u00e7a com 3 pontos e junta de borracha, para al\u00e9m de duas porcas anti-alavanca. Abertura por puxador normal ou tipo manivela.<\/p>\n<p>[\/vc_column_text][vc_column_text css=&#8221;.vc_custom_1502699365523{margin-top: 20px !important;}&#8221;]<\/p>\n<p style=\"text-align: right;\"><span style=\"color: #84aa35;\"><strong><span class=\"bold_verde\">Colores disponibles:\u00a0<\/span><\/strong><\/span>Lacado branco, PVC (nogueira e carvalho), galvanizado.<\/p>\n<p>[\/vc_column_text][\/vc_column][vc_column width=&#8221;1\/2&#8243; css=&#8221;.vc_custom_1488973520974{margin-left: 0px !important;padding-left: 0px !important;}&#8221;][vc_single_image image=&#8221;16962&#8243; img_size=&#8221;full&#8221; alignment=&#8221;right&#8221; qode_css_animation=&#8221;&#8221;][\/vc_column][\/vc_row][vc_row css_animation=&#8221;&#8221; row_type=&#8221;row&#8221; use_row_as_full_screen_section=&#8221;no&#8221; type=&#8221;full_width&#8221; angled_section=&#8221;no&#8221; text_align=&#8221;left&#8221; background_image_as_pattern=&#8221;without_pattern&#8221; css=&#8221;.vc_custom_1488954562070{background-color: #ffffff !important;}&#8221;][vc_column width=&#8221;1\/2&#8243;][vc_single_image image=&#8221;17107&#8243; img_size=&#8221;full&#8221; qode_css_animation=&#8221;&#8221; css=&#8221;.vc_custom_1489483870350{margin-right: -15px !important;padding-right: -15px !important;}&#8221;][\/vc_column][vc_column width=&#8221;1\/2&#8243; css=&#8221;.vc_custom_1488986737854{padding-top: 50px !important;padding-right: 80px !important;padding-bottom: 50px !important;padding-left: 50px !important;}&#8221;][vc_column_text]<\/p>\n<h2>MODELO VEDAT<\/h2>\n<p>[\/vc_column_text][vc_separator type=&#8221;small&#8221; position=&#8221;left&#8221; thickness=&#8221;1&#8243; width=&#8221;210&#8243;][vc_column_text]Com estes novos produtos unidos \u00e0 nossa vasta gama de portas met\u00e1licas de passagem, pretendemos facilitar ainda mais o seu trabalho.[\/vc_column_text][vc_column_text css=&#8221;.vc_custom_1502699411626{margin-top: 20px !important;}&#8221;]Possui fechadura de seguran\u00e7a com 3 pontos e junta de borracha, para al\u00e9m de duas porcas anti-alavanca. Abertura por puxador normal ou tipo manivela.[\/vc_column_text][vc_column_text css=&#8221;.vc_custom_1502699354030{margin-top: 20px !important;}&#8221;]<span style=\"color: #84aa35;\"><strong><span class=\"bold_verde\">Colores disponibles:\u00a0<\/span><\/strong><\/span>Lacado branco, PVC (nogueira e carvalho).[\/vc_column_text][\/vc_column][\/vc_row][vc_row css_animation=&#8221;&#8221; row_type=&#8221;row&#8221; use_row_as_full_screen_section=&#8221;no&#8221; type=&#8221;full_width&#8221; angled_section=&#8221;no&#8221; text_align=&#8221;left&#8221; background_image_as_pattern=&#8221;without_pattern&#8221; css=&#8221;.vc_custom_1488966105654{background-color: #84aa35 !important;}&#8221;][vc_column width=&#8221;1\/2&#8243;][vc_row_inner row_type=&#8221;row&#8221; type=&#8221;full_width&#8221; text_align=&#8221;left&#8221; css_animation=&#8221;&#8221; css=&#8221;.vc_custom_1488975069060{margin-top: 60px !important;margin-bottom: 30px !important;}&#8221;][vc_column_inner width=&#8221;1\/6&#8243;]<span data-type=\"normal\"  class=\"qode_icon_shortcode  q_font_awsome_icon fa-2x pull-right \" style=\" \"><i class=\"qode_icon_font_awesome fa fa-file-text qode_icon_element\" style=\"color: #d4e5b1;\" ><\/i><\/span>[\/vc_column_inner][vc_column_inner width=&#8221;5\/6&#8243;]<div class=\"custom_font_holder\" style=\"font-family: Montserrat; font-size: 17px; line-height: 26px; font-style: normal; font-weight: 500; color: #ffffff; text-decoration: none; text-align: left;\">CARACTER\u00cdSTICAS TECNICAS<\/div>[vc_separator type=&#8221;small&#8221; position=&#8221;left&#8221; color=&#8221;#ffffff&#8221; thickness=&#8221;1&#8243; width=&#8221;250&#8243;][vc_column_text]<span style=\"color: #ffffff;\"><strong>\u2022 Fechadura de 3 pontos.<\/strong><\/span><\/p>\n<p><span style=\"color: #ffffff;\"><strong>\u2022 Desenho semi-proven\u00e7al numa face<\/strong> (Mod. Vedat).<\/span><\/p>\n<p><span style=\"color: #ffffff;\"><strong>\u2022 Cores branco e imita\u00e7\u00e3o de madeira<\/strong> (nogueira e carvalho) <strong>y galvanizada<\/strong> (mod. Albufera).<\/span><\/p>\n<p><span style=\"color: #ffffff;\"><strong>\u2022 Junta herm\u00e9tica<\/strong> (Mod. Vedat).<\/span><\/p>\n<p><span style=\"color: #ffffff;\"><strong>\u2022 Porcas anti-alavanca entre dobradi\u00e7as<\/strong> (2 uds.).<\/span><\/p>\n<p><span style=\"color: #ffffff;\"><strong>\u2022 orta com tr\u00eas dobradi\u00e7as de original design.<\/strong><\/span><\/p>\n<p><span style=\"color: #ffffff;\"><strong>\u2022 Puxador tipo manivela anti-engate de polipropileno negro em ambos os lados; opcionalmente, com puxador normal\/manivela em polipropileno negro e em inox.<\/strong><\/span><\/p>\n<p><span style=\"color: #ffffff;\"><strong>\u2022 Caixilho C\/70<\/strong> (Ver ficha tecnica em PDF).<\/span><\/p>\n<p><span style=\"color: #ffffff;\"><strong>\u2022 Porta com espuma de poliuretano no interior.<\/strong> (mod. Vedat).<\/span><\/p>\n<p><span style=\"color: #ffffff;\"><strong>\u2022 Antirrotura cilindro e chave de seguran\u00e7a.<\/strong><\/span>[\/vc_column_text][\/vc_column_inner][\/vc_row_inner][\/vc_column][vc_column width=&#8221;1\/2&#8243;][vc_row_inner row_type=&#8221;row&#8221; type=&#8221;full_width&#8221; text_align=&#8221;left&#8221; css_animation=&#8221;&#8221; css=&#8221;.vc_custom_1488975069060{margin-top: 60px !important;margin-bottom: 30px !important;}&#8221;][vc_column_inner width=&#8221;1\/6&#8243;]<span data-type=\"normal\"  class=\"qode_icon_shortcode  q_font_awsome_icon fa-2x pull-right \" style=\" \"><i class=\"qode_icon_font_awesome fa fa-cube qode_icon_element\" style=\"color: #d4e5b1;\" ><\/i><\/span>[\/vc_column_inner][vc_column_inner width=&#8221;5\/6&#8243;]<div class=\"custom_font_holder\" style=\"font-family: Montserrat; font-size: 17px; line-height: 26px; font-style: normal; font-weight: 500; color: #ffffff; text-decoration: none; text-align: left;\">COLOCA\u00c7\u00c3O EM PALETES<\/div>[vc_separator type=&#8221;small&#8221; position=&#8221;left&#8221; color=&#8221;#ffffff&#8221; thickness=&#8221;1&#8243; width=&#8221;250&#8243;][vc_column_text]<span style=\"color: #ffffff;\">MC70 &#8211; 12 uds. \/ Palete.<\/span>[\/vc_column_text][vc_single_image image=&#8221;17305&#8243; img_size=&#8221;full&#8221; qode_css_animation=&#8221;&#8221; css=&#8221;.vc_custom_1494848819810{margin-top: 20px !important;}&#8221;][vc_column_text]<span style=\"color: #ffffff;\">Mod. Albufera: A=810\/910 mm. B=1.200 mm. C=2.320 mm.<\/span><br \/>\n<span style=\"color: #ffffff;\">Mod. Vedat: A=1.000 mm. B=1.250 mm. C=2.320 mm.<\/span>[\/vc_column_text][\/vc_column_inner][\/vc_row_inner][\/vc_column][\/vc_row]<\/p>\n","protected":false},"excerpt":{"rendered":"<p>[vc_row css_animation=&#8221;&#8221; row_type=&#8221;row&#8221; use_row_as_full_screen_section=&#8221;no&#8221; type=&#8221;full_width&#8221; angled_section=&#8221;no&#8221; text_align=&#8221;left&#8221; background_image_as_pattern=&#8221;without_pattern&#8221; css=&#8221;.vc_custom_1488988247065{padding-top: 50px !important;background-color: #f2f2f2 !important;}&#8221;][vc_column width=&#8221;1\/4&#8243;][\/vc_column][vc_column width=&#8221;1\/2&#8243;][vc_row_inner row_type=&#8221;row&#8221; type=&#8221;full_width&#8221; text_align=&#8221;left&#8221; css_animation=&#8221;&#8221;][vc_column_inner width=&#8221;1\/4&#8243;][vc_single_image image=&#8221;17203&#8243; img_size=&#8221;136&#215;136&#8243; alignment=&#8221;center&#8221; style=&#8221;vc_box_border_circle_2&#8243; border_color=&#8221;white&#8221; qode_css_animation=&#8221;&#8221;][\/vc_column_inner][vc_column_inner width=&#8221;1\/4&#8243;][vc_single_image image=&#8221;17208&#8243; img_size=&#8221;136&#215;136&#8243; alignment=&#8221;center&#8221; style=&#8221;vc_box_border_circle_2&#8243; border_color=&#8221;white&#8221; qode_css_animation=&#8221;&#8221;][\/vc_column_inner][vc_column_inner width=&#8221;1\/4&#8243;][vc_single_image image=&#8221;17213&#8243; img_size=&#8221;136&#215;136&#8243; alignment=&#8221;center&#8221; style=&#8221;vc_box_border_circle_2&#8243; border_color=&#8221;white&#8221; qode_css_animation=&#8221;&#8221;][\/vc_column_inner][vc_column_inner width=&#8221;1\/4&#8243;][vc_single_image image=&#8221;17239&#8243; img_size=&#8221;136&#215;136&#8243; alignment=&#8221;center&#8221; style=&#8221;vc_box_border_circle_2&#8243;&#8230;<\/p>\n","protected":false},"author":1,"featured_media":0,"parent":0,"menu_order":0,"comment_status":"open","ping_status":"closed","template":"full_width.php","meta":{"footnotes":""},"_links":{"self":[{"href":"https:\/\/www.puertasalvarez.com\/website\/pt-pt\/wp-json\/wp\/v2\/pages\/17625"}],"collection":[{"href":"https:\/\/www.puertasalvarez.com\/website\/pt-pt\/wp-json\/wp\/v2\/pages"}],"about":[{"href":"https:\/\/www.puertasalvarez.com\/website\/pt-pt\/wp-json\/wp\/v2\/types\/page"}],"author":[{"embeddable":true,"href":"https:\/\/www.puertasalvarez.com\/website\/pt-pt\/wp-json\/wp\/v2\/users\/1"}],"replies":[{"embeddable":true,"href":"https:\/\/www.puertasalvarez.com\/website\/pt-pt\/wp-json\/wp\/v2\/comments?post=17625"}],"version-history":[{"count":3,"href":"https:\/\/www.puertasalvarez.com\/website\/pt-pt\/wp-json\/wp\/v2\/pages\/17625\/revisions"}],"predecessor-version":[{"id":17628,"href":"https:\/\/www.puertasalvarez.com\/website\/pt-pt\/wp-json\/wp\/v2\/pages\/17625\/revisions\/17628"}],"wp:attachment":[{"href":"https:\/\/www.puertasalvarez.com\/website\/pt-pt\/wp-json\/wp\/v2\/media?parent=17625"}],"curies":[{"name":"wp","href":"https:\/\/api.w.org\/{rel}","templated":true}]}}