{"id":1452,"date":"2013-10-16T12:05:38","date_gmt":"2013-10-16T12:05:38","guid":{"rendered":"http:\/\/demo.qodeinteractive.com\/bridge26\/?page_id=1452"},"modified":"2017-09-15T07:31:42","modified_gmt":"2017-09-15T07:31:42","slug":"contacto","status":"publish","type":"page","link":"https:\/\/www.puertasalvarez.com\/website\/contacto\/","title":{"rendered":"CONTACTO"},"content":{"rendered":"<p>[vc_row css_animation=\u00bb\u00bb row_type=\u00bbrow\u00bb use_row_as_full_screen_section=\u00bbno\u00bb type=\u00bbfull_width\u00bb angled_section=\u00bbno\u00bb text_align=\u00bbleft\u00bb background_image_as_pattern=\u00bbwithout_pattern\u00bb css=\u00bb.vc_custom_1488954562070{background-color: #ffffff !important;}\u00bb][vc_column width=\u00bb1\/2&#8243;][vc_single_image image=\u00bb17197&#8243; img_size=\u00bbfull\u00bb qode_css_animation=\u00bb\u00bb][\/vc_column][vc_column width=\u00bb1\/2&#8243; css=\u00bb.vc_custom_1488955830941{padding-top: 50px !important;padding-right: 50px !important;padding-bottom: 50px !important;padding-left: 50px !important;}\u00bb][vc_column_text]<\/p>\n<h2>\u00bfD\u00d3NDE ESTAMOS?<\/h2>\n<p>[\/vc_column_text][vc_separator type=\u00bbsmall\u00bb position=\u00bbleft\u00bb thickness=\u00bb1&#8243; width=\u00bb200&#8243;][vc_column_text]Las instalaciones de Puertas \u00c1lvarez se encuentran ubicadas en la Avenida del Mediterr\u00e1neo n\u00ba 3 de la localidad de Segorbe, provincia de Castell\u00f3n de la Plana en la comarca del Alto Palancia.<\/p>\n<p>&nbsp;<\/p>\n<p>Puede desplazarse por el mapa que aparece a la derecha de estas l\u00edneas, navegar por \u00e9l y ampliar o reducir la vista para que pueda localizar nuestras instalaciones m\u00e1s c\u00f3modamente. Muchas gracias.[\/vc_column_text][vc_separator type=\u00bbsmall\u00bb position=\u00bbleft\u00bb thickness=\u00bb1&#8243; width=\u00bb200&#8243;]<a  itemprop=\"url\" href=\"http:\/\/www.puertasalvarez.com\/website\/informacion\/\" target=\"_self\" data-hover-background-color=#628728 data-hover-border-color=#628728  class=\"qbutton  medium left default\" style=\"border-color: #84aa35; background-color: #84aa35;\">SOLICITAR M\u00c1S INFORMACI\u00d3N<\/a>[\/vc_column][\/vc_row][vc_row css_animation=\u00bb\u00bb row_type=\u00bbrow\u00bb use_row_as_full_screen_section=\u00bbno\u00bb type=\u00bbfull_width\u00bb angled_section=\u00bbno\u00bb text_align=\u00bbleft\u00bb background_image_as_pattern=\u00bbwithout_pattern\u00bb][vc_column][vc_single_image image=\u00bb17268&#8243; img_size=\u00bbfull\u00bb onclick=\u00bbcustom_link\u00bb img_link_target=\u00bb_blank\u00bb qode_css_animation=\u00bb\u00bb link=\u00bbhttps:\/\/www.google.es\/maps\/place\/Puertas+Alvarez\/@39.8458279,-0.4838414,17z\/data=!3m1!4b1!4m5!3m4!1s0xd607ae4d7990773:0xb2faa73960871377!8m2!3d39.8458238!4d-0.4816474&#8243;][\/vc_column][\/vc_row]<\/p>\n","protected":false},"excerpt":{"rendered":"<p>[vc_row css_animation=\u00bb\u00bb row_type=\u00bbrow\u00bb use_row_as_full_screen_section=\u00bbno\u00bb type=\u00bbfull_width\u00bb angled_section=\u00bbno\u00bb text_align=\u00bbleft\u00bb background_image_as_pattern=\u00bbwithout_pattern\u00bb css=\u00bb.vc_custom_1488954562070{background-color: #ffffff !important;}\u00bb][vc_column width=\u00bb1\/2&#8243;][vc_single_image image=\u00bb17197&#8243; img_size=\u00bbfull\u00bb qode_css_animation=\u00bb\u00bb][\/vc_column][vc_column width=\u00bb1\/2&#8243; css=\u00bb.vc_custom_1488955830941{padding-top: 50px !important;padding-right: 50px !important;padding-bottom: 50px !important;padding-left: 50px !important;}\u00bb][vc_column_text] \u00bfD\u00d3NDE ESTAMOS? [\/vc_column_text][vc_separator type=\u00bbsmall\u00bb position=\u00bbleft\u00bb thickness=\u00bb1&#8243; width=\u00bb200&#8243;][vc_column_text]Las instalaciones de Puertas \u00c1lvarez se encuentran ubicadas en la Avenida del Mediterr\u00e1neo n\u00ba&#8230;<\/p>\n","protected":false},"author":1,"featured_media":0,"parent":0,"menu_order":0,"comment_status":"open","ping_status":"closed","template":"full_width.php","meta":{"footnotes":""},"_links":{"self":[{"href":"https:\/\/www.puertasalvarez.com\/website\/wp-json\/wp\/v2\/pages\/1452"}],"collection":[{"href":"https:\/\/www.puertasalvarez.com\/website\/wp-json\/wp\/v2\/pages"}],"about":[{"href":"https:\/\/www.puertasalvarez.com\/website\/wp-json\/wp\/v2\/types\/page"}],"author":[{"embeddable":true,"href":"https:\/\/www.puertasalvarez.com\/website\/wp-json\/wp\/v2\/users\/1"}],"replies":[{"embeddable":true,"href":"https:\/\/www.puertasalvarez.com\/website\/wp-json\/wp\/v2\/comments?post=1452"}],"version-history":[{"count":56,"href":"https:\/\/www.puertasalvarez.com\/website\/wp-json\/wp\/v2\/pages\/1452\/revisions"}],"predecessor-version":[{"id":17712,"href":"https:\/\/www.puertasalvarez.com\/website\/wp-json\/wp\/v2\/pages\/1452\/revisions\/17712"}],"wp:attachment":[{"href":"https:\/\/www.puertasalvarez.com\/website\/wp-json\/wp\/v2\/media?parent=1452"}],"curies":[{"name":"wp","href":"https:\/\/api.w.org\/{rel}","templated":true}]}}