{"id":16761,"date":"2017-03-08T17:57:37","date_gmt":"2017-03-08T17:57:37","guid":{"rendered":"http:\/\/www.puertasalvarez.com\/website\/?page_id=16761"},"modified":"2018-08-13T06:37:26","modified_gmt":"2018-08-13T06:37:26","slug":"aviso-legal","status":"publish","type":"page","link":"https:\/\/www.puertasalvarez.com\/website\/aviso-legal\/","title":{"rendered":"AVISO LEGAL"},"content":{"rendered":"<p>[vc_row css_animation=\u00bb\u00bb row_type=\u00bbrow\u00bb use_row_as_full_screen_section=\u00bbno\u00bb type=\u00bbfull_width\u00bb angled_section=\u00bbno\u00bb text_align=\u00bbleft\u00bb background_image_as_pattern=\u00bbwithout_pattern\u00bb css=\u00bb.vc_custom_1488998346421{padding-top: 60px !important;padding-right: 150px !important;padding-bottom: 150px !important;padding-left: 150px !important;background-color: #ffffff !important;}\u00bb][vc_column][vc_column_text]<strong><span class=\" bold_verde\">Titularidad<\/span><\/strong><\/p>\n<p style=\"font-weight: 400;\">DATOS IDENTIFICATIVOS:<\/p>\n<p style=\"font-weight: 400;\"><em>Nombre de dominio:\u00a0<a href=\"http:\/\/www.puertasalvarez.com\/\" data-saferedirecturl=\"https:\/\/www.google.com\/url?q=http:\/\/www.puertasalvarez.com&amp;source=gmail&amp;ust=1534228106676000&amp;usg=AFQjCNH_kQjSu-WCVZTu_mhIFFdl5DgN6w\">www.puertasalvarez.com<\/a><\/em><\/p>\n<p style=\"font-weight: 400;\"><em>Nombre comercial: PUERTAS ALVAREZ, S.L.<\/em><\/p>\n<p style=\"font-weight: 400;\"><em>Denominaci\u00f3n social: PUERTAS \u00c1LVAREZ, S.L.<\/em><\/p>\n<p style=\"font-weight: 400;\"><em>NIF: B12490702<\/em><\/p>\n<p style=\"font-weight: 400;\"><em>Domicilio social: AVDA. MEDITARRANEO 3 , 12400 SEGORBE (CASTELL\u00d3N)<\/em><\/p>\n<p style=\"font-weight: 400;\"><em>Tel\u00e9fono: 964710326<\/em><\/p>\n<p style=\"font-weight: 400;\"><em>e-mail:\u00a0<a href=\"mailto:maribel@puertasalvarez.com\">maribel@puertasalvarez.com<\/a><\/em><\/p>\n<p style=\"font-weight: 400;\"><em>Inscrita en el Registro (Mercantil \/ P\u00fablico): Registro Mercantil de CASTELL\u00d3N, TOMO 947, LIBRO\u00a0<\/em><em>512, FOLIO 57, SECCI\u00d3N 8, HOJA CS-14247, INSCRIPCI\u00d3N 10<\/em><\/p>\n<p>&nbsp;<\/p>\n<p>En cumplimiento con el deber de informaci\u00f3n recogido en art\u00edculo 10 de la Ley 34\/2002, de 11 de julio, de Servicios de la Sociedad de la Informaci\u00f3n y del Comercio Electr\u00f3nico, a continuaci\u00f3n se reflejan los siguientes datos: puertasalvarez.com, es un dominio en Internet de titularidad de PUERTAS ALVAREZ S.L.[\/vc_column_text][vc_column_text css=\u00bb.vc_custom_1488998253893{margin-top: 20px !important;}\u00bb]PUERTAS ALVAREZ S.L. es titular de todos los derechos de propiedad intelectual e industrial de esta p\u00e1gina Web, as\u00ed como de los elementos contenidos en el mismo (a t\u00edtulo enunciativo, im\u00e1genes, fotograf\u00edas, sonido, audio, v\u00eddeo, software o textos; marcas o logotipos, combinaciones de colores, estructura y dise\u00f1o, etc&#8230;).[\/vc_column_text][vc_column_text css=\u00bb.vc_custom_1488998264240{margin-top: 20px !important;}\u00bb]<strong><span class=\" bold_verde\">T\u00e9rminos y condiciones de uso<\/span><\/strong><\/p>\n<p>Se considera usuario del presente sitio Web a cualquiera que acceda y utilice el mismo. La condici\u00f3n de usuario conlleva la total aceptaci\u00f3n de las condiciones establecidas en el presente Aviso Legal y en las especiales que puedan establecerse para determinados servicios y utilidades. Los usuarios adquieren el compromiso de ajustar su actuaci\u00f3n a las citadas condiciones y a observar lo dispuesto por la normativa legal, as\u00ed como a las instrucciones y avisos que se pongan en su conocimiento.[\/vc_column_text][vc_column_text css=\u00bb.vc_custom_1488998270257{margin-top: 20px !important;}\u00bb]El Usuario queda informado, y acepta, que el acceso a la presente Web no supone, en modo alguno, el inicio de una relaci\u00f3n comercial con PUERTAS ALVAREZ S.L.[\/vc_column_text][vc_column_text css=\u00bb.vc_custom_1488998280389{margin-top: 20px !important;}\u00bb]Con car\u00e1cter general las relaciones entre PUERTAS ALVAREZ S.L. con los Usuarios de sus servicios telem\u00e1ticos, presentes en este sitio Web, se encuentran sometidas a la legislaci\u00f3n y jurisdicci\u00f3n espa\u00f1olas.[\/vc_column_text][vc_column_text css=\u00bb.vc_custom_1488998288298{margin-top: 20px !important;}\u00bb]Cuando sea necesaria la utilizaci\u00f3n de una contrase\u00f1a o nombre de usuario para acceder a alg\u00fan contenido o servicio de este sitio Web, el usuario queda obligado a mantenerla en secreto y a hacer de ella un uso diligente. En caso de p\u00e9rdida o utilizaci\u00f3n negligente de la contrase\u00f1a el usuario responder\u00e1 de la utilizaci\u00f3n que de ella hayan podido hacer terceras personas.[\/vc_column_text][vc_column_text css=\u00bb.vc_custom_1488998438745{margin-top: 20px !important;}\u00bb]Los derechos de propiedad intelectual del contenido de las p\u00e1ginas Web, su dise\u00f1o gr\u00e1fico y c\u00f3digos son titularidad de PUERTAS ALVAREZ S.L. En virtud de lo dispuesto en los art\u00edculos 8 y 32.1, p\u00e1rrafo segundo, de la Ley de Propiedad Intelectual, quedan expresamente prohibidas la reproducci\u00f3n, la distribuci\u00f3n y la comunicaci\u00f3n publica, incluida su modalidad de puesta a disposici\u00f3n, de la totalidad o parte de los contenidos de esta p\u00e1gina Web, con fines comerciales, en cualquier soporte y por cualquier medio t\u00e9cnico, sin la autorizaci\u00f3n de PUERTAS ALVAREZ S.L. El usuario se compromete a respetar los derechos de Propiedad Intelectual e Industrial titularidad de PUERTAS ALVAREZ S.L.[\/vc_column_text][vc_column_text css=\u00bb.vc_custom_1488998461260{margin-top: 20px !important;}\u00bb]Todo enlace de terceros a la Web debe serlo a su p\u00e1gina principal, quedando expresamente prohibidos los \u00ablinks profundos\u00bb, el \u00abframing\u00bb y cualquier otro aprovechamiento de los contenidos de la Web, a favor de terceros no autorizado.[\/vc_column_text][vc_column_text css=\u00bb.vc_custom_1488998296918{margin-top: 20px !important;}\u00bb]PUERTAS ALVAREZ S.L. se reserva la facultad de efectuar, en cualquier momento y sin necesidad de previo aviso, modificaciones y actualizaciones de la informaci\u00f3n contenida en la Web, de la configuraci\u00f3n y presentaci\u00f3n de \u00e9sta y de las condiciones de acceso.[\/vc_column_text][vc_column_text css=\u00bb.vc_custom_1488998308150{margin-top: 20px !important;}\u00bb]PUERTAS ALVAREZ S.L. no garantiza la inexistencia de interrupciones o errores en el acceso a la Web o a su contenido, ni que \u00e9ste se encuentre actualizado. PUERTAS ALVAREZ S.L. llevar\u00e1 a cabo, siempre que no concurran causas que lo hagan imposible o de dif\u00edcil ejecuci\u00f3n, y tan pronto tenga noticia de los errores, desconexiones o falta de actualizaci\u00f3n en los contenidos, todas aquellas labores tendentes a subsanar los errores, restablecer la comunicaci\u00f3n y actualizar los contenidos.[\/vc_column_text][vc_column_text css=\u00bb.vc_custom_1488998315050{margin-top: 20px !important;}\u00bb]Tanto el acceso a la Web como el uso no autorizado que pueda efectuarse de la informaci\u00f3n contenida en la misma es de la exclusiva responsabilidad de quien lo realiza. PUERTAS ALVAREZ S.L. no responder\u00e1 de ninguna consecuencia, da\u00f1o o perjuicio que pudieran derivarse de dicho acceso o uso. PUERTAS ALVAREZ S.L. no se hace responsable de los errores de seguridad, que se puedan producir ni de los da\u00f1os que puedan causarse al sistema inform\u00e1tico del usuario (hardware y software), o a los ficheros o documentos almacenados en el mismo.[\/vc_column_text][\/vc_column][\/vc_row]<\/p>\n","protected":false},"excerpt":{"rendered":"<p>[vc_row css_animation=\u00bb\u00bb row_type=\u00bbrow\u00bb use_row_as_full_screen_section=\u00bbno\u00bb type=\u00bbfull_width\u00bb angled_section=\u00bbno\u00bb text_align=\u00bbleft\u00bb background_image_as_pattern=\u00bbwithout_pattern\u00bb css=\u00bb.vc_custom_1488998346421{padding-top: 60px !important;padding-right: 150px !important;padding-bottom: 150px !important;padding-left: 150px !important;background-color: #ffffff !important;}\u00bb][vc_column][vc_column_text]Titularidad DATOS IDENTIFICATIVOS: Nombre de dominio:\u00a0www.puertasalvarez.com Nombre comercial: PUERTAS ALVAREZ, S.L. Denominaci\u00f3n social: PUERTAS \u00c1LVAREZ, S.L. NIF: B12490702 Domicilio social: AVDA. MEDITARRANEO 3 , 12400 SEGORBE (CASTELL\u00d3N)&#8230;<\/p>\n","protected":false},"author":1,"featured_media":0,"parent":0,"menu_order":0,"comment_status":"closed","ping_status":"closed","template":"full_width.php","meta":{"footnotes":""},"_links":{"self":[{"href":"https:\/\/www.puertasalvarez.com\/website\/wp-json\/wp\/v2\/pages\/16761"}],"collection":[{"href":"https:\/\/www.puertasalvarez.com\/website\/wp-json\/wp\/v2\/pages"}],"about":[{"href":"https:\/\/www.puertasalvarez.com\/website\/wp-json\/wp\/v2\/types\/page"}],"author":[{"embeddable":true,"href":"https:\/\/www.puertasalvarez.com\/website\/wp-json\/wp\/v2\/users\/1"}],"replies":[{"embeddable":true,"href":"https:\/\/www.puertasalvarez.com\/website\/wp-json\/wp\/v2\/comments?post=16761"}],"version-history":[{"count":23,"href":"https:\/\/www.puertasalvarez.com\/website\/wp-json\/wp\/v2\/pages\/16761\/revisions"}],"predecessor-version":[{"id":17771,"href":"https:\/\/www.puertasalvarez.com\/website\/wp-json\/wp\/v2\/pages\/16761\/revisions\/17771"}],"wp:attachment":[{"href":"https:\/\/www.puertasalvarez.com\/website\/wp-json\/wp\/v2\/media?parent=16761"}],"curies":[{"name":"wp","href":"https:\/\/api.w.org\/{rel}","templated":true}]}}