{"id":16874,"date":"2017-03-09T16:31:59","date_gmt":"2017-03-09T16:31:59","guid":{"rendered":"http:\/\/www.puertasalvarez.com\/website\/?page_id=16874"},"modified":"2022-11-17T11:53:03","modified_gmt":"2022-11-17T11:53:03","slug":"puertas-de-registro","status":"publish","type":"page","link":"https:\/\/www.puertasalvarez.com\/website\/puertas-de-registro\/","title":{"rendered":"PUERTAS DE REGISTRO"},"content":{"rendered":"<p>[vc_row css_animation=\u00bb\u00bb row_type=\u00bbrow\u00bb use_row_as_full_screen_section=\u00bbno\u00bb type=\u00bbfull_width\u00bb angled_section=\u00bbno\u00bb text_align=\u00bbleft\u00bb background_image_as_pattern=\u00bbwithout_pattern\u00bb css=\u00bb.vc_custom_1488954562070{background-color: #ffffff !important;}\u00bb][vc_column width=\u00bb1\/2&#8243; css=\u00bb.vc_custom_1488986729360{padding-top: 50px !important;padding-right: 50px !important;padding-bottom: 50px !important;padding-left: 80px !important;}\u00bb][vc_column_text]<\/p>\n<h1 style=\"text-align: right;\">PUERTAS DE REGISTRO<\/h1>\n<h3 style=\"text-align: right;\">ASCENSORES<\/h3>\n<p>[\/vc_column_text][vc_separator type=\u00bbsmall\u00bb position=\u00bbright\u00bb thickness=\u00bb1&#8243; width=\u00bb280&#8243;][vc_column_text]<\/p>\n<p style=\"text-align: right;\"><strong><span class=\"bold\">MEDIDAS<\/span><\/strong> (Ancho x Alto):<\/p>\n<p style=\"text-align: right;\"><span class=\"bold_verde\">LUZ DE OBRA<\/span> = 700 x 700 mm.<br \/>\n<span class=\"bold_verde\">LUZ DE PASO <\/span>= 620 x 620 mm.<\/p>\n<p style=\"text-align: right;\">.<\/p>\n<p>[\/vc_column_text][\/vc_column][vc_column width=\u00bb1\/2&#8243; css=\u00bb.vc_custom_1488973520974{margin-left: 0px !important;padding-left: 0px !important;}\u00bb][vc_single_image image=\u00bb16895&#8243; img_size=\u00bbfull\u00bb alignment=\u00bbright\u00bb qode_css_animation=\u00bb\u00bb][\/vc_column][\/vc_row][vc_row css_animation=\u00bb\u00bb row_type=\u00bbrow\u00bb use_row_as_full_screen_section=\u00bbno\u00bb type=\u00bbfull_width\u00bb angled_section=\u00bbno\u00bb text_align=\u00bbleft\u00bb background_image_as_pattern=\u00bbwithout_pattern\u00bb css=\u00bb.vc_custom_1488954562070{background-color: #ffffff !important;}\u00bb][vc_column width=\u00bb1\/2&#8243; css=\u00bb.vc_custom_1488986753756{padding-top: 50px !important;padding-right: 50px !important;padding-bottom: 50px !important;padding-left: 80px !important;}\u00bb][vc_column_text]<\/p>\n<h2 style=\"text-align: right;\">PUERTAS DE REGISTRO<\/h2>\n<h3 style=\"text-align: right;\">CONTADORES DE GAS Y ELECTRICIDAD<\/h3>\n<p>[\/vc_column_text][vc_separator type=\u00bbsmall\u00bb position=\u00bbright\u00bb thickness=\u00bb1&#8243; width=\u00bb290&#8243;][vc_column_text]<\/p>\n<p style=\"text-align: right;\"><strong><span class=\"bold\">MEDIDAS<\/span><\/strong> (Ancho x Alto):<\/p>\n<p style=\"text-align: right;\"><span class=\"bold_verde\">LUZ DE OBRA<\/span> &#8212;&#8212;&#8211; <span class=\"bold_verde\">LUZ DE PASO<\/span><br \/>\n785 x 1490 mm. &#8212;&#8211; 710 x 1410 mm.<br \/>\n785 x 1090 mm. &#8212;&#8211; 710 x 1010 mm.<br \/>\n660 x 590 mm. &#8212;&#8212; 580 x 485 mm.<\/p>\n<p>[\/vc_column_text][\/vc_column][vc_column width=\u00bb1\/2&#8243;][vc_single_image image=\u00bb16901&#8243; img_size=\u00bbfull\u00bb alignment=\u00bbright\u00bb qode_css_animation=\u00bb\u00bb css=\u00bb.vc_custom_1489081166096{margin-left: -15px !important;padding-left: -15px !important;}\u00bb][\/vc_column][\/vc_row][vc_row css_animation=\u00bb\u00bb row_type=\u00bbrow\u00bb use_row_as_full_screen_section=\u00bbno\u00bb type=\u00bbfull_width\u00bb angled_section=\u00bbno\u00bb text_align=\u00bbleft\u00bb background_image_as_pattern=\u00bbwithout_pattern\u00bb css=\u00bb.vc_custom_1488966105654{background-color: #84aa35 !important;}\u00bb][vc_column width=\u00bb1\/2&#8243;][vc_row_inner row_type=\u00bbrow\u00bb type=\u00bbfull_width\u00bb text_align=\u00bbleft\u00bb css_animation=\u00bb\u00bb css=\u00bb.vc_custom_1488975069060{margin-top: 60px !important;margin-bottom: 30px !important;}\u00bb][vc_column_inner width=\u00bb1\/6&#8243;]<span data-type=\"normal\"  class=\"qode_icon_shortcode  q_font_awsome_icon fa-2x pull-right \" style=\" \"><i class=\"qode_icon_font_awesome fa fa-file-text qode_icon_element\" style=\"color: #d4e5b1;\" ><\/i><\/span>[\/vc_column_inner][vc_column_inner width=\u00bb5\/6&#8243;]<div class=\"custom_font_holder\" style=\"font-family: Montserrat; font-size: 17px; line-height: 26px; font-style: normal; font-weight: 500; color: #ffffff; text-decoration: none; text-align: left;\">CARACTER\u00cdSTICAS T\u00c9CNICAS<\/div>[vc_separator type=\u00bbsmall\u00bb position=\u00bbleft\u00bb color=\u00bb#ffffff\u00bb thickness=\u00bb1&#8243; width=\u00bb250&#8243;][vc_column_text]<\/p>\n<h3><span style=\"color: #ffffff;\"><strong>P. R. PARA AS<\/strong><strong>CENSORES<\/strong><\/span><\/h3>\n<p><span style=\"color: #ffffff;\"><strong>\u2022<\/strong> Fabricadas con 2 planchas galvanizadas en acero, ensambladas con plegados.<\/span><\/p>\n<p><span style=\"color: #ffffff;\"><strong>\u2022<\/strong> Marco perfilado de chapa de acero galvanizado con garras de sujeci\u00f3n.<\/span><\/p>\n<p><span style=\"color: #ffffff;\"><strong>\u2022<\/strong> Cerradura llave exterior e interior.<\/span><\/p>\n<p><span style=\"color: #ffffff;\"><strong>\u2022<\/strong> Opcional pomo de seguridad.<\/span>[\/vc_column_text][vc_column_text css=\u00bb.vc_custom_1494840443431{margin-top: 20px !important;}\u00bb]<\/p>\n<h3><span style=\"color: #ffffff;\"><strong>P. R. PARA CONTADORES DE AGUA<\/strong><\/span><\/h3>\n<p><span style=\"color: #ffffff;\"><strong>\u2022<\/strong> Se suministra totalmente galvanizada.<\/span><\/p>\n<p><span style=\"color: #ffffff;\"><strong>\u2022<\/strong> Cerradura de cuadrillo con su llave.<\/span>[\/vc_column_text][vc_column_text css=\u00bb.vc_custom_1494840453299{margin-top: 20px !important;}\u00bb]<\/p>\n<h3><span style=\"color: #ffffff;\"><strong>P. R. PARA CONTADORES \u00a0DE GAS Y ELECTRICIDAD<\/strong><\/span><\/h3>\n<p><span style=\"color: #ffffff;\"><strong>\u2022<\/strong> Marco abierto con garras para la obra.<\/span><\/p>\n<p><span style=\"color: #ffffff;\"><strong>\u2022<\/strong> Hoja con troneras de ventilaci\u00f3n.<\/span><\/p>\n<p><span style=\"color: #ffffff;\"><strong>\u2022<\/strong> Cerradura de H.E. espacial de tri\u00e1ngulo.<\/span><\/p>\n<p><span style=\"color: #ffffff;\"><strong>\u2022<\/strong> Acabado totalmente galvanizado.<\/span>[\/vc_column_text][\/vc_column_inner][\/vc_row_inner][\/vc_column][vc_column width=\u00bb1\/2&#8243;][vc_row_inner row_type=\u00bbrow\u00bb type=\u00bbfull_width\u00bb text_align=\u00bbleft\u00bb css_animation=\u00bb\u00bb css=\u00bb.vc_custom_1488975069060{margin-top: 60px !important;margin-bottom: 30px !important;}\u00bb][vc_column_inner width=\u00bb1\/6&#8243;]<span data-type=\"normal\"  class=\"qode_icon_shortcode  q_font_awsome_icon fa-2x pull-right \" style=\" \"><i class=\"qode_icon_font_awesome fa fa-hand-o-right qode_icon_element\" style=\"color: #d4e5b1;\" ><\/i><\/span>[\/vc_column_inner][vc_column_inner width=\u00bb5\/6&#8243;]<div class=\"custom_font_holder\" style=\"font-family: Montserrat; font-size: 30px; line-height: 32px; font-style: normal; font-weight: 300; color: #ffffff; text-decoration: none; margin: 0px 150px 50px 0px; text-align: left;\">PUERTAS DE REGISTRO DE CALIDAD, EN MEDIDAS EST\u00c1NDAR Y DE F\u00c1CIL INSTALACI\u00d3N EN OBRA.<\/div>[\/vc_column_inner][\/vc_row_inner][\/vc_column][\/vc_row]<\/p>\n","protected":false},"excerpt":{"rendered":"<p>[vc_row css_animation=\u00bb\u00bb row_type=\u00bbrow\u00bb use_row_as_full_screen_section=\u00bbno\u00bb type=\u00bbfull_width\u00bb angled_section=\u00bbno\u00bb text_align=\u00bbleft\u00bb background_image_as_pattern=\u00bbwithout_pattern\u00bb css=\u00bb.vc_custom_1488954562070{background-color: #ffffff !important;}\u00bb][vc_column width=\u00bb1\/2&#8243; css=\u00bb.vc_custom_1488986729360{padding-top: 50px !important;padding-right: 50px !important;padding-bottom: 50px !important;padding-left: 80px !important;}\u00bb][vc_column_text] PUERTAS DE REGISTRO ASCENSORES [\/vc_column_text][vc_separator type=\u00bbsmall\u00bb position=\u00bbright\u00bb thickness=\u00bb1&#8243; width=\u00bb280&#8243;][vc_column_text] MEDIDAS (Ancho x Alto): LUZ DE OBRA = 700 x 700 mm. LUZ DE PASO&#8230;<\/p>\n","protected":false},"author":1,"featured_media":0,"parent":0,"menu_order":0,"comment_status":"open","ping_status":"closed","template":"full_width.php","meta":{"footnotes":""},"_links":{"self":[{"href":"https:\/\/www.puertasalvarez.com\/website\/wp-json\/wp\/v2\/pages\/16874"}],"collection":[{"href":"https:\/\/www.puertasalvarez.com\/website\/wp-json\/wp\/v2\/pages"}],"about":[{"href":"https:\/\/www.puertasalvarez.com\/website\/wp-json\/wp\/v2\/types\/page"}],"author":[{"embeddable":true,"href":"https:\/\/www.puertasalvarez.com\/website\/wp-json\/wp\/v2\/users\/1"}],"replies":[{"embeddable":true,"href":"https:\/\/www.puertasalvarez.com\/website\/wp-json\/wp\/v2\/comments?post=16874"}],"version-history":[{"count":30,"href":"https:\/\/www.puertasalvarez.com\/website\/wp-json\/wp\/v2\/pages\/16874\/revisions"}],"predecessor-version":[{"id":17870,"href":"https:\/\/www.puertasalvarez.com\/website\/wp-json\/wp\/v2\/pages\/16874\/revisions\/17870"}],"wp:attachment":[{"href":"https:\/\/www.puertasalvarez.com\/website\/wp-json\/wp\/v2\/media?parent=16874"}],"curies":[{"name":"wp","href":"https:\/\/api.w.org\/{rel}","templated":true}]}}