{"id":16939,"date":"2017-03-09T21:10:55","date_gmt":"2017-03-09T21:10:55","guid":{"rendered":"http:\/\/www.puertasalvarez.com\/website\/?page_id=16939"},"modified":"2017-07-27T09:50:10","modified_gmt":"2017-07-27T09:50:10","slug":"puertas-de-seguridad","status":"publish","type":"page","link":"https:\/\/www.puertasalvarez.com\/website\/puertas-de-seguridad\/","title":{"rendered":"PUERTAS DE SEGURIDAD"},"content":{"rendered":"<p>[vc_row css_animation=\u00bb\u00bb row_type=\u00bbrow\u00bb use_row_as_full_screen_section=\u00bbno\u00bb type=\u00bbfull_width\u00bb angled_section=\u00bbno\u00bb text_align=\u00bbleft\u00bb background_image_as_pattern=\u00bbwithout_pattern\u00bb css=\u00bb.vc_custom_1488988247065{padding-top: 50px !important;background-color: #f2f2f2 !important;}\u00bb][vc_column width=\u00bb1\/4&#8243;][\/vc_column][vc_column width=\u00bb1\/2&#8243;][vc_row_inner row_type=\u00bbrow\u00bb type=\u00bbfull_width\u00bb text_align=\u00bbleft\u00bb css_animation=\u00bb\u00bb][vc_column_inner width=\u00bb1\/4&#8243;][vc_single_image image=\u00bb17203&#8243; img_size=\u00bb136&#215;136&#8243; alignment=\u00bbcenter\u00bb style=\u00bbvc_box_border_circle_2&#8243; border_color=\u00bbwhite\u00bb qode_css_animation=\u00bb\u00bb][\/vc_column_inner][vc_column_inner width=\u00bb1\/4&#8243;][vc_single_image image=\u00bb17208&#8243; img_size=\u00bb136&#215;136&#8243; alignment=\u00bbcenter\u00bb style=\u00bbvc_box_border_circle_2&#8243; border_color=\u00bbwhite\u00bb qode_css_animation=\u00bb\u00bb][\/vc_column_inner][vc_column_inner width=\u00bb1\/4&#8243;][vc_single_image image=\u00bb17213&#8243; img_size=\u00bb136&#215;136&#8243; alignment=\u00bbcenter\u00bb style=\u00bbvc_box_border_circle_2&#8243; border_color=\u00bbwhite\u00bb qode_css_animation=\u00bb\u00bb][\/vc_column_inner][vc_column_inner width=\u00bb1\/4&#8243;][vc_single_image image=\u00bb17239&#8243; img_size=\u00bb136&#215;136&#8243; alignment=\u00bbcenter\u00bb style=\u00bbvc_box_border_circle_2&#8243; border_color=\u00bbwhite\u00bb qode_css_animation=\u00bb\u00bb][\/vc_column_inner][\/vc_row_inner][\/vc_column][vc_column width=\u00bb1\/4&#8243;][\/vc_column][\/vc_row][vc_row css_animation=\u00bb\u00bb row_type=\u00bbrow\u00bb use_row_as_full_screen_section=\u00bbno\u00bb type=\u00bbfull_width\u00bb angled_section=\u00bbno\u00bb text_align=\u00bbleft\u00bb background_image_as_pattern=\u00bbwithout_pattern\u00bb css=\u00bb.vc_custom_1488985889489{background-color: #f2f2f2 !important;}\u00bb][vc_column]<div class=\"custom_font_holder\" style=\"font-family: Montserrat; font-size: 42px; line-height: 26px; font-style: normal; font-weight: 300; color: #84aa35; text-decoration: none; margin: 30px 50px 30px 50px; text-align: center;\">Galvanizadas, Lacadas o en Color Madera<\/div>[vc_separator type=\u00bbsmall\u00bb position=\u00bbcenter\u00bb thickness=\u00bb1&#8243; width=\u00bb400&#8243;][vc_column_text css=\u00bb.vc_custom_1489093850283{margin-right: 200px !important;margin-bottom: 50px !important;margin-left: 200px !important;}\u00bb]<\/p>\n<p style=\"text-align: center;\">Puertas \u00c1lvarez, S.L. en la l\u00ednea que se ha impuesto de ofrecer a sus clientes la gama m\u00e1s completa posible de puertas met\u00e1licas para paso de peat\u00f3n, les presenta las PUERTAS MET\u00c1LICAS DE SEGURIDAD, que disponen adem\u00e1s de un aislamiento t\u00e9rmico y ac\u00fastico muy notable y sin duda superior a las de madera.<\/p>\n<p>[\/vc_column_text][\/vc_column][\/vc_row][vc_row css_animation=\u00bb\u00bb row_type=\u00bbrow\u00bb use_row_as_full_screen_section=\u00bbno\u00bb type=\u00bbfull_width\u00bb angled_section=\u00bbno\u00bb text_align=\u00bbleft\u00bb background_image_as_pattern=\u00bbwithout_pattern\u00bb css=\u00bb.vc_custom_1488954562070{background-color: #ffffff !important;}\u00bb][vc_column width=\u00bb1\/2&#8243; css=\u00bb.vc_custom_1489095516881{padding-top: 50px !important;padding-right: 50px !important;padding-bottom: 50px !important;padding-left: 80px !important;}\u00bb][vc_column_text]<\/p>\n<h2 style=\"text-align: right;\">MODELO ALBUFERA<\/h2>\n<p>[\/vc_column_text][vc_separator type=\u00bbsmall\u00bb position=\u00bbright\u00bb thickness=\u00bb1&#8243; width=\u00bb230&#8243;][vc_column_text]<\/p>\n<p style=\"text-align: right;\">Se suministran totalmente embalada en su caja de cart\u00f3n.<\/p>\n<p>[\/vc_column_text][vc_column_text css=\u00bb.vc_custom_1493985626540{margin-top: 20px !important;}\u00bb]<\/p>\n<p style=\"text-align: right;\">Posee cerradura de seguridad con 3 puntos adem\u00e1s de incluir dos bulones anti-palanca. Apertura mediante pomo o manivela.<\/p>\n<p>[\/vc_column_text][vc_column_text css=\u00bb.vc_custom_1500572186037{margin-top: 20px !important;}\u00bb]<\/p>\n<p style=\"text-align: right;\"><span style=\"color: #84aa35;\"><strong><span class=\"bold_verde\">Colores disponibles:<\/span><\/strong><\/span><br \/>\nLacado blanco, PVC (nogal y roble), galvanizada.<\/p>\n<p>[\/vc_column_text][\/vc_column][vc_column width=\u00bb1\/2&#8243; css=\u00bb.vc_custom_1488973520974{margin-left: 0px !important;padding-left: 0px !important;}\u00bb][vc_single_image image=\u00bb16962&#8243; img_size=\u00bbfull\u00bb alignment=\u00bbright\u00bb qode_css_animation=\u00bb\u00bb][\/vc_column][\/vc_row][vc_row css_animation=\u00bb\u00bb row_type=\u00bbrow\u00bb use_row_as_full_screen_section=\u00bbno\u00bb type=\u00bbfull_width\u00bb angled_section=\u00bbno\u00bb text_align=\u00bbleft\u00bb background_image_as_pattern=\u00bbwithout_pattern\u00bb css=\u00bb.vc_custom_1488954562070{background-color: #ffffff !important;}\u00bb][vc_column width=\u00bb1\/2&#8243;][vc_single_image image=\u00bb17107&#8243; img_size=\u00bbfull\u00bb qode_css_animation=\u00bb\u00bb css=\u00bb.vc_custom_1489483870350{margin-right: -15px !important;padding-right: -15px !important;}\u00bb][\/vc_column][vc_column width=\u00bb1\/2&#8243; css=\u00bb.vc_custom_1488986737854{padding-top: 50px !important;padding-right: 80px !important;padding-bottom: 50px !important;padding-left: 50px !important;}\u00bb][vc_column_text]<\/p>\n<h2>MODELO VEDAT<\/h2>\n<p>[\/vc_column_text][vc_separator type=\u00bbsmall\u00bb position=\u00bbleft\u00bb thickness=\u00bb1&#8243; width=\u00bb210&#8243;][vc_column_text]Con estos nuevos productos unidos a nuestra amplia gama de puertas met\u00e1licas de paso, pretendemos facilitar todav\u00eda m\u00e1s su labor.[\/vc_column_text][vc_column_text css=\u00bb.vc_custom_1489096196702{margin-top: 20px !important;}\u00bb]Posee cerradura de seguridad con 3 puntos y junta de goma adem\u00e1s de incluir dos bulones antipalanca. Apertura mediante pomo o manivela.[\/vc_column_text][vc_column_text css=\u00bb.vc_custom_1500572209527{margin-top: 20px !important;}\u00bb]<span style=\"color: #84aa35;\"><strong><span class=\"bold_verde\">Colores disponibles:<\/span><\/strong><\/span><br \/>\nLacado blanco, PVC (nogal y roble).[\/vc_column_text][\/vc_column][\/vc_row][vc_row css_animation=\u00bb\u00bb row_type=\u00bbrow\u00bb use_row_as_full_screen_section=\u00bbno\u00bb type=\u00bbfull_width\u00bb angled_section=\u00bbno\u00bb text_align=\u00bbleft\u00bb background_image_as_pattern=\u00bbwithout_pattern\u00bb css=\u00bb.vc_custom_1488966105654{background-color: #84aa35 !important;}\u00bb][vc_column width=\u00bb1\/2&#8243;][vc_row_inner row_type=\u00bbrow\u00bb type=\u00bbfull_width\u00bb text_align=\u00bbleft\u00bb css_animation=\u00bb\u00bb css=\u00bb.vc_custom_1488975069060{margin-top: 60px !important;margin-bottom: 30px !important;}\u00bb][vc_column_inner width=\u00bb1\/6&#8243;]<span data-type=\"normal\"  class=\"qode_icon_shortcode  q_font_awsome_icon fa-2x pull-right \" style=\" \"><i class=\"qode_icon_font_awesome fa fa-file-text qode_icon_element\" style=\"color: #d4e5b1;\" ><\/i><\/span>[\/vc_column_inner][vc_column_inner width=\u00bb5\/6&#8243;]<div class=\"custom_font_holder\" style=\"font-family: Montserrat; font-size: 17px; line-height: 26px; font-style: normal; font-weight: 500; color: #ffffff; text-decoration: none; text-align: left;\">CARACTER\u00cdSTICAS T\u00c9CNICAS<\/div>[vc_separator type=\u00bbsmall\u00bb position=\u00bbleft\u00bb color=\u00bb#ffffff\u00bb thickness=\u00bb1&#8243; width=\u00bb250&#8243;][vc_column_text]<span style=\"color: #ffffff;\"><strong>\u2022 Cerradura de 3 puntos.<\/strong><\/span><\/p>\n<p><span style=\"color: #ffffff;\"><strong>\u2022 Moldura Semiprovenzal a una cara<\/strong> (Mod. Vedat).<\/span><\/p>\n<p><span style=\"color: #ffffff;\"><strong>\u2022 Colores blanco, PVC<\/strong> (nogal y roble) <strong>y galvanizada<\/strong> (mod. Albufera).<\/span><\/p>\n<p><span style=\"color: #ffffff;\"><strong>\u2022 Junta herm\u00e9tica<\/strong> (Mod. Vedat).<\/span><\/p>\n<p><span style=\"color: #ffffff;\"><strong>\u2022 Bulones anti-palanca entre bisagras<\/strong> (2 uds.).<\/span><\/p>\n<p><span style=\"color: #ffffff;\"><strong>\u2022 Puerta con tres bisagras de dise\u00f1o.<\/strong><\/span><\/p>\n<p><span style=\"color: #ffffff;\"><strong>\u2022 Manivela anti-enganche de polipropileno negro a ambas caras, como opcional tenemos manivela \/pomo en polipropileno negro y en inox.<\/strong><\/span><\/p>\n<p><span style=\"color: #ffffff;\"><strong>\u2022 Marco C\/70<\/strong> (Ver ficha tecnica en PDF).<\/span><\/p>\n<p><span style=\"color: #ffffff;\"><strong>\u2022 Puerta con espuma de poliuretano en su interior<\/strong> (mod. Vedat).<\/span><\/p>\n<p><span style=\"color: #ffffff;\"><strong>\u2022 Cilindro antirrotura y llave de seguridad.<\/strong><\/span>[\/vc_column_text][\/vc_column_inner][\/vc_row_inner][\/vc_column][vc_column width=\u00bb1\/2&#8243;][vc_row_inner row_type=\u00bbrow\u00bb type=\u00bbfull_width\u00bb text_align=\u00bbleft\u00bb css_animation=\u00bb\u00bb css=\u00bb.vc_custom_1488975069060{margin-top: 60px !important;margin-bottom: 30px !important;}\u00bb][vc_column_inner width=\u00bb1\/6&#8243;]<span data-type=\"normal\"  class=\"qode_icon_shortcode  q_font_awsome_icon fa-2x pull-right \" style=\" \"><i class=\"qode_icon_font_awesome fa fa-cube qode_icon_element\" style=\"color: #d4e5b1;\" ><\/i><\/span>[\/vc_column_inner][vc_column_inner width=\u00bb5\/6&#8243;]<div class=\"custom_font_holder\" style=\"font-family: Montserrat; font-size: 17px; line-height: 26px; font-style: normal; font-weight: 500; color: #ffffff; text-decoration: none; text-align: left;\">PALETIZACI\u00d3N<\/div>[vc_separator type=\u00bbsmall\u00bb position=\u00bbleft\u00bb color=\u00bb#ffffff\u00bb thickness=\u00bb1&#8243; width=\u00bb250&#8243;][vc_column_text]<span style=\"color: #ffffff;\">MC70 &#8211; 12 uds. \/ Palet.<\/span>[\/vc_column_text][vc_single_image image=\u00bb17305&#8243; img_size=\u00bbfull\u00bb qode_css_animation=\u00bb\u00bb css=\u00bb.vc_custom_1494848819810{margin-top: 20px !important;}\u00bb][vc_column_text]<span style=\"color: #ffffff;\">Mod. Albufera: A=810\/910 mm. B=1.200 mm. C=2.320 mm.<\/span><br \/>\n<span style=\"color: #ffffff;\">Mod. Vedat: A=1.000 mm. B=1.250 mm. C=2.320 mm.<\/span>[\/vc_column_text][\/vc_column_inner][\/vc_row_inner][\/vc_column][\/vc_row]<\/p>\n","protected":false},"excerpt":{"rendered":"<p>[vc_row css_animation=\u00bb\u00bb row_type=\u00bbrow\u00bb use_row_as_full_screen_section=\u00bbno\u00bb type=\u00bbfull_width\u00bb angled_section=\u00bbno\u00bb text_align=\u00bbleft\u00bb background_image_as_pattern=\u00bbwithout_pattern\u00bb css=\u00bb.vc_custom_1488988247065{padding-top: 50px !important;background-color: #f2f2f2 !important;}\u00bb][vc_column width=\u00bb1\/4&#8243;][\/vc_column][vc_column width=\u00bb1\/2&#8243;][vc_row_inner row_type=\u00bbrow\u00bb type=\u00bbfull_width\u00bb text_align=\u00bbleft\u00bb css_animation=\u00bb\u00bb][vc_column_inner width=\u00bb1\/4&#8243;][vc_single_image image=\u00bb17203&#8243; img_size=\u00bb136&#215;136&#8243; alignment=\u00bbcenter\u00bb style=\u00bbvc_box_border_circle_2&#8243; border_color=\u00bbwhite\u00bb qode_css_animation=\u00bb\u00bb][\/vc_column_inner][vc_column_inner width=\u00bb1\/4&#8243;][vc_single_image image=\u00bb17208&#8243; img_size=\u00bb136&#215;136&#8243; alignment=\u00bbcenter\u00bb style=\u00bbvc_box_border_circle_2&#8243; border_color=\u00bbwhite\u00bb qode_css_animation=\u00bb\u00bb][\/vc_column_inner][vc_column_inner width=\u00bb1\/4&#8243;][vc_single_image image=\u00bb17213&#8243; img_size=\u00bb136&#215;136&#8243; alignment=\u00bbcenter\u00bb style=\u00bbvc_box_border_circle_2&#8243; border_color=\u00bbwhite\u00bb qode_css_animation=\u00bb\u00bb][\/vc_column_inner][vc_column_inner width=\u00bb1\/4&#8243;][vc_single_image image=\u00bb17239&#8243; img_size=\u00bb136&#215;136&#8243; alignment=\u00bbcenter\u00bb style=\u00bbvc_box_border_circle_2&#8243;&#8230;<\/p>\n","protected":false},"author":1,"featured_media":0,"parent":0,"menu_order":0,"comment_status":"open","ping_status":"closed","template":"full_width.php","meta":{"footnotes":""},"_links":{"self":[{"href":"https:\/\/www.puertasalvarez.com\/website\/wp-json\/wp\/v2\/pages\/16939"}],"collection":[{"href":"https:\/\/www.puertasalvarez.com\/website\/wp-json\/wp\/v2\/pages"}],"about":[{"href":"https:\/\/www.puertasalvarez.com\/website\/wp-json\/wp\/v2\/types\/page"}],"author":[{"embeddable":true,"href":"https:\/\/www.puertasalvarez.com\/website\/wp-json\/wp\/v2\/users\/1"}],"replies":[{"embeddable":true,"href":"https:\/\/www.puertasalvarez.com\/website\/wp-json\/wp\/v2\/comments?post=16939"}],"version-history":[{"count":59,"href":"https:\/\/www.puertasalvarez.com\/website\/wp-json\/wp\/v2\/pages\/16939\/revisions"}],"predecessor-version":[{"id":17429,"href":"https:\/\/www.puertasalvarez.com\/website\/wp-json\/wp\/v2\/pages\/16939\/revisions\/17429"}],"wp:attachment":[{"href":"https:\/\/www.puertasalvarez.com\/website\/wp-json\/wp\/v2\/media?parent=16939"}],"curies":[{"name":"wp","href":"https:\/\/api.w.org\/{rel}","templated":true}]}}