{"id":16966,"date":"2017-03-10T10:24:54","date_gmt":"2017-03-10T10:24:54","guid":{"rendered":"http:\/\/www.puertasalvarez.com\/website\/?page_id=16966"},"modified":"2021-05-18T15:26:12","modified_gmt":"2021-05-18T15:26:12","slug":"homologaciones","status":"publish","type":"page","link":"https:\/\/www.puertasalvarez.com\/website\/homologaciones\/","title":{"rendered":"HOMOLOGACIONES"},"content":{"rendered":"<p>[vc_row css_animation=\u00bb\u00bb row_type=\u00bbrow\u00bb use_row_as_full_screen_section=\u00bbno\u00bb type=\u00bbfull_width\u00bb angled_section=\u00bbno\u00bb text_align=\u00bbleft\u00bb background_image_as_pattern=\u00bbwithout_pattern\u00bb css=\u00bb.vc_custom_1488954562070{background-color: #ffffff !important;}\u00bb][vc_column width=\u00bb1\/2&#8243; css=\u00bb.vc_custom_1489142051124{margin-right: 0px !important;padding-right: 0px !important;}\u00bb][vc_single_image image=\u00bb16976&#8243; img_size=\u00bbfull\u00bb qode_css_animation=\u00bb\u00bb][\/vc_column][vc_column width=\u00bb1\/2&#8243; css=\u00bb.vc_custom_1489141535759{padding-top: 50px !important;padding-right: 80px !important;padding-bottom: 50px !important;padding-left: 50px !important;}\u00bb][vc_column_text]<\/p>\n<h1>LA CALIDAD ES NUESTRO COMPROMISO<\/h1>\n<p>[\/vc_column_text][vc_separator type=\u00bbsmall\u00bb position=\u00bbleft\u00bb thickness=\u00bb1&#8243; width=\u00bb280&#8243;][vc_column_text]<\/p>\n<p style=\"text-align: left;\">Desde sus inicios, Puertas \u00c1lvarez a adquirido un compromiso firme con la calidad de sus productos, por este motivo, a d\u00eda de hoy el material empleado en la fabricaci\u00f3n de hoja y marco de nuestras puertas, cumple con la norma UNE EN-10204, 3.16 EUR.<\/p>\n<p>[\/vc_column_text][vc_column_text css=\u00bb.vc_custom_1489141489191{margin-top: 20px !important;}\u00bb]<\/p>\n<p style=\"text-align: left;\">Para poder ofrecer productos de la m\u00e1xima calidad a un mercado cada d\u00eda m\u00e1s competitivo y exigente, debemos cuidar hasta el m\u00e1s m\u00ednimo detalle. Las cerraduras que acompa\u00f1an a todas las puertas fabricadas por Puertas \u00c1lvarez, cumplen los sistemas de calidad basados en la norma ISO 9001:2000.<\/p>\n<p>[\/vc_column_text][\/vc_column][\/vc_row][vc_row css_animation=\u00bb\u00bb row_type=\u00bbrow\u00bb use_row_as_full_screen_section=\u00bbno\u00bb type=\u00bbfull_width\u00bb angled_section=\u00bbno\u00bb text_align=\u00bbleft\u00bb background_image_as_pattern=\u00bbwithout_pattern\u00bb css=\u00bb.vc_custom_1488954562070{background-color: #ffffff !important;}\u00bb][vc_column width=\u00bb1\/2&#8243; css=\u00bb.vc_custom_1489141614401{padding-top: 50px !important;padding-right: 50px !important;padding-bottom: 50px !important;padding-left: 80px !important;}\u00bb][vc_column_text]<\/p>\n<h2 style=\"text-align: left;\">CERTIFICADOS DE CALIDAD<\/h2>\n<p>[\/vc_column_text][vc_separator type=\u00bbsmall\u00bb position=\u00bbleft\u00bb thickness=\u00bb1&#8243; width=\u00bb210&#8243;][vc_column_text]<\/p>\n<p style=\"text-align: left;\">Disponemos del marcado CE para los dos productos, Poliuretano y Modelo ECO. Si lo desea, puede descargar los archivos de homologaci\u00f3n en formato PDF seleccion\u00e1ndolos del listado que aparece bajo estas l\u00edneas.<\/p>\n<p>[\/vc_column_text][vc_empty_space]<a  itemprop=\"url\" href=\"http:\/\/www.puertasalvarez.com\/website\/wp-content\/uploads\/2021\/05\/ISO_9001_ALVAREZ.pdf\" target=\"_blank\" data-hover-background-color=#426b00 data-hover-border-color=#426b00  class=\"qbutton  center default\" style=\"color: #ffffff; border-color: #84aa35; background-color: #84aa35;\">CALIDAD - 9001: 2015<\/a>[vc_empty_space height=\u00bb26px\u00bb]<a  itemprop=\"url\" href=\"\/website?page_id=17172\" target=\"_self\" data-hover-background-color=#426b00 data-hover-border-color=#426b00  class=\"qbutton  center default\" style=\"color: #ffffff; border-color: #84aa35; background-color: #84aa35;\">MARCADO CE<\/a>[vc_empty_space height=\u00bb26px\u00bb]<a  itemprop=\"url\" href=\"\/website?page_id=17172\" target=\"_self\" data-hover-background-color=#426b00 data-hover-border-color=#426b00  class=\"qbutton  center default\" style=\"color: #ffffff; border-color: #84aa35; background-color: #84aa35;\">MANUAL DE MONTAJE<\/a>[\/vc_column][vc_column width=\u00bb1\/2&#8243; css=\u00bb.vc_custom_1489142085829{margin-left: 0px !important;padding-left: 0px !important;}\u00bb][vc_single_image image=\u00bb17457&#8243; img_size=\u00bbfull\u00bb alignment=\u00bbright\u00bb qode_css_animation=\u00bb\u00bb css=\u00bb.vc_custom_1501777218355{margin-right: -15px !important;padding-right: -15px !important;}\u00bb][\/vc_column][\/vc_row]<\/p>\n","protected":false},"excerpt":{"rendered":"<p>[vc_row css_animation=\u00bb\u00bb row_type=\u00bbrow\u00bb use_row_as_full_screen_section=\u00bbno\u00bb type=\u00bbfull_width\u00bb angled_section=\u00bbno\u00bb text_align=\u00bbleft\u00bb background_image_as_pattern=\u00bbwithout_pattern\u00bb css=\u00bb.vc_custom_1488954562070{background-color: #ffffff !important;}\u00bb][vc_column width=\u00bb1\/2&#8243; css=\u00bb.vc_custom_1489142051124{margin-right: 0px !important;padding-right: 0px !important;}\u00bb][vc_single_image image=\u00bb16976&#8243; img_size=\u00bbfull\u00bb qode_css_animation=\u00bb\u00bb][\/vc_column][vc_column width=\u00bb1\/2&#8243; css=\u00bb.vc_custom_1489141535759{padding-top: 50px !important;padding-right: 80px !important;padding-bottom: 50px !important;padding-left: 50px !important;}\u00bb][vc_column_text] LA CALIDAD ES NUESTRO COMPROMISO [\/vc_column_text][vc_separator type=\u00bbsmall\u00bb position=\u00bbleft\u00bb thickness=\u00bb1&#8243; width=\u00bb280&#8243;][vc_column_text] Desde sus inicios, Puertas \u00c1lvarez&#8230;<\/p>\n","protected":false},"author":1,"featured_media":0,"parent":0,"menu_order":0,"comment_status":"open","ping_status":"closed","template":"full_width.php","meta":{"footnotes":""},"_links":{"self":[{"href":"https:\/\/www.puertasalvarez.com\/website\/wp-json\/wp\/v2\/pages\/16966"}],"collection":[{"href":"https:\/\/www.puertasalvarez.com\/website\/wp-json\/wp\/v2\/pages"}],"about":[{"href":"https:\/\/www.puertasalvarez.com\/website\/wp-json\/wp\/v2\/types\/page"}],"author":[{"embeddable":true,"href":"https:\/\/www.puertasalvarez.com\/website\/wp-json\/wp\/v2\/users\/1"}],"replies":[{"embeddable":true,"href":"https:\/\/www.puertasalvarez.com\/website\/wp-json\/wp\/v2\/comments?post=16966"}],"version-history":[{"count":30,"href":"https:\/\/www.puertasalvarez.com\/website\/wp-json\/wp\/v2\/pages\/16966\/revisions"}],"predecessor-version":[{"id":17864,"href":"https:\/\/www.puertasalvarez.com\/website\/wp-json\/wp\/v2\/pages\/16966\/revisions\/17864"}],"wp:attachment":[{"href":"https:\/\/www.puertasalvarez.com\/website\/wp-json\/wp\/v2\/media?parent=16966"}],"curies":[{"name":"wp","href":"https:\/\/api.w.org\/{rel}","templated":true}]}}